{"id":774,"date":"2021-03-05T10:02:07","date_gmt":"2021-03-05T09:02:07","guid":{"rendered":"https:\/\/hoerakustik-lehmann.de\/cl\/?page_id=774"},"modified":"2021-03-08T10:23:32","modified_gmt":"2021-03-08T09:23:32","slug":"signia-active","status":"publish","type":"page","link":"https:\/\/hoerakustik-lehmann.de\/cl\/signia-active\/","title":{"rendered":"Signia Active"},"content":{"rendered":"[mk_page_section bg_image=&#8220;https:\/\/hoerakustik-lehmann.de\/cl\/wp-content\/uploads\/2021\/03\/signia_banner_active_young-woman_1456x180px.jpg&#8220; bg_color=&#8220;#1d75b1&#8243; bg_position=&#8220;center center&#8220; bg_repeat=&#8220;no-repeat&#8220; bg_stretch=&#8220;true&#8220; adaptive_height=&#8220;true&#8220; max_height=&#8220;1361&#8243; skip_arrow=&#8220;true&#8220; sidebar=&#8220;sidebar-1&#8243;][vc_column][mk_padding_divider size=&#8220;99&#8243; visibility=&#8220;hidden-sm&#8220;][\/vc_column][\/mk_page_section][mk_page_section vertical_align=&#8220;center&#8220; bg_position=&#8220;center top&#8220; bg_repeat=&#8220;repeat-x&#8220; top_shape_color=&#8220;#1d75b1&#8243; sidebar=&#8220;sidebar-1&#8243;][vc_column width=&#8220;2\/3&#8243;][vc_column_text css=&#8220;.vc_custom_1615193283532{margin-bottom: 0px !important;}&#8220;]Hearables, wie z.B. Earbuds, sind moderne kabellose Kopfh\u00f6rer zum Musikh\u00f6ren oder Telefonieren unterwegs. Die kleinen \u201eKn\u00f6pfe im Ohr\u201c sind derzeit absolut in Mode. Mit <strong>Signia Active<\/strong> bieten wir Ihnen ab sofort vollausgestattete H\u00f6rger\u00e4te, die das <strong>moderne Design von Hearables<\/strong> nutzen, und darin fortschrittliche H\u00f6rger\u00e4tetechnologie verstecken.<\/p>\n<p>Mit Signia Active, dem ersten echten H\u00f6rger\u00e4t im Earbud-Design, genie\u00dfen Sie herausragendes Sprachverstehen und intuitiven Bedienkomfort in einem Ger\u00e4t, das aussieht wie ein Hearable:<\/p>\n<p>&nbsp;<\/p>\n<ul>\n<li>\n<h4>100 % H\u00f6rger\u00e4t in einzigartigem Earbud-Design<\/h4>\n<\/li>\n<li>\n<h4>Modernste Klangverarbeitung &amp; herausragendes Sprachverstehen<\/h4>\n<\/li>\n<li>\n<h4>Lithium-Ionen-Akku mit bis zu 18h Laufzeit (inkl. 5h Streaming)<\/h4>\n<\/li>\n<li>\n<h4>Unterwegs aufladen ohne Kabelsalat: Mobiles Lade-Etui mit 3 weiteren Akkuladungen<\/h4>\n<\/li>\n<li>\n<h4>Bluetooth-Streaming: \u00dcbertragen Sie Musik, TV-Ton und Telefonate direkt in die H\u00f6rger\u00e4te.<\/h4>\n<\/li>\n<li>\n<h4>Drei Farbvarianten und zwei Leistungsklassen<\/h4>\n<\/li>\n<\/ul>\n<p>&nbsp;<\/p>\n<p><strong>Signia Active ist in K\u00fcrze bei uns erh\u00e4ltlich!<\/strong><\/p>\n<p>H\u00f6rakustik Lehmann geh\u00f6rt zu den ersten Fachgesch\u00e4ften in Deutschland, die Ihnen dieses neue Highlight pr\u00e4sentieren d\u00fcrfen.<\/p>\n<p><strong>Vereinbaren Sie jetzt Ihren Termin und erleben Sie bei uns gutes H\u00f6ren in nie dagewesener Form live. <\/strong>[\/vc_column_text][\/vc_column][vc_column width=&#8220;1\/3&#8243;][vc_single_image image=&#8220;784&#8243; img_size=&#8220;full&#8220;][\/vc_column][\/mk_page_section][vc_row][vc_column][mk_padding_divider size=&#8220;99&#8243; visibility=&#8220;hidden-sm&#8220;][vc_cta h2=&#8220;Bei uns testen und Probe tragen!&#8220; txt_align=&#8220;center&#8220; shape=&#8220;square&#8220; style=&#8220;flat&#8220; color=&#8220;sky&#8220; add_button=&#8220;right&#8220; btn_title=&#8220;Hier Termin vereinbaren&#8220; btn_style=&#8220;flat&#8220; btn_shape=&#8220;square&#8220; btn_size=&#8220;lg&#8220; btn_link=&#8220;url:https%3A%2F%2Fhoerakustik-lehmann.de%2Fcl%2Fkontakt%23beratung|title:Kontakt||&#8220;]<span style=\"color: #ffffff;\">Jetzt schon Termin vereinbaren. Signia Active ist in K\u00fcrze verf\u00fcgbar.<br \/>\n<\/span>[\/vc_cta][mk_padding_divider size=&#8220;60&#8243;][\/vc_column][\/vc_row]\n","protected":false},"excerpt":{"rendered":"<p>[mk_page_section bg_image=&#8220;https:\/\/hoerakustik-lehmann.de\/cl\/wp-content\/uploads\/2021\/03\/signia_banner_active_young-woman_1456x180px.jpg&#8220; bg_color=&#8220;#1d75b1&#8243; bg_position=&#8220;center center&#8220; bg_repeat=&#8220;no-repeat&#8220; bg_stretch=&#8220;true&#8220; adaptive_height=&#8220;true&#8220; max_height=&#8220;1361&#8243; skip_arrow=&#8220;true&#8220; sidebar=&#8220;sidebar-1&#8243;][vc_column][mk_padding_divider size=&#8220;99&#8243; visibility=&#8220;hidden-sm&#8220;][\/vc_column][\/mk_page_section][mk_page_section vertical_align=&#8220;center&#8220; bg_position=&#8220;center top&#8220; bg_repeat=&#8220;repeat-x&#8220; top_shape_color=&#8220;#1d75b1&#8243; sidebar=&#8220;sidebar-1&#8243;][vc_column width=&#8220;2\/3&#8243;][vc_column_text css=&#8220;.vc_custom_1615193283532{margin-bottom: 0px !important;}&#8220;]Hearables, wie z.B. Earbuds, sind moderne kabellose Kopfh\u00f6rer zum Musikh\u00f6ren oder Telefonieren unterwegs. Die kleinen \u201eKn\u00f6pfe im Ohr\u201c sind derzeit absolut in Mode. Mit Signia Active bieten wir Ihnen ab sofort vollausgestattete H\u00f6rger\u00e4te, [&hellip;]<\/p>\n","protected":false},"author":1,"featured_media":0,"parent":0,"menu_order":0,"comment_status":"closed","ping_status":"closed","template":"","meta":{"_mi_skip_tracking":false,"_monsterinsights_sitenote_active":false,"_monsterinsights_sitenote_note":"","_monsterinsights_sitenote_category":0,"footnotes":""},"class_list":["post-774","page","type-page","status-publish","hentry"],"yoast_head":"<!-- This site is optimized with the Yoast SEO plugin v25.3.1 - https:\/\/yoast.com\/wordpress\/plugins\/seo\/ -->\n<title>Signia Active - H\u00f6rger\u00e4te in Berlin - H\u00f6rakustik Lehmann<\/title>\n<meta name=\"robots\" content=\"index, follow, max-snippet:-1, max-image-preview:large, max-video-preview:-1\" \/>\n<link rel=\"canonical\" href=\"https:\/\/hoerakustik-lehmann.de\/cl\/signia-active\/\" \/>\n<meta property=\"og:locale\" content=\"de_DE\" \/>\n<meta property=\"og:type\" content=\"article\" \/>\n<meta property=\"og:title\" content=\"Signia Active - H\u00f6rger\u00e4te in Berlin - H\u00f6rakustik Lehmann\" \/>\n<meta property=\"og:description\" content=\"[mk_page_section bg_image=&#8220;https:\/\/hoerakustik-lehmann.de\/cl\/wp-content\/uploads\/2021\/03\/signia_banner_active_young-woman_1456x180px.jpg&#8220; bg_color=&#8220;#1d75b1&#8243; bg_position=&#8220;center center&#8220; bg_repeat=&#8220;no-repeat&#8220; bg_stretch=&#8220;true&#8220; adaptive_height=&#8220;true&#8220; max_height=&#8220;1361&#8243; skip_arrow=&#8220;true&#8220; sidebar=&#8220;sidebar-1&#8243;][vc_column][mk_padding_divider size=&#8220;99&#8243; visibility=&#8220;hidden-sm&#8220;][\/vc_column][\/mk_page_section][mk_page_section vertical_align=&#8220;center&#8220; bg_position=&#8220;center top&#8220; bg_repeat=&#8220;repeat-x&#8220; top_shape_color=&#8220;#1d75b1&#8243; sidebar=&#8220;sidebar-1&#8243;][vc_column width=&#8220;2\/3&#8243;][vc_column_text css=&#8220;.vc_custom_1615193283532{margin-bottom: 0px !important;}&#8220;]Hearables, wie z.B. Earbuds, sind moderne kabellose Kopfh\u00f6rer zum Musikh\u00f6ren oder Telefonieren unterwegs. Die kleinen \u201eKn\u00f6pfe im Ohr\u201c sind derzeit absolut in Mode. Mit Signia Active bieten wir Ihnen ab sofort vollausgestattete H\u00f6rger\u00e4te, [&hellip;]\" \/>\n<meta property=\"og:url\" content=\"https:\/\/hoerakustik-lehmann.de\/cl\/signia-active\/\" \/>\n<meta property=\"og:site_name\" content=\"H\u00f6rger\u00e4te in Berlin - H\u00f6rakustik Lehmann\" \/>\n<meta property=\"article:modified_time\" content=\"2021-03-08T09:23:32+00:00\" \/>\n<meta name=\"twitter:card\" content=\"summary_large_image\" \/>\n<meta name=\"twitter:label1\" content=\"Gesch\u00e4tzte Lesezeit\" \/>\n\t<meta name=\"twitter:data1\" content=\"2\u00a0Minuten\" \/>\n<script type=\"application\/ld+json\" class=\"yoast-schema-graph\">{\"@context\":\"https:\/\/schema.org\",\"@graph\":[{\"@type\":\"WebPage\",\"@id\":\"https:\/\/hoerakustik-lehmann.de\/cl\/signia-active\/\",\"url\":\"https:\/\/hoerakustik-lehmann.de\/cl\/signia-active\/\",\"name\":\"Signia Active - H\u00f6rger\u00e4te in Berlin - H\u00f6rakustik Lehmann\",\"isPartOf\":{\"@id\":\"https:\/\/hoerakustik-lehmann.de\/cl\/#website\"},\"datePublished\":\"2021-03-05T09:02:07+00:00\",\"dateModified\":\"2021-03-08T09:23:32+00:00\",\"breadcrumb\":{\"@id\":\"https:\/\/hoerakustik-lehmann.de\/cl\/signia-active\/#breadcrumb\"},\"inLanguage\":\"de\",\"potentialAction\":[{\"@type\":\"ReadAction\",\"target\":[\"https:\/\/hoerakustik-lehmann.de\/cl\/signia-active\/\"]}]},{\"@type\":\"BreadcrumbList\",\"@id\":\"https:\/\/hoerakustik-lehmann.de\/cl\/signia-active\/#breadcrumb\",\"itemListElement\":[{\"@type\":\"ListItem\",\"position\":1,\"name\":\"Startseite\",\"item\":\"https:\/\/hoerakustik-lehmann.de\/cl\/\"},{\"@type\":\"ListItem\",\"position\":2,\"name\":\"Signia Active\"}]},{\"@type\":\"WebSite\",\"@id\":\"https:\/\/hoerakustik-lehmann.de\/cl\/#website\",\"url\":\"https:\/\/hoerakustik-lehmann.de\/cl\/\",\"name\":\"H\u00f6rger\u00e4te in Berlin - H\u00f6rakustik Lehmann\",\"description\":\"H\u00f6r-Beratung, H\u00f6rger\u00e4te und Zubeh\u00f6r\",\"publisher\":{\"@id\":\"https:\/\/hoerakustik-lehmann.de\/cl\/#organization\"},\"potentialAction\":[{\"@type\":\"SearchAction\",\"target\":{\"@type\":\"EntryPoint\",\"urlTemplate\":\"https:\/\/hoerakustik-lehmann.de\/cl\/?s={search_term_string}\"},\"query-input\":{\"@type\":\"PropertyValueSpecification\",\"valueRequired\":true,\"valueName\":\"search_term_string\"}}],\"inLanguage\":\"de\"},{\"@type\":[\"Organization\",\"Place\",\"LocalBusiness\"],\"@id\":\"https:\/\/hoerakustik-lehmann.de\/cl\/#organization\",\"name\":\"H\u00f6rakustik Lehmann\",\"url\":\"https:\/\/hoerakustik-lehmann.de\/cl\/\",\"logo\":{\"@id\":\"https:\/\/hoerakustik-lehmann.de\/cl\/signia-active\/#local-main-organization-logo\"},\"image\":{\"@id\":\"https:\/\/hoerakustik-lehmann.de\/cl\/signia-active\/#local-main-organization-logo\"},\"address\":{\"@id\":\"https:\/\/hoerakustik-lehmann.de\/cl\/signia-active\/#local-main-place-address\"},\"telephone\":[\"Tel. 030 \u2013 209 53 833\"],\"openingHoursSpecification\":[{\"@type\":\"OpeningHoursSpecification\",\"dayOfWeek\":[\"Monday\",\"Tuesday\",\"Wednesday\",\"Thursday\"],\"opens\":\"09:00\",\"closes\":\"18:00\"},{\"@type\":\"OpeningHoursSpecification\",\"dayOfWeek\":[\"Friday\"],\"opens\":\"09:00\",\"closes\":\"13:00\"},{\"@type\":\"OpeningHoursSpecification\",\"dayOfWeek\":[\"Saturday\",\"Sunday\"],\"opens\":\"00:00\",\"closes\":\"00:00\"}],\"email\":\"info@hoerakustik-lehmann.de\"},{\"@type\":\"PostalAddress\",\"@id\":\"https:\/\/hoerakustik-lehmann.de\/cl\/signia-active\/#local-main-place-address\",\"streetAddress\":\"D\u00f6rpfeldstr. 36\",\"addressLocality\":\"Berlin\",\"postalCode\":\"12489\",\"addressCountry\":\"DE\"},{\"@type\":\"ImageObject\",\"inLanguage\":\"de\",\"@id\":\"https:\/\/hoerakustik-lehmann.de\/cl\/signia-active\/#local-main-organization-logo\",\"url\":\"https:\/\/hoerakustik-lehmann.de\/cl\/wp-content\/uploads\/2020\/02\/logo2.png\",\"contentUrl\":\"https:\/\/hoerakustik-lehmann.de\/cl\/wp-content\/uploads\/2020\/02\/logo2.png\",\"width\":579,\"height\":181,\"caption\":\"H\u00f6rakustik Lehmann\"}]}<\/script>\n<meta name=\"geo.placename\" content=\"Berlin\" \/>\n<meta name=\"geo.region\" content=\"Deutschland\" \/>\n<!-- \/ Yoast SEO plugin. -->","yoast_head_json":{"title":"Signia Active - H\u00f6rger\u00e4te in Berlin - H\u00f6rakustik Lehmann","robots":{"index":"index","follow":"follow","max-snippet":"max-snippet:-1","max-image-preview":"max-image-preview:large","max-video-preview":"max-video-preview:-1"},"canonical":"https:\/\/hoerakustik-lehmann.de\/cl\/signia-active\/","og_locale":"de_DE","og_type":"article","og_title":"Signia Active - H\u00f6rger\u00e4te in Berlin - H\u00f6rakustik Lehmann","og_description":"[mk_page_section bg_image=&#8220;https:\/\/hoerakustik-lehmann.de\/cl\/wp-content\/uploads\/2021\/03\/signia_banner_active_young-woman_1456x180px.jpg&#8220; bg_color=&#8220;#1d75b1&#8243; bg_position=&#8220;center center&#8220; bg_repeat=&#8220;no-repeat&#8220; bg_stretch=&#8220;true&#8220; adaptive_height=&#8220;true&#8220; max_height=&#8220;1361&#8243; skip_arrow=&#8220;true&#8220; sidebar=&#8220;sidebar-1&#8243;][vc_column][mk_padding_divider size=&#8220;99&#8243; visibility=&#8220;hidden-sm&#8220;][\/vc_column][\/mk_page_section][mk_page_section vertical_align=&#8220;center&#8220; bg_position=&#8220;center top&#8220; bg_repeat=&#8220;repeat-x&#8220; top_shape_color=&#8220;#1d75b1&#8243; sidebar=&#8220;sidebar-1&#8243;][vc_column width=&#8220;2\/3&#8243;][vc_column_text css=&#8220;.vc_custom_1615193283532{margin-bottom: 0px !important;}&#8220;]Hearables, wie z.B. Earbuds, sind moderne kabellose Kopfh\u00f6rer zum Musikh\u00f6ren oder Telefonieren unterwegs. Die kleinen \u201eKn\u00f6pfe im Ohr\u201c sind derzeit absolut in Mode. Mit Signia Active bieten wir Ihnen ab sofort vollausgestattete H\u00f6rger\u00e4te, [&hellip;]","og_url":"https:\/\/hoerakustik-lehmann.de\/cl\/signia-active\/","og_site_name":"H\u00f6rger\u00e4te in Berlin - H\u00f6rakustik Lehmann","article_modified_time":"2021-03-08T09:23:32+00:00","twitter_card":"summary_large_image","twitter_misc":{"Gesch\u00e4tzte Lesezeit":"2\u00a0Minuten"},"schema":{"@context":"https:\/\/schema.org","@graph":[{"@type":"WebPage","@id":"https:\/\/hoerakustik-lehmann.de\/cl\/signia-active\/","url":"https:\/\/hoerakustik-lehmann.de\/cl\/signia-active\/","name":"Signia Active - H\u00f6rger\u00e4te in Berlin - H\u00f6rakustik Lehmann","isPartOf":{"@id":"https:\/\/hoerakustik-lehmann.de\/cl\/#website"},"datePublished":"2021-03-05T09:02:07+00:00","dateModified":"2021-03-08T09:23:32+00:00","breadcrumb":{"@id":"https:\/\/hoerakustik-lehmann.de\/cl\/signia-active\/#breadcrumb"},"inLanguage":"de","potentialAction":[{"@type":"ReadAction","target":["https:\/\/hoerakustik-lehmann.de\/cl\/signia-active\/"]}]},{"@type":"BreadcrumbList","@id":"https:\/\/hoerakustik-lehmann.de\/cl\/signia-active\/#breadcrumb","itemListElement":[{"@type":"ListItem","position":1,"name":"Startseite","item":"https:\/\/hoerakustik-lehmann.de\/cl\/"},{"@type":"ListItem","position":2,"name":"Signia Active"}]},{"@type":"WebSite","@id":"https:\/\/hoerakustik-lehmann.de\/cl\/#website","url":"https:\/\/hoerakustik-lehmann.de\/cl\/","name":"H\u00f6rger\u00e4te in Berlin - H\u00f6rakustik Lehmann","description":"H\u00f6r-Beratung, H\u00f6rger\u00e4te und Zubeh\u00f6r","publisher":{"@id":"https:\/\/hoerakustik-lehmann.de\/cl\/#organization"},"potentialAction":[{"@type":"SearchAction","target":{"@type":"EntryPoint","urlTemplate":"https:\/\/hoerakustik-lehmann.de\/cl\/?s={search_term_string}"},"query-input":{"@type":"PropertyValueSpecification","valueRequired":true,"valueName":"search_term_string"}}],"inLanguage":"de"},{"@type":["Organization","Place","LocalBusiness"],"@id":"https:\/\/hoerakustik-lehmann.de\/cl\/#organization","name":"H\u00f6rakustik Lehmann","url":"https:\/\/hoerakustik-lehmann.de\/cl\/","logo":{"@id":"https:\/\/hoerakustik-lehmann.de\/cl\/signia-active\/#local-main-organization-logo"},"image":{"@id":"https:\/\/hoerakustik-lehmann.de\/cl\/signia-active\/#local-main-organization-logo"},"address":{"@id":"https:\/\/hoerakustik-lehmann.de\/cl\/signia-active\/#local-main-place-address"},"telephone":["Tel. 030 \u2013 209 53 833"],"openingHoursSpecification":[{"@type":"OpeningHoursSpecification","dayOfWeek":["Monday","Tuesday","Wednesday","Thursday"],"opens":"09:00","closes":"18:00"},{"@type":"OpeningHoursSpecification","dayOfWeek":["Friday"],"opens":"09:00","closes":"13:00"},{"@type":"OpeningHoursSpecification","dayOfWeek":["Saturday","Sunday"],"opens":"00:00","closes":"00:00"}],"email":"info@hoerakustik-lehmann.de"},{"@type":"PostalAddress","@id":"https:\/\/hoerakustik-lehmann.de\/cl\/signia-active\/#local-main-place-address","streetAddress":"D\u00f6rpfeldstr. 36","addressLocality":"Berlin","postalCode":"12489","addressCountry":"DE"},{"@type":"ImageObject","inLanguage":"de","@id":"https:\/\/hoerakustik-lehmann.de\/cl\/signia-active\/#local-main-organization-logo","url":"https:\/\/hoerakustik-lehmann.de\/cl\/wp-content\/uploads\/2020\/02\/logo2.png","contentUrl":"https:\/\/hoerakustik-lehmann.de\/cl\/wp-content\/uploads\/2020\/02\/logo2.png","width":579,"height":181,"caption":"H\u00f6rakustik Lehmann"}]},"geo.placename":"Berlin","geo.region":"Deutschland"},"_links":{"self":[{"href":"https:\/\/hoerakustik-lehmann.de\/cl\/wp-json\/wp\/v2\/pages\/774"}],"collection":[{"href":"https:\/\/hoerakustik-lehmann.de\/cl\/wp-json\/wp\/v2\/pages"}],"about":[{"href":"https:\/\/hoerakustik-lehmann.de\/cl\/wp-json\/wp\/v2\/types\/page"}],"author":[{"embeddable":true,"href":"https:\/\/hoerakustik-lehmann.de\/cl\/wp-json\/wp\/v2\/users\/1"}],"replies":[{"embeddable":true,"href":"https:\/\/hoerakustik-lehmann.de\/cl\/wp-json\/wp\/v2\/comments?post=774"}],"version-history":[{"count":13,"href":"https:\/\/hoerakustik-lehmann.de\/cl\/wp-json\/wp\/v2\/pages\/774\/revisions"}],"predecessor-version":[{"id":792,"href":"https:\/\/hoerakustik-lehmann.de\/cl\/wp-json\/wp\/v2\/pages\/774\/revisions\/792"}],"wp:attachment":[{"href":"https:\/\/hoerakustik-lehmann.de\/cl\/wp-json\/wp\/v2\/media?parent=774"}],"curies":[{"name":"wp","href":"https:\/\/api.w.org\/{rel}","templated":true}]}}