{"id":738,"date":"2020-11-04T13:06:18","date_gmt":"2020-11-04T12:06:18","guid":{"rendered":"https:\/\/hoerakustik-lehmann.de\/cl\/?page_id=738"},"modified":"2026-02-13T09:55:40","modified_gmt":"2026-02-13T08:55:40","slug":"stellenangebote","status":"publish","type":"page","link":"https:\/\/hoerakustik-lehmann.de\/cl\/stellenangebote\/","title":{"rendered":"Stellenangebote"},"content":{"rendered":"[mk_page_section bg_image=&#8220;https:\/\/hoerakustik-lehmann.de\/cl\/wp-content\/uploads\/2019\/12\/lehmann_.jpg&#8220; bg_color=&#8220;#1d75b1&#8243; bg_position=&#8220;center center&#8220; bg_repeat=&#8220;no-repeat&#8220; bg_stretch=&#8220;true&#8220; full_height=&#8220;true&#8220; skip_arrow=&#8220;true&#8220; sidebar=&#8220;sidebar-1&#8243;][vc_column][mk_padding_divider size=&#8220;210&#8243; visibility=&#8220;hidden-sm&#8220;][mk_fancy_title tag_name=&#8220;h1&#8243; color=&#8220;#ffffff&#8220; size=&#8220;90&#8243; force_font_size=&#8220;true&#8220; size_tablet=&#8220;50&#8243; size_phone=&#8220;40&#8243; font_weight=&#8220;400&#8243; txt_transform=&#8220;none&#8220; letter_spacing=&#8220;1&#8243; margin_top=&#8220;500&#8243; margin_bottom=&#8220;0&#8243; font_family=&#8220;Playfair+Display&#8220; font_type=&#8220;google&#8220; animation=&#8220;scale-up&#8220;]\n<p style=\"text-align: center;\">NEU!<br \/>\n60 Sekunden Kurzbewerbung<\/p>\n[\/mk_fancy_title][mk_button dimension=&#8220;flat&#8220; size=&#8220;xx-large&#8220; url=&#8220;https:\/\/hoerakustik-lehmann.de\/cl\/60-sekunden-kurzbewerbung\/&#8220; align=&#8220;center&#8220; bg_color=&#8220;#ff0000&#8243; btn_hover_bg=&#8220;#dd3333&#8243;]Hier klicken[\/mk_button][mk_padding_divider size=&#8220;99&#8243; visibility=&#8220;hidden-sm&#8220;][\/vc_column][\/mk_page_section][mk_page_section vertical_align=&#8220;center&#8220; bg_position=&#8220;center top&#8220; bg_repeat=&#8220;repeat-x&#8220; top_shape_color=&#8220;#1d75b1&#8243; sidebar=&#8220;sidebar-1&#8243;][vc_column][vc_row_inner is_fullwidth_content=&#8220;false&#8220;][vc_column_inner width=&#8220;1\/2&#8243;][mk_padding_divider size=&#8220;60&#8243;][mk_fancy_title tag_name=&#8220;h3&#8243; color=&#8220;#000000&#8243; size=&#8220;42&#8243; force_font_size=&#8220;true&#8220; size_tablet=&#8220;30&#8243; size_phone=&#8220;25&#8243; font_weight=&#8220;400&#8243; txt_transform=&#8220;none&#8220; font_family=&#8220;Playfair+Display&#8220; font_type=&#8220;google&#8220;]Zur Verst\u00e4rkung unseres Teams suchen wir ab sofort:[\/mk_fancy_title][mk_fancy_title color=&#8220;#000000&#8243; size=&#8220;24&#8243; force_font_size=&#8220;true&#8220; size_tablet=&#8220;30&#8243; size_phone=&#8220;18&#8243; font_weight=&#8220;300&#8243; txt_transform=&#8220;none&#8220; font_family=&#8220;none&#8220;]<strong>Einen H\u00f6rakustikmeister zur Filialleitung<\/strong> (w\/m\/d)<\/p>\n<p><strong>H\u00f6rakustiker<\/strong> (w\/m\/d)<\/p>\n<div class=\"flex flex-grow flex-col max-w-full\">\n<div class=\"min-h-[20px] text-message flex flex-col items-start gap-3 whitespace-pre-wrap break-words [.text-message+&amp;]:mt-5 overflow-x-auto\" data-message-author-role=\"assistant\" data-message-id=\"c9310f32-fd7f-4be2-898e-5581cfb06ab6\">\n<div class=\"markdown prose w-full break-words dark:prose-invert light\">\n<p>Ihre Qualifikationen:<\/p>\n<ul>\n<li>Erfolgreich abgeschlossene Ausbildung zum H\u00f6rakustiker oder H\u00f6rakustik-Meister<\/li>\n<li>Freude am zwischenmenschlichen Kontakt und Teamarbeit<\/li>\n<li>Selbstst\u00e4ndige und verantwortungsbewusste Arbeitsweise<\/li>\n<\/ul>\n<p>Ihre T\u00e4tigkeiten:<\/p>\n<ul>\n<li>Anpassung und Verkauf von H\u00f6rger\u00e4ten<\/li>\n<li>Kundenberatung<\/li>\n<li>Bei Meistern: Fachliche und disziplinarische Leitung des Standorts<\/li>\n<\/ul>\n<p>Unsere Angebote:<\/p>\n<ul>\n<li>Aussichtsreiche Karrierechancen<\/li>\n<li>Attraktive Verg\u00fctung<\/li>\n<li>Umfassende Sozialleistungen<\/li>\n<li>Ein sympathisches und motiviertes Team<\/li>\n<\/ul>\n<\/div>\n<\/div>\n<\/div>\n<p>&nbsp;<\/p>\n<p>&nbsp;<\/p>\n<p>H\u00f6rakustik Kornelia Lehmann<br \/>\nAlbert-Einstein-Str. 4<br \/>\n12489 Berlin<\/p>\n<p>Email: <a href=\"mailto:kornelia.lehmann@onlinehome.de\">kornelia.lehmann@onlinehome.de<\/a><\/p>\n<p>Wir freuen uns auf Ihre Bewerbung[\/mk_fancy_title][\/vc_column_inner][vc_column_inner width=&#8220;1\/2&#8243;][mk_padding_divider size=&#8220;90&#8243;][mk_image src=&#8220;https:\/\/hoerakustik-lehmann.de\/cl\/wp-content\/uploads\/2020\/11\/pascal-swier-7de474kzibs-unsplash-1.jpg&#8220; image_size=&#8220;large&#8220; caption_location=&#8220;outside-image&#8220; align=&#8220;center&#8220;][vc_cta h2=&#8220;Jetzt Neu!&#8220; add_button=&#8220;right&#8220; btn_title=&#8220;Hier klicken&#8220; btn_shape=&#8220;square&#8220; btn_color=&#8220;danger&#8220; btn_size=&#8220;lg&#8220; btn_link=&#8220;url:https%3A%2F%2Fhoerakustik-lehmann.de%2Fcl%2F60-sekunden-kurzbewerbung%2F|title:60%20Sekunden%20Kurzbewerbung&#8220;]60 Sekunden Kurzbewerbung. Gleich bewerben![\/vc_cta][\/vc_column_inner][\/vc_row_inner][\/vc_column][\/mk_page_section][vc_row][vc_column][mk_padding_divider size=&#8220;60&#8243;][\/vc_column][\/vc_row]\n","protected":false},"excerpt":{"rendered":"<p>[mk_page_section bg_image=&#8220;https:\/\/hoerakustik-lehmann.de\/cl\/wp-content\/uploads\/2019\/12\/lehmann_.jpg&#8220; bg_color=&#8220;#1d75b1&#8243; bg_position=&#8220;center center&#8220; bg_repeat=&#8220;no-repeat&#8220; bg_stretch=&#8220;true&#8220; full_height=&#8220;true&#8220; skip_arrow=&#8220;true&#8220; sidebar=&#8220;sidebar-1&#8243;][vc_column][mk_padding_divider size=&#8220;210&#8243; visibility=&#8220;hidden-sm&#8220;][mk_fancy_title tag_name=&#8220;h1&#8243; color=&#8220;#ffffff&#8220; size=&#8220;90&#8243; force_font_size=&#8220;true&#8220; size_tablet=&#8220;50&#8243; size_phone=&#8220;40&#8243; font_weight=&#8220;400&#8243; txt_transform=&#8220;none&#8220; letter_spacing=&#8220;1&#8243; margin_top=&#8220;500&#8243; margin_bottom=&#8220;0&#8243; font_family=&#8220;Playfair+Display&#8220; font_type=&#8220;google&#8220; animation=&#8220;scale-up&#8220;] NEU! 60 Sekunden Kurzbewerbung [\/mk_fancy_title][mk_button dimension=&#8220;flat&#8220; size=&#8220;xx-large&#8220; url=&#8220;https:\/\/hoerakustik-lehmann.de\/cl\/60-sekunden-kurzbewerbung\/&#8220; align=&#8220;center&#8220; bg_color=&#8220;#ff0000&#8243; btn_hover_bg=&#8220;#dd3333&#8243;]Hier klicken[\/mk_button][mk_padding_divider size=&#8220;99&#8243; visibility=&#8220;hidden-sm&#8220;][\/vc_column][\/mk_page_section][mk_page_section vertical_align=&#8220;center&#8220; bg_position=&#8220;center top&#8220; bg_repeat=&#8220;repeat-x&#8220; top_shape_color=&#8220;#1d75b1&#8243; sidebar=&#8220;sidebar-1&#8243;][vc_column][vc_row_inner is_fullwidth_content=&#8220;false&#8220;][vc_column_inner width=&#8220;1\/2&#8243;][mk_padding_divider size=&#8220;60&#8243;][mk_fancy_title tag_name=&#8220;h3&#8243; color=&#8220;#000000&#8243; size=&#8220;42&#8243; force_font_size=&#8220;true&#8220; size_tablet=&#8220;30&#8243; size_phone=&#8220;25&#8243; [&hellip;]<\/p>\n","protected":false},"author":1,"featured_media":0,"parent":0,"menu_order":0,"comment_status":"closed","ping_status":"closed","template":"","meta":{"_mi_skip_tracking":false,"_monsterinsights_sitenote_active":false,"_monsterinsights_sitenote_note":"","_monsterinsights_sitenote_category":0,"footnotes":""},"class_list":["post-738","page","type-page","status-publish","hentry"],"yoast_head":"<!-- This site is optimized with the Yoast SEO plugin v25.3.1 - https:\/\/yoast.com\/wordpress\/plugins\/seo\/ -->\n<title>Stellenangebote - H\u00f6rger\u00e4te in Berlin - H\u00f6rakustik Lehmann<\/title>\n<meta name=\"description\" content=\"Jobangebote bei H\u00f6rakustik Lehmann. Wenn Sie gerne im Team arbeiten und Kunden gerne fair und fachkompetent beraten, dann bewerben Sie sich jetzt schriftlich oder per Email.\" \/>\n<meta name=\"robots\" content=\"index, nofollow, max-snippet:-1, max-image-preview:large, max-video-preview:-1\" \/>\n<link rel=\"canonical\" href=\"https:\/\/hoerakustik-lehmann.de\/cl\/stellenangebote\/\" \/>\n<meta property=\"og:locale\" content=\"de_DE\" \/>\n<meta property=\"og:type\" content=\"article\" \/>\n<meta property=\"og:title\" content=\"Stellenangebote - H\u00f6rger\u00e4te in Berlin - H\u00f6rakustik Lehmann\" \/>\n<meta property=\"og:description\" content=\"Jobangebote bei H\u00f6rakustik Lehmann. Wenn Sie gerne im Team arbeiten und Kunden gerne fair und fachkompetent beraten, dann bewerben Sie sich jetzt schriftlich oder per Email.\" \/>\n<meta property=\"og:url\" content=\"https:\/\/hoerakustik-lehmann.de\/cl\/stellenangebote\/\" \/>\n<meta property=\"og:site_name\" content=\"H\u00f6rger\u00e4te in Berlin - H\u00f6rakustik Lehmann\" \/>\n<meta property=\"article:modified_time\" content=\"2026-02-13T08:55:40+00:00\" \/>\n<meta name=\"twitter:card\" content=\"summary_large_image\" \/>\n<meta name=\"twitter:label1\" content=\"Gesch\u00e4tzte Lesezeit\" \/>\n\t<meta name=\"twitter:data1\" content=\"2\u00a0Minuten\" \/>\n<script type=\"application\/ld+json\" class=\"yoast-schema-graph\">{\"@context\":\"https:\/\/schema.org\",\"@graph\":[{\"@type\":\"WebPage\",\"@id\":\"https:\/\/hoerakustik-lehmann.de\/cl\/stellenangebote\/\",\"url\":\"https:\/\/hoerakustik-lehmann.de\/cl\/stellenangebote\/\",\"name\":\"Stellenangebote - H\u00f6rger\u00e4te in Berlin - H\u00f6rakustik Lehmann\",\"isPartOf\":{\"@id\":\"https:\/\/hoerakustik-lehmann.de\/cl\/#website\"},\"datePublished\":\"2020-11-04T12:06:18+00:00\",\"dateModified\":\"2026-02-13T08:55:40+00:00\",\"description\":\"Jobangebote bei H\u00f6rakustik Lehmann. Wenn Sie gerne im Team arbeiten und Kunden gerne fair und fachkompetent beraten, dann bewerben Sie sich jetzt schriftlich oder per Email.\",\"breadcrumb\":{\"@id\":\"https:\/\/hoerakustik-lehmann.de\/cl\/stellenangebote\/#breadcrumb\"},\"inLanguage\":\"de\",\"potentialAction\":[{\"@type\":\"ReadAction\",\"target\":[\"https:\/\/hoerakustik-lehmann.de\/cl\/stellenangebote\/\"]}]},{\"@type\":\"BreadcrumbList\",\"@id\":\"https:\/\/hoerakustik-lehmann.de\/cl\/stellenangebote\/#breadcrumb\",\"itemListElement\":[{\"@type\":\"ListItem\",\"position\":1,\"name\":\"Startseite\",\"item\":\"https:\/\/hoerakustik-lehmann.de\/cl\/\"},{\"@type\":\"ListItem\",\"position\":2,\"name\":\"Stellenangebote\"}]},{\"@type\":\"WebSite\",\"@id\":\"https:\/\/hoerakustik-lehmann.de\/cl\/#website\",\"url\":\"https:\/\/hoerakustik-lehmann.de\/cl\/\",\"name\":\"H\u00f6rger\u00e4te in Berlin - H\u00f6rakustik Lehmann\",\"description\":\"H\u00f6r-Beratung, H\u00f6rger\u00e4te und Zubeh\u00f6r\",\"publisher\":{\"@id\":\"https:\/\/hoerakustik-lehmann.de\/cl\/#organization\"},\"potentialAction\":[{\"@type\":\"SearchAction\",\"target\":{\"@type\":\"EntryPoint\",\"urlTemplate\":\"https:\/\/hoerakustik-lehmann.de\/cl\/?s={search_term_string}\"},\"query-input\":{\"@type\":\"PropertyValueSpecification\",\"valueRequired\":true,\"valueName\":\"search_term_string\"}}],\"inLanguage\":\"de\"},{\"@type\":[\"Organization\",\"Place\",\"LocalBusiness\"],\"@id\":\"https:\/\/hoerakustik-lehmann.de\/cl\/#organization\",\"name\":\"H\u00f6rakustik Lehmann\",\"url\":\"https:\/\/hoerakustik-lehmann.de\/cl\/\",\"logo\":{\"@id\":\"https:\/\/hoerakustik-lehmann.de\/cl\/stellenangebote\/#local-main-organization-logo\"},\"image\":{\"@id\":\"https:\/\/hoerakustik-lehmann.de\/cl\/stellenangebote\/#local-main-organization-logo\"},\"address\":{\"@id\":\"https:\/\/hoerakustik-lehmann.de\/cl\/stellenangebote\/#local-main-place-address\"},\"telephone\":[\"Tel. 030 \u2013 209 53 833\"],\"openingHoursSpecification\":[{\"@type\":\"OpeningHoursSpecification\",\"dayOfWeek\":[\"Monday\",\"Tuesday\",\"Wednesday\",\"Thursday\"],\"opens\":\"09:00\",\"closes\":\"18:00\"},{\"@type\":\"OpeningHoursSpecification\",\"dayOfWeek\":[\"Friday\"],\"opens\":\"09:00\",\"closes\":\"13:00\"},{\"@type\":\"OpeningHoursSpecification\",\"dayOfWeek\":[\"Saturday\",\"Sunday\"],\"opens\":\"00:00\",\"closes\":\"00:00\"}],\"email\":\"info@hoerakustik-lehmann.de\"},{\"@type\":\"PostalAddress\",\"@id\":\"https:\/\/hoerakustik-lehmann.de\/cl\/stellenangebote\/#local-main-place-address\",\"streetAddress\":\"D\u00f6rpfeldstr. 36\",\"addressLocality\":\"Berlin\",\"postalCode\":\"12489\",\"addressCountry\":\"DE\"},{\"@type\":\"ImageObject\",\"inLanguage\":\"de\",\"@id\":\"https:\/\/hoerakustik-lehmann.de\/cl\/stellenangebote\/#local-main-organization-logo\",\"url\":\"https:\/\/hoerakustik-lehmann.de\/cl\/wp-content\/uploads\/2020\/02\/logo2.png\",\"contentUrl\":\"https:\/\/hoerakustik-lehmann.de\/cl\/wp-content\/uploads\/2020\/02\/logo2.png\",\"width\":579,\"height\":181,\"caption\":\"H\u00f6rakustik Lehmann\"}]}<\/script>\n<meta name=\"geo.placename\" content=\"Berlin\" \/>\n<meta name=\"geo.region\" content=\"Deutschland\" \/>\n<!-- \/ Yoast SEO plugin. -->","yoast_head_json":{"title":"Stellenangebote - H\u00f6rger\u00e4te in Berlin - H\u00f6rakustik Lehmann","description":"Jobangebote bei H\u00f6rakustik Lehmann. Wenn Sie gerne im Team arbeiten und Kunden gerne fair und fachkompetent beraten, dann bewerben Sie sich jetzt schriftlich oder per Email.","robots":{"index":"index","follow":"nofollow","max-snippet":"max-snippet:-1","max-image-preview":"max-image-preview:large","max-video-preview":"max-video-preview:-1"},"canonical":"https:\/\/hoerakustik-lehmann.de\/cl\/stellenangebote\/","og_locale":"de_DE","og_type":"article","og_title":"Stellenangebote - H\u00f6rger\u00e4te in Berlin - H\u00f6rakustik Lehmann","og_description":"Jobangebote bei H\u00f6rakustik Lehmann. Wenn Sie gerne im Team arbeiten und Kunden gerne fair und fachkompetent beraten, dann bewerben Sie sich jetzt schriftlich oder per Email.","og_url":"https:\/\/hoerakustik-lehmann.de\/cl\/stellenangebote\/","og_site_name":"H\u00f6rger\u00e4te in Berlin - H\u00f6rakustik Lehmann","article_modified_time":"2026-02-13T08:55:40+00:00","twitter_card":"summary_large_image","twitter_misc":{"Gesch\u00e4tzte Lesezeit":"2\u00a0Minuten"},"schema":{"@context":"https:\/\/schema.org","@graph":[{"@type":"WebPage","@id":"https:\/\/hoerakustik-lehmann.de\/cl\/stellenangebote\/","url":"https:\/\/hoerakustik-lehmann.de\/cl\/stellenangebote\/","name":"Stellenangebote - H\u00f6rger\u00e4te in Berlin - H\u00f6rakustik Lehmann","isPartOf":{"@id":"https:\/\/hoerakustik-lehmann.de\/cl\/#website"},"datePublished":"2020-11-04T12:06:18+00:00","dateModified":"2026-02-13T08:55:40+00:00","description":"Jobangebote bei H\u00f6rakustik Lehmann. Wenn Sie gerne im Team arbeiten und Kunden gerne fair und fachkompetent beraten, dann bewerben Sie sich jetzt schriftlich oder per Email.","breadcrumb":{"@id":"https:\/\/hoerakustik-lehmann.de\/cl\/stellenangebote\/#breadcrumb"},"inLanguage":"de","potentialAction":[{"@type":"ReadAction","target":["https:\/\/hoerakustik-lehmann.de\/cl\/stellenangebote\/"]}]},{"@type":"BreadcrumbList","@id":"https:\/\/hoerakustik-lehmann.de\/cl\/stellenangebote\/#breadcrumb","itemListElement":[{"@type":"ListItem","position":1,"name":"Startseite","item":"https:\/\/hoerakustik-lehmann.de\/cl\/"},{"@type":"ListItem","position":2,"name":"Stellenangebote"}]},{"@type":"WebSite","@id":"https:\/\/hoerakustik-lehmann.de\/cl\/#website","url":"https:\/\/hoerakustik-lehmann.de\/cl\/","name":"H\u00f6rger\u00e4te in Berlin - H\u00f6rakustik Lehmann","description":"H\u00f6r-Beratung, H\u00f6rger\u00e4te und Zubeh\u00f6r","publisher":{"@id":"https:\/\/hoerakustik-lehmann.de\/cl\/#organization"},"potentialAction":[{"@type":"SearchAction","target":{"@type":"EntryPoint","urlTemplate":"https:\/\/hoerakustik-lehmann.de\/cl\/?s={search_term_string}"},"query-input":{"@type":"PropertyValueSpecification","valueRequired":true,"valueName":"search_term_string"}}],"inLanguage":"de"},{"@type":["Organization","Place","LocalBusiness"],"@id":"https:\/\/hoerakustik-lehmann.de\/cl\/#organization","name":"H\u00f6rakustik Lehmann","url":"https:\/\/hoerakustik-lehmann.de\/cl\/","logo":{"@id":"https:\/\/hoerakustik-lehmann.de\/cl\/stellenangebote\/#local-main-organization-logo"},"image":{"@id":"https:\/\/hoerakustik-lehmann.de\/cl\/stellenangebote\/#local-main-organization-logo"},"address":{"@id":"https:\/\/hoerakustik-lehmann.de\/cl\/stellenangebote\/#local-main-place-address"},"telephone":["Tel. 030 \u2013 209 53 833"],"openingHoursSpecification":[{"@type":"OpeningHoursSpecification","dayOfWeek":["Monday","Tuesday","Wednesday","Thursday"],"opens":"09:00","closes":"18:00"},{"@type":"OpeningHoursSpecification","dayOfWeek":["Friday"],"opens":"09:00","closes":"13:00"},{"@type":"OpeningHoursSpecification","dayOfWeek":["Saturday","Sunday"],"opens":"00:00","closes":"00:00"}],"email":"info@hoerakustik-lehmann.de"},{"@type":"PostalAddress","@id":"https:\/\/hoerakustik-lehmann.de\/cl\/stellenangebote\/#local-main-place-address","streetAddress":"D\u00f6rpfeldstr. 36","addressLocality":"Berlin","postalCode":"12489","addressCountry":"DE"},{"@type":"ImageObject","inLanguage":"de","@id":"https:\/\/hoerakustik-lehmann.de\/cl\/stellenangebote\/#local-main-organization-logo","url":"https:\/\/hoerakustik-lehmann.de\/cl\/wp-content\/uploads\/2020\/02\/logo2.png","contentUrl":"https:\/\/hoerakustik-lehmann.de\/cl\/wp-content\/uploads\/2020\/02\/logo2.png","width":579,"height":181,"caption":"H\u00f6rakustik Lehmann"}]},"geo.placename":"Berlin","geo.region":"Deutschland"},"_links":{"self":[{"href":"https:\/\/hoerakustik-lehmann.de\/cl\/wp-json\/wp\/v2\/pages\/738"}],"collection":[{"href":"https:\/\/hoerakustik-lehmann.de\/cl\/wp-json\/wp\/v2\/pages"}],"about":[{"href":"https:\/\/hoerakustik-lehmann.de\/cl\/wp-json\/wp\/v2\/types\/page"}],"author":[{"embeddable":true,"href":"https:\/\/hoerakustik-lehmann.de\/cl\/wp-json\/wp\/v2\/users\/1"}],"replies":[{"embeddable":true,"href":"https:\/\/hoerakustik-lehmann.de\/cl\/wp-json\/wp\/v2\/comments?post=738"}],"version-history":[{"count":20,"href":"https:\/\/hoerakustik-lehmann.de\/cl\/wp-json\/wp\/v2\/pages\/738\/revisions"}],"predecessor-version":[{"id":1378,"href":"https:\/\/hoerakustik-lehmann.de\/cl\/wp-json\/wp\/v2\/pages\/738\/revisions\/1378"}],"wp:attachment":[{"href":"https:\/\/hoerakustik-lehmann.de\/cl\/wp-json\/wp\/v2\/media?parent=738"}],"curies":[{"name":"wp","href":"https:\/\/api.w.org\/{rel}","templated":true}]}}