{"id":702,"date":"2020-10-01T11:01:28","date_gmt":"2020-10-01T09:01:28","guid":{"rendered":"https:\/\/hoerakustik-lehmann.de\/cl\/?page_id=702"},"modified":"2020-10-01T15:32:20","modified_gmt":"2020-10-01T13:32:20","slug":"hoergeraete-typ-test","status":"publish","type":"page","link":"https:\/\/hoerakustik-lehmann.de\/cl\/hoergeraete-typ-test\/","title":{"rendered":"H\u00f6rger\u00e4te Typ Test"},"content":{"rendered":"[mk_page_section bg_image=&#8220;https:\/\/hoerakustik-lehmann.de\/cl\/wp-content\/uploads\/2020\/10\/hoergeraete-typ-test-keyvisual.jpg&#8220; bg_color=&#8220;#1d75b1&#8243; bg_position=&#8220;center center&#8220; bg_repeat=&#8220;no-repeat&#8220; bg_stretch=&#8220;true&#8220; adaptive_height=&#8220;true&#8220; max_height=&#8220;1361&#8243; skip_arrow=&#8220;true&#8220; sidebar=&#8220;sidebar-1&#8243;][vc_column][mk_padding_divider size=&#8220;99&#8243; visibility=&#8220;hidden-sm&#8220;][\/vc_column][\/mk_page_section][mk_page_section vertical_align=&#8220;center&#8220; bg_position=&#8220;center top&#8220; bg_repeat=&#8220;repeat-x&#8220; top_shape_color=&#8220;#1d75b1&#8243; sidebar=&#8220;sidebar-1&#8243;][vc_column][vc_row_inner is_fullwidth_content=&#8220;false&#8220;][vc_column_inner width=&#8220;1\/3&#8243;][mk_padding_divider size=&#8220;60&#8243;][mk_fancy_title color=&#8220;#000000&#8243; size=&#8220;24&#8243; force_font_size=&#8220;true&#8220; size_tablet=&#8220;30&#8243; size_phone=&#8220;18&#8243; font_weight=&#8220;300&#8243; txt_transform=&#8220;none&#8220; font_family=&#8220;none&#8220;]Die Smarte<br \/>\nSignia SilkX[\/mk_fancy_title][mk_image_switch src_first=&#8220;https:\/\/hoerakustik-lehmann.de\/cl\/wp-content\/uploads\/2020\/10\/header-diskretion.jpg&#8220; src_second=&#8220;https:\/\/hoerakustik-lehmann.de\/cl\/wp-content\/uploads\/2020\/10\/header-diskretion-hover.jpg&#8220; hover_animation=&#8220;fading&#8220; image_width=&#8220;400&#8243;][\/vc_column_inner][vc_column_inner width=&#8220;1\/3&#8243;][mk_padding_divider size=&#8220;60&#8243;][mk_fancy_title color=&#8220;#000000&#8243; size=&#8220;24&#8243; force_font_size=&#8220;true&#8220; size_tablet=&#8220;30&#8243; size_phone=&#8220;18&#8243; font_weight=&#8220;300&#8243; txt_transform=&#8220;none&#8220; font_family=&#8220;none&#8220;]Der Stilsichere<br \/>\nSignia StylettoX[\/mk_fancy_title][mk_image_switch src_first=&#8220;https:\/\/hoerakustik-lehmann.de\/cl\/wp-content\/uploads\/2020\/10\/header-stilsicher.jpg&#8220; src_second=&#8220;https:\/\/hoerakustik-lehmann.de\/cl\/wp-content\/uploads\/2020\/10\/header-stilsicher-hover.jpg&#8220; hover_animation=&#8220;fading&#8220; image_width=&#8220;400&#8243;][\/vc_column_inner][vc_column_inner width=&#8220;1\/3&#8243;][mk_padding_divider size=&#8220;60&#8243;][mk_fancy_title color=&#8220;#000000&#8243; size=&#8220;24&#8243; force_font_size=&#8220;true&#8220; size_tablet=&#8220;30&#8243; size_phone=&#8220;18&#8243; font_weight=&#8220;300&#8243; txt_transform=&#8220;none&#8220; font_family=&#8220;none&#8220;]Der Allesk\u00f6nner<br \/>\nSignia Pure Charge&amp;Go[\/mk_fancy_title][mk_image_switch src_first=&#8220;https:\/\/hoerakustik-lehmann.de\/cl\/wp-content\/uploads\/2020\/10\/header-alleskoenner.jpg&#8220; src_second=&#8220;https:\/\/hoerakustik-lehmann.de\/cl\/wp-content\/uploads\/2020\/10\/header-alleskoenner-hover.jpg&#8220; hover_animation=&#8220;fading&#8220; image_width=&#8220;400&#8243;][\/vc_column_inner][\/vc_row_inner][\/vc_column][\/mk_page_section][vc_row][vc_column][vc_cta h2=&#8220;Und welcher H\u00f6rger\u00e4te Typ sind Sie? Machen Sie den Typ Test!&#8220; txt_align=&#8220;center&#8220; shape=&#8220;square&#8220; style=&#8220;flat&#8220; color=&#8220;sky&#8220; add_button=&#8220;right&#8220; btn_title=&#8220;Gleich Termin vereinbaren&#8220; btn_style=&#8220;flat&#8220; btn_shape=&#8220;square&#8220; btn_size=&#8220;lg&#8220; btn_link=&#8220;url:https%3A%2F%2Fhoerakustik-lehmann.de%2Fcl%2Fkontakt%23beratung|title:Kontakt||&#8220;]<span style=\"color: #ffffff;\">Einfach und bequem bei uns im Fachgesch\u00e4ft. Wir freuen uns auf Sie!<\/span>[\/vc_cta][mk_padding_divider size=&#8220;60&#8243;][\/vc_column][\/vc_row]\n","protected":false},"excerpt":{"rendered":"<p>[mk_page_section bg_image=&#8220;https:\/\/hoerakustik-lehmann.de\/cl\/wp-content\/uploads\/2020\/10\/hoergeraete-typ-test-keyvisual.jpg&#8220; bg_color=&#8220;#1d75b1&#8243; bg_position=&#8220;center center&#8220; bg_repeat=&#8220;no-repeat&#8220; bg_stretch=&#8220;true&#8220; adaptive_height=&#8220;true&#8220; max_height=&#8220;1361&#8243; skip_arrow=&#8220;true&#8220; sidebar=&#8220;sidebar-1&#8243;][vc_column][mk_padding_divider size=&#8220;99&#8243; visibility=&#8220;hidden-sm&#8220;][\/vc_column][\/mk_page_section][mk_page_section vertical_align=&#8220;center&#8220; bg_position=&#8220;center top&#8220; bg_repeat=&#8220;repeat-x&#8220; top_shape_color=&#8220;#1d75b1&#8243; sidebar=&#8220;sidebar-1&#8243;][vc_column][vc_row_inner is_fullwidth_content=&#8220;false&#8220;][vc_column_inner width=&#8220;1\/3&#8243;][mk_padding_divider size=&#8220;60&#8243;][mk_fancy_title color=&#8220;#000000&#8243; size=&#8220;24&#8243; force_font_size=&#8220;true&#8220; size_tablet=&#8220;30&#8243; size_phone=&#8220;18&#8243; font_weight=&#8220;300&#8243; txt_transform=&#8220;none&#8220; font_family=&#8220;none&#8220;]Die Smarte Signia SilkX[\/mk_fancy_title][mk_image_switch src_first=&#8220;https:\/\/hoerakustik-lehmann.de\/cl\/wp-content\/uploads\/2020\/10\/header-diskretion.jpg&#8220; src_second=&#8220;https:\/\/hoerakustik-lehmann.de\/cl\/wp-content\/uploads\/2020\/10\/header-diskretion-hover.jpg&#8220; hover_animation=&#8220;fading&#8220; image_width=&#8220;400&#8243;][\/vc_column_inner][vc_column_inner width=&#8220;1\/3&#8243;][mk_padding_divider size=&#8220;60&#8243;][mk_fancy_title color=&#8220;#000000&#8243; size=&#8220;24&#8243; force_font_size=&#8220;true&#8220; size_tablet=&#8220;30&#8243; size_phone=&#8220;18&#8243; font_weight=&#8220;300&#8243; txt_transform=&#8220;none&#8220; font_family=&#8220;none&#8220;]Der Stilsichere Signia StylettoX[\/mk_fancy_title][mk_image_switch src_first=&#8220;https:\/\/hoerakustik-lehmann.de\/cl\/wp-content\/uploads\/2020\/10\/header-stilsicher.jpg&#8220; src_second=&#8220;https:\/\/hoerakustik-lehmann.de\/cl\/wp-content\/uploads\/2020\/10\/header-stilsicher-hover.jpg&#8220; hover_animation=&#8220;fading&#8220; image_width=&#8220;400&#8243;][\/vc_column_inner][vc_column_inner width=&#8220;1\/3&#8243;][mk_padding_divider [&hellip;]<\/p>\n","protected":false},"author":1,"featured_media":0,"parent":0,"menu_order":0,"comment_status":"closed","ping_status":"closed","template":"","meta":{"_mi_skip_tracking":false,"_monsterinsights_sitenote_active":false,"_monsterinsights_sitenote_note":"","_monsterinsights_sitenote_category":0,"footnotes":""},"class_list":["post-702","page","type-page","status-publish","hentry"],"yoast_head":"<!-- This site is optimized with the Yoast SEO plugin v25.3.1 - https:\/\/yoast.com\/wordpress\/plugins\/seo\/ -->\n<title>H\u00f6rger\u00e4te Typ Test - H\u00f6rger\u00e4te in Berlin - H\u00f6rakustik Lehmann<\/title>\n<meta name=\"robots\" content=\"index, follow, max-snippet:-1, max-image-preview:large, max-video-preview:-1\" \/>\n<link rel=\"canonical\" href=\"https:\/\/hoerakustik-lehmann.de\/cl\/hoergeraete-typ-test\/\" \/>\n<meta property=\"og:locale\" content=\"de_DE\" \/>\n<meta property=\"og:type\" content=\"article\" \/>\n<meta property=\"og:title\" content=\"H\u00f6rger\u00e4te Typ Test - H\u00f6rger\u00e4te in Berlin - H\u00f6rakustik Lehmann\" \/>\n<meta property=\"og:description\" content=\"[mk_page_section bg_image=&#8220;https:\/\/hoerakustik-lehmann.de\/cl\/wp-content\/uploads\/2020\/10\/hoergeraete-typ-test-keyvisual.jpg&#8220; bg_color=&#8220;#1d75b1&#8243; bg_position=&#8220;center center&#8220; bg_repeat=&#8220;no-repeat&#8220; bg_stretch=&#8220;true&#8220; adaptive_height=&#8220;true&#8220; max_height=&#8220;1361&#8243; skip_arrow=&#8220;true&#8220; sidebar=&#8220;sidebar-1&#8243;][vc_column][mk_padding_divider size=&#8220;99&#8243; visibility=&#8220;hidden-sm&#8220;][\/vc_column][\/mk_page_section][mk_page_section vertical_align=&#8220;center&#8220; bg_position=&#8220;center top&#8220; bg_repeat=&#8220;repeat-x&#8220; top_shape_color=&#8220;#1d75b1&#8243; sidebar=&#8220;sidebar-1&#8243;][vc_column][vc_row_inner is_fullwidth_content=&#8220;false&#8220;][vc_column_inner width=&#8220;1\/3&#8243;][mk_padding_divider size=&#8220;60&#8243;][mk_fancy_title color=&#8220;#000000&#8243; size=&#8220;24&#8243; force_font_size=&#8220;true&#8220; size_tablet=&#8220;30&#8243; size_phone=&#8220;18&#8243; font_weight=&#8220;300&#8243; txt_transform=&#8220;none&#8220; font_family=&#8220;none&#8220;]Die Smarte Signia SilkX[\/mk_fancy_title][mk_image_switch src_first=&#8220;https:\/\/hoerakustik-lehmann.de\/cl\/wp-content\/uploads\/2020\/10\/header-diskretion.jpg&#8220; src_second=&#8220;https:\/\/hoerakustik-lehmann.de\/cl\/wp-content\/uploads\/2020\/10\/header-diskretion-hover.jpg&#8220; hover_animation=&#8220;fading&#8220; image_width=&#8220;400&#8243;][\/vc_column_inner][vc_column_inner width=&#8220;1\/3&#8243;][mk_padding_divider size=&#8220;60&#8243;][mk_fancy_title color=&#8220;#000000&#8243; size=&#8220;24&#8243; force_font_size=&#8220;true&#8220; size_tablet=&#8220;30&#8243; size_phone=&#8220;18&#8243; font_weight=&#8220;300&#8243; txt_transform=&#8220;none&#8220; font_family=&#8220;none&#8220;]Der Stilsichere Signia StylettoX[\/mk_fancy_title][mk_image_switch src_first=&#8220;https:\/\/hoerakustik-lehmann.de\/cl\/wp-content\/uploads\/2020\/10\/header-stilsicher.jpg&#8220; src_second=&#8220;https:\/\/hoerakustik-lehmann.de\/cl\/wp-content\/uploads\/2020\/10\/header-stilsicher-hover.jpg&#8220; hover_animation=&#8220;fading&#8220; image_width=&#8220;400&#8243;][\/vc_column_inner][vc_column_inner width=&#8220;1\/3&#8243;][mk_padding_divider [&hellip;]\" \/>\n<meta property=\"og:url\" content=\"https:\/\/hoerakustik-lehmann.de\/cl\/hoergeraete-typ-test\/\" \/>\n<meta property=\"og:site_name\" content=\"H\u00f6rger\u00e4te in Berlin - H\u00f6rakustik Lehmann\" \/>\n<meta property=\"article:modified_time\" content=\"2020-10-01T13:32:20+00:00\" \/>\n<meta name=\"twitter:card\" content=\"summary_large_image\" \/>\n<meta name=\"twitter:label1\" content=\"Gesch\u00e4tzte Lesezeit\" \/>\n\t<meta name=\"twitter:data1\" content=\"2\u00a0Minuten\" \/>\n<script type=\"application\/ld+json\" class=\"yoast-schema-graph\">{\"@context\":\"https:\/\/schema.org\",\"@graph\":[{\"@type\":\"WebPage\",\"@id\":\"https:\/\/hoerakustik-lehmann.de\/cl\/hoergeraete-typ-test\/\",\"url\":\"https:\/\/hoerakustik-lehmann.de\/cl\/hoergeraete-typ-test\/\",\"name\":\"H\u00f6rger\u00e4te Typ Test - H\u00f6rger\u00e4te in Berlin - H\u00f6rakustik Lehmann\",\"isPartOf\":{\"@id\":\"https:\/\/hoerakustik-lehmann.de\/cl\/#website\"},\"datePublished\":\"2020-10-01T09:01:28+00:00\",\"dateModified\":\"2020-10-01T13:32:20+00:00\",\"breadcrumb\":{\"@id\":\"https:\/\/hoerakustik-lehmann.de\/cl\/hoergeraete-typ-test\/#breadcrumb\"},\"inLanguage\":\"de\",\"potentialAction\":[{\"@type\":\"ReadAction\",\"target\":[\"https:\/\/hoerakustik-lehmann.de\/cl\/hoergeraete-typ-test\/\"]}]},{\"@type\":\"BreadcrumbList\",\"@id\":\"https:\/\/hoerakustik-lehmann.de\/cl\/hoergeraete-typ-test\/#breadcrumb\",\"itemListElement\":[{\"@type\":\"ListItem\",\"position\":1,\"name\":\"Startseite\",\"item\":\"https:\/\/hoerakustik-lehmann.de\/cl\/\"},{\"@type\":\"ListItem\",\"position\":2,\"name\":\"H\u00f6rger\u00e4te Typ Test\"}]},{\"@type\":\"WebSite\",\"@id\":\"https:\/\/hoerakustik-lehmann.de\/cl\/#website\",\"url\":\"https:\/\/hoerakustik-lehmann.de\/cl\/\",\"name\":\"H\u00f6rger\u00e4te in Berlin - H\u00f6rakustik Lehmann\",\"description\":\"H\u00f6r-Beratung, H\u00f6rger\u00e4te und Zubeh\u00f6r\",\"publisher\":{\"@id\":\"https:\/\/hoerakustik-lehmann.de\/cl\/#organization\"},\"potentialAction\":[{\"@type\":\"SearchAction\",\"target\":{\"@type\":\"EntryPoint\",\"urlTemplate\":\"https:\/\/hoerakustik-lehmann.de\/cl\/?s={search_term_string}\"},\"query-input\":{\"@type\":\"PropertyValueSpecification\",\"valueRequired\":true,\"valueName\":\"search_term_string\"}}],\"inLanguage\":\"de\"},{\"@type\":[\"Organization\",\"Place\",\"LocalBusiness\"],\"@id\":\"https:\/\/hoerakustik-lehmann.de\/cl\/#organization\",\"name\":\"H\u00f6rakustik Lehmann\",\"url\":\"https:\/\/hoerakustik-lehmann.de\/cl\/\",\"logo\":{\"@id\":\"https:\/\/hoerakustik-lehmann.de\/cl\/hoergeraete-typ-test\/#local-main-organization-logo\"},\"image\":{\"@id\":\"https:\/\/hoerakustik-lehmann.de\/cl\/hoergeraete-typ-test\/#local-main-organization-logo\"},\"address\":{\"@id\":\"https:\/\/hoerakustik-lehmann.de\/cl\/hoergeraete-typ-test\/#local-main-place-address\"},\"telephone\":[\"Tel. 030 \u2013 209 53 833\"],\"openingHoursSpecification\":[{\"@type\":\"OpeningHoursSpecification\",\"dayOfWeek\":[\"Monday\",\"Tuesday\",\"Wednesday\",\"Thursday\"],\"opens\":\"09:00\",\"closes\":\"18:00\"},{\"@type\":\"OpeningHoursSpecification\",\"dayOfWeek\":[\"Friday\"],\"opens\":\"09:00\",\"closes\":\"13:00\"},{\"@type\":\"OpeningHoursSpecification\",\"dayOfWeek\":[\"Saturday\",\"Sunday\"],\"opens\":\"00:00\",\"closes\":\"00:00\"}],\"email\":\"info@hoerakustik-lehmann.de\"},{\"@type\":\"PostalAddress\",\"@id\":\"https:\/\/hoerakustik-lehmann.de\/cl\/hoergeraete-typ-test\/#local-main-place-address\",\"streetAddress\":\"D\u00f6rpfeldstr. 36\",\"addressLocality\":\"Berlin\",\"postalCode\":\"12489\",\"addressCountry\":\"DE\"},{\"@type\":\"ImageObject\",\"inLanguage\":\"de\",\"@id\":\"https:\/\/hoerakustik-lehmann.de\/cl\/hoergeraete-typ-test\/#local-main-organization-logo\",\"url\":\"https:\/\/hoerakustik-lehmann.de\/cl\/wp-content\/uploads\/2020\/02\/logo2.png\",\"contentUrl\":\"https:\/\/hoerakustik-lehmann.de\/cl\/wp-content\/uploads\/2020\/02\/logo2.png\",\"width\":579,\"height\":181,\"caption\":\"H\u00f6rakustik Lehmann\"}]}<\/script>\n<meta name=\"geo.placename\" content=\"Berlin\" \/>\n<meta name=\"geo.region\" content=\"Deutschland\" \/>\n<!-- \/ Yoast SEO plugin. -->","yoast_head_json":{"title":"H\u00f6rger\u00e4te Typ Test - H\u00f6rger\u00e4te in Berlin - H\u00f6rakustik Lehmann","robots":{"index":"index","follow":"follow","max-snippet":"max-snippet:-1","max-image-preview":"max-image-preview:large","max-video-preview":"max-video-preview:-1"},"canonical":"https:\/\/hoerakustik-lehmann.de\/cl\/hoergeraete-typ-test\/","og_locale":"de_DE","og_type":"article","og_title":"H\u00f6rger\u00e4te Typ Test - H\u00f6rger\u00e4te in Berlin - H\u00f6rakustik Lehmann","og_description":"[mk_page_section bg_image=&#8220;https:\/\/hoerakustik-lehmann.de\/cl\/wp-content\/uploads\/2020\/10\/hoergeraete-typ-test-keyvisual.jpg&#8220; bg_color=&#8220;#1d75b1&#8243; bg_position=&#8220;center center&#8220; bg_repeat=&#8220;no-repeat&#8220; bg_stretch=&#8220;true&#8220; adaptive_height=&#8220;true&#8220; max_height=&#8220;1361&#8243; skip_arrow=&#8220;true&#8220; sidebar=&#8220;sidebar-1&#8243;][vc_column][mk_padding_divider size=&#8220;99&#8243; visibility=&#8220;hidden-sm&#8220;][\/vc_column][\/mk_page_section][mk_page_section vertical_align=&#8220;center&#8220; bg_position=&#8220;center top&#8220; bg_repeat=&#8220;repeat-x&#8220; top_shape_color=&#8220;#1d75b1&#8243; sidebar=&#8220;sidebar-1&#8243;][vc_column][vc_row_inner is_fullwidth_content=&#8220;false&#8220;][vc_column_inner width=&#8220;1\/3&#8243;][mk_padding_divider size=&#8220;60&#8243;][mk_fancy_title color=&#8220;#000000&#8243; size=&#8220;24&#8243; force_font_size=&#8220;true&#8220; size_tablet=&#8220;30&#8243; size_phone=&#8220;18&#8243; font_weight=&#8220;300&#8243; txt_transform=&#8220;none&#8220; font_family=&#8220;none&#8220;]Die Smarte Signia SilkX[\/mk_fancy_title][mk_image_switch src_first=&#8220;https:\/\/hoerakustik-lehmann.de\/cl\/wp-content\/uploads\/2020\/10\/header-diskretion.jpg&#8220; src_second=&#8220;https:\/\/hoerakustik-lehmann.de\/cl\/wp-content\/uploads\/2020\/10\/header-diskretion-hover.jpg&#8220; hover_animation=&#8220;fading&#8220; image_width=&#8220;400&#8243;][\/vc_column_inner][vc_column_inner width=&#8220;1\/3&#8243;][mk_padding_divider size=&#8220;60&#8243;][mk_fancy_title color=&#8220;#000000&#8243; size=&#8220;24&#8243; force_font_size=&#8220;true&#8220; size_tablet=&#8220;30&#8243; size_phone=&#8220;18&#8243; font_weight=&#8220;300&#8243; txt_transform=&#8220;none&#8220; font_family=&#8220;none&#8220;]Der Stilsichere Signia StylettoX[\/mk_fancy_title][mk_image_switch src_first=&#8220;https:\/\/hoerakustik-lehmann.de\/cl\/wp-content\/uploads\/2020\/10\/header-stilsicher.jpg&#8220; src_second=&#8220;https:\/\/hoerakustik-lehmann.de\/cl\/wp-content\/uploads\/2020\/10\/header-stilsicher-hover.jpg&#8220; hover_animation=&#8220;fading&#8220; image_width=&#8220;400&#8243;][\/vc_column_inner][vc_column_inner width=&#8220;1\/3&#8243;][mk_padding_divider [&hellip;]","og_url":"https:\/\/hoerakustik-lehmann.de\/cl\/hoergeraete-typ-test\/","og_site_name":"H\u00f6rger\u00e4te in Berlin - H\u00f6rakustik Lehmann","article_modified_time":"2020-10-01T13:32:20+00:00","twitter_card":"summary_large_image","twitter_misc":{"Gesch\u00e4tzte Lesezeit":"2\u00a0Minuten"},"schema":{"@context":"https:\/\/schema.org","@graph":[{"@type":"WebPage","@id":"https:\/\/hoerakustik-lehmann.de\/cl\/hoergeraete-typ-test\/","url":"https:\/\/hoerakustik-lehmann.de\/cl\/hoergeraete-typ-test\/","name":"H\u00f6rger\u00e4te Typ Test - H\u00f6rger\u00e4te in Berlin - H\u00f6rakustik Lehmann","isPartOf":{"@id":"https:\/\/hoerakustik-lehmann.de\/cl\/#website"},"datePublished":"2020-10-01T09:01:28+00:00","dateModified":"2020-10-01T13:32:20+00:00","breadcrumb":{"@id":"https:\/\/hoerakustik-lehmann.de\/cl\/hoergeraete-typ-test\/#breadcrumb"},"inLanguage":"de","potentialAction":[{"@type":"ReadAction","target":["https:\/\/hoerakustik-lehmann.de\/cl\/hoergeraete-typ-test\/"]}]},{"@type":"BreadcrumbList","@id":"https:\/\/hoerakustik-lehmann.de\/cl\/hoergeraete-typ-test\/#breadcrumb","itemListElement":[{"@type":"ListItem","position":1,"name":"Startseite","item":"https:\/\/hoerakustik-lehmann.de\/cl\/"},{"@type":"ListItem","position":2,"name":"H\u00f6rger\u00e4te Typ Test"}]},{"@type":"WebSite","@id":"https:\/\/hoerakustik-lehmann.de\/cl\/#website","url":"https:\/\/hoerakustik-lehmann.de\/cl\/","name":"H\u00f6rger\u00e4te in Berlin - H\u00f6rakustik Lehmann","description":"H\u00f6r-Beratung, H\u00f6rger\u00e4te und Zubeh\u00f6r","publisher":{"@id":"https:\/\/hoerakustik-lehmann.de\/cl\/#organization"},"potentialAction":[{"@type":"SearchAction","target":{"@type":"EntryPoint","urlTemplate":"https:\/\/hoerakustik-lehmann.de\/cl\/?s={search_term_string}"},"query-input":{"@type":"PropertyValueSpecification","valueRequired":true,"valueName":"search_term_string"}}],"inLanguage":"de"},{"@type":["Organization","Place","LocalBusiness"],"@id":"https:\/\/hoerakustik-lehmann.de\/cl\/#organization","name":"H\u00f6rakustik Lehmann","url":"https:\/\/hoerakustik-lehmann.de\/cl\/","logo":{"@id":"https:\/\/hoerakustik-lehmann.de\/cl\/hoergeraete-typ-test\/#local-main-organization-logo"},"image":{"@id":"https:\/\/hoerakustik-lehmann.de\/cl\/hoergeraete-typ-test\/#local-main-organization-logo"},"address":{"@id":"https:\/\/hoerakustik-lehmann.de\/cl\/hoergeraete-typ-test\/#local-main-place-address"},"telephone":["Tel. 030 \u2013 209 53 833"],"openingHoursSpecification":[{"@type":"OpeningHoursSpecification","dayOfWeek":["Monday","Tuesday","Wednesday","Thursday"],"opens":"09:00","closes":"18:00"},{"@type":"OpeningHoursSpecification","dayOfWeek":["Friday"],"opens":"09:00","closes":"13:00"},{"@type":"OpeningHoursSpecification","dayOfWeek":["Saturday","Sunday"],"opens":"00:00","closes":"00:00"}],"email":"info@hoerakustik-lehmann.de"},{"@type":"PostalAddress","@id":"https:\/\/hoerakustik-lehmann.de\/cl\/hoergeraete-typ-test\/#local-main-place-address","streetAddress":"D\u00f6rpfeldstr. 36","addressLocality":"Berlin","postalCode":"12489","addressCountry":"DE"},{"@type":"ImageObject","inLanguage":"de","@id":"https:\/\/hoerakustik-lehmann.de\/cl\/hoergeraete-typ-test\/#local-main-organization-logo","url":"https:\/\/hoerakustik-lehmann.de\/cl\/wp-content\/uploads\/2020\/02\/logo2.png","contentUrl":"https:\/\/hoerakustik-lehmann.de\/cl\/wp-content\/uploads\/2020\/02\/logo2.png","width":579,"height":181,"caption":"H\u00f6rakustik Lehmann"}]},"geo.placename":"Berlin","geo.region":"Deutschland"},"_links":{"self":[{"href":"https:\/\/hoerakustik-lehmann.de\/cl\/wp-json\/wp\/v2\/pages\/702"}],"collection":[{"href":"https:\/\/hoerakustik-lehmann.de\/cl\/wp-json\/wp\/v2\/pages"}],"about":[{"href":"https:\/\/hoerakustik-lehmann.de\/cl\/wp-json\/wp\/v2\/types\/page"}],"author":[{"embeddable":true,"href":"https:\/\/hoerakustik-lehmann.de\/cl\/wp-json\/wp\/v2\/users\/1"}],"replies":[{"embeddable":true,"href":"https:\/\/hoerakustik-lehmann.de\/cl\/wp-json\/wp\/v2\/comments?post=702"}],"version-history":[{"count":24,"href":"https:\/\/hoerakustik-lehmann.de\/cl\/wp-json\/wp\/v2\/pages\/702\/revisions"}],"predecessor-version":[{"id":733,"href":"https:\/\/hoerakustik-lehmann.de\/cl\/wp-json\/wp\/v2\/pages\/702\/revisions\/733"}],"wp:attachment":[{"href":"https:\/\/hoerakustik-lehmann.de\/cl\/wp-json\/wp\/v2\/media?parent=702"}],"curies":[{"name":"wp","href":"https:\/\/api.w.org\/{rel}","templated":true}]}}