{"id":361,"date":"2019-02-05T15:32:05","date_gmt":"2019-02-05T14:32:05","guid":{"rendered":"https:\/\/dittrich-hoerakustik.de\/?page_id=361"},"modified":"2020-02-06T14:29:34","modified_gmt":"2020-02-06T13:29:34","slug":"online-schnell-hoertest","status":"publish","type":"page","link":"https:\/\/hoerakustik-lehmann.de\/cl\/online-schnell-hoertest\/","title":{"rendered":"Online Schnell-H\u00f6rtest"},"content":{"rendered":"[mk_page_section bg_image=&#8220;https:\/\/hoerakustik-lehmann.de\/cl\/wp-content\/uploads\/2019\/12\/bgcyan.jpg&#8220; bg_color=&#8220;#1d75b1&#8243; bg_position=&#8220;center center&#8220; bg_repeat=&#8220;no-repeat&#8220; bg_stretch=&#8220;true&#8220; full_height=&#8220;true&#8220; skip_arrow=&#8220;true&#8220; sidebar=&#8220;sidebar-1&#8243;][vc_column][mk_fancy_title tag_name=&#8220;h1&#8243; color=&#8220;#ffffff&#8220; size=&#8220;90&#8243; force_font_size=&#8220;true&#8220; size_tablet=&#8220;50&#8243; size_phone=&#8220;40&#8243; font_weight=&#8220;400&#8243; txt_transform=&#8220;none&#8220; letter_spacing=&#8220;1&#8243; margin_bottom=&#8220;0&#8243; font_family=&#8220;Playfair+Display&#8220; font_type=&#8220;google&#8220; animation=&#8220;scale-up&#8220;]\n<p style=\"text-align: center;\">Online Schnell-H\u00f6rtest<\/p>\n[\/mk_fancy_title][mk_padding_divider size=&#8220;99&#8243; visibility=&#8220;hidden-sm&#8220;][\/vc_column][\/mk_page_section][vc_row fullwidth=&#8220;true&#8220;][vc_column][vc_raw_html]JTNDaWZyYW1lJTIwc3JjJTNEJTIyaHR0cHMlM0ElMkYlMkZoZWFyaW5nLXNjcmVlbmVyLmJleW9uZGhlYXJpbmcub3JnJTJGREpCUzJjJTIyJTIwd2lkdGglM0QlMjIxMDAlMjUlMjIlMjBoZWlnaHQlM0QlMjI5MDAlMjIlMjBmcmFtZWJvcmRlciUzRCUyMjAlMjIlMjBzdHlsZSUzRCUyMmJvcmRlciUzQTAlM0IlMjIlMjBhbGxvd2Z1bGxzY3JlZW4lM0QlMjIlMjIlM0UlM0MlMkZpZnJhbWUlM0U=[\/vc_raw_html][\/vc_column][\/vc_row][vc_row][vc_column][mk_padding_divider size=&#8220;60&#8243;][\/vc_column][\/vc_row]\n","protected":false},"excerpt":{"rendered":"<p>[mk_page_section bg_image=&#8220;https:\/\/hoerakustik-lehmann.de\/cl\/wp-content\/uploads\/2019\/12\/bgcyan.jpg&#8220; bg_color=&#8220;#1d75b1&#8243; bg_position=&#8220;center center&#8220; bg_repeat=&#8220;no-repeat&#8220; bg_stretch=&#8220;true&#8220; full_height=&#8220;true&#8220; skip_arrow=&#8220;true&#8220; sidebar=&#8220;sidebar-1&#8243;][vc_column][mk_fancy_title tag_name=&#8220;h1&#8243; color=&#8220;#ffffff&#8220; size=&#8220;90&#8243; force_font_size=&#8220;true&#8220; size_tablet=&#8220;50&#8243; size_phone=&#8220;40&#8243; font_weight=&#8220;400&#8243; txt_transform=&#8220;none&#8220; letter_spacing=&#8220;1&#8243; margin_bottom=&#8220;0&#8243; font_family=&#8220;Playfair+Display&#8220; font_type=&#8220;google&#8220; animation=&#8220;scale-up&#8220;] Online Schnell-H\u00f6rtest [\/mk_fancy_title][mk_padding_divider size=&#8220;99&#8243; visibility=&#8220;hidden-sm&#8220;][\/vc_column][\/mk_page_section][vc_row fullwidth=&#8220;true&#8220;][vc_column][vc_raw_html]JTNDaWZyYW1lJTIwc3JjJTNEJTIyaHR0cHMlM0ElMkYlMkZoZWFyaW5nLXNjcmVlbmVyLmJleW9uZGhlYXJpbmcub3JnJTJGREpCUzJjJTIyJTIwd2lkdGglM0QlMjIxMDAlMjUlMjIlMjBoZWlnaHQlM0QlMjI5MDAlMjIlMjBmcmFtZWJvcmRlciUzRCUyMjAlMjIlMjBzdHlsZSUzRCUyMmJvcmRlciUzQTAlM0IlMjIlMjBhbGxvd2Z1bGxzY3JlZW4lM0QlMjIlMjIlM0UlM0MlMkZpZnJhbWUlM0U=[\/vc_raw_html][\/vc_column][\/vc_row][vc_row][vc_column][mk_padding_divider size=&#8220;60&#8243;][\/vc_column][\/vc_row]<\/p>\n","protected":false},"author":1,"featured_media":0,"parent":0,"menu_order":0,"comment_status":"closed","ping_status":"closed","template":"","meta":{"_mi_skip_tracking":false,"_monsterinsights_sitenote_active":false,"_monsterinsights_sitenote_note":"","_monsterinsights_sitenote_category":0,"footnotes":""},"class_list":["post-361","page","type-page","status-publish","hentry"],"yoast_head":"<!-- This site is optimized with the Yoast SEO plugin v25.3.1 - https:\/\/yoast.com\/wordpress\/plugins\/seo\/ -->\n<title>Online Schnell-H\u00f6rtest - H\u00f6rger\u00e4te in Berlin - H\u00f6rakustik Lehmann<\/title>\n<meta name=\"robots\" content=\"index, follow, max-snippet:-1, max-image-preview:large, max-video-preview:-1\" \/>\n<link rel=\"canonical\" href=\"https:\/\/hoerakustik-lehmann.de\/cl\/online-schnell-hoertest\/\" \/>\n<meta property=\"og:locale\" content=\"de_DE\" \/>\n<meta property=\"og:type\" content=\"article\" \/>\n<meta property=\"og:title\" content=\"Online Schnell-H\u00f6rtest - H\u00f6rger\u00e4te in Berlin - H\u00f6rakustik Lehmann\" \/>\n<meta property=\"og:description\" content=\"[mk_page_section bg_image=&#8220;https:\/\/hoerakustik-lehmann.de\/cl\/wp-content\/uploads\/2019\/12\/bgcyan.jpg&#8220; bg_color=&#8220;#1d75b1&#8243; bg_position=&#8220;center center&#8220; bg_repeat=&#8220;no-repeat&#8220; bg_stretch=&#8220;true&#8220; full_height=&#8220;true&#8220; skip_arrow=&#8220;true&#8220; sidebar=&#8220;sidebar-1&#8243;][vc_column][mk_fancy_title tag_name=&#8220;h1&#8243; color=&#8220;#ffffff&#8220; size=&#8220;90&#8243; force_font_size=&#8220;true&#8220; size_tablet=&#8220;50&#8243; size_phone=&#8220;40&#8243; font_weight=&#8220;400&#8243; txt_transform=&#8220;none&#8220; letter_spacing=&#8220;1&#8243; margin_bottom=&#8220;0&#8243; font_family=&#8220;Playfair+Display&#8220; font_type=&#8220;google&#8220; animation=&#8220;scale-up&#8220;] Online Schnell-H\u00f6rtest [\/mk_fancy_title][mk_padding_divider size=&#8220;99&#8243; visibility=&#8220;hidden-sm&#8220;][\/vc_column][\/mk_page_section][vc_row fullwidth=&#8220;true&#8220;][vc_column][vc_raw_html]JTNDaWZyYW1lJTIwc3JjJTNEJTIyaHR0cHMlM0ElMkYlMkZoZWFyaW5nLXNjcmVlbmVyLmJleW9uZGhlYXJpbmcub3JnJTJGREpCUzJjJTIyJTIwd2lkdGglM0QlMjIxMDAlMjUlMjIlMjBoZWlnaHQlM0QlMjI5MDAlMjIlMjBmcmFtZWJvcmRlciUzRCUyMjAlMjIlMjBzdHlsZSUzRCUyMmJvcmRlciUzQTAlM0IlMjIlMjBhbGxvd2Z1bGxzY3JlZW4lM0QlMjIlMjIlM0UlM0MlMkZpZnJhbWUlM0U=[\/vc_raw_html][\/vc_column][\/vc_row][vc_row][vc_column][mk_padding_divider size=&#8220;60&#8243;][\/vc_column][\/vc_row]\" \/>\n<meta property=\"og:url\" content=\"https:\/\/hoerakustik-lehmann.de\/cl\/online-schnell-hoertest\/\" \/>\n<meta property=\"og:site_name\" content=\"H\u00f6rger\u00e4te in Berlin - H\u00f6rakustik Lehmann\" \/>\n<meta property=\"article:modified_time\" content=\"2020-02-06T13:29:34+00:00\" \/>\n<meta name=\"twitter:card\" content=\"summary_large_image\" \/>\n<meta name=\"twitter:label1\" content=\"Gesch\u00e4tzte Lesezeit\" \/>\n\t<meta name=\"twitter:data1\" content=\"1\u00a0Minute\" \/>\n<script type=\"application\/ld+json\" class=\"yoast-schema-graph\">{\"@context\":\"https:\/\/schema.org\",\"@graph\":[{\"@type\":\"WebPage\",\"@id\":\"https:\/\/hoerakustik-lehmann.de\/cl\/online-schnell-hoertest\/\",\"url\":\"https:\/\/hoerakustik-lehmann.de\/cl\/online-schnell-hoertest\/\",\"name\":\"Online Schnell-H\u00f6rtest - H\u00f6rger\u00e4te in Berlin - H\u00f6rakustik Lehmann\",\"isPartOf\":{\"@id\":\"https:\/\/hoerakustik-lehmann.de\/cl\/#website\"},\"datePublished\":\"2019-02-05T14:32:05+00:00\",\"dateModified\":\"2020-02-06T13:29:34+00:00\",\"breadcrumb\":{\"@id\":\"https:\/\/hoerakustik-lehmann.de\/cl\/online-schnell-hoertest\/#breadcrumb\"},\"inLanguage\":\"de\",\"potentialAction\":[{\"@type\":\"ReadAction\",\"target\":[\"https:\/\/hoerakustik-lehmann.de\/cl\/online-schnell-hoertest\/\"]}]},{\"@type\":\"BreadcrumbList\",\"@id\":\"https:\/\/hoerakustik-lehmann.de\/cl\/online-schnell-hoertest\/#breadcrumb\",\"itemListElement\":[{\"@type\":\"ListItem\",\"position\":1,\"name\":\"Startseite\",\"item\":\"https:\/\/hoerakustik-lehmann.de\/cl\/\"},{\"@type\":\"ListItem\",\"position\":2,\"name\":\"Online Schnell-H\u00f6rtest\"}]},{\"@type\":\"WebSite\",\"@id\":\"https:\/\/hoerakustik-lehmann.de\/cl\/#website\",\"url\":\"https:\/\/hoerakustik-lehmann.de\/cl\/\",\"name\":\"H\u00f6rger\u00e4te in Berlin - H\u00f6rakustik Lehmann\",\"description\":\"H\u00f6r-Beratung, H\u00f6rger\u00e4te und Zubeh\u00f6r\",\"publisher\":{\"@id\":\"https:\/\/hoerakustik-lehmann.de\/cl\/#organization\"},\"potentialAction\":[{\"@type\":\"SearchAction\",\"target\":{\"@type\":\"EntryPoint\",\"urlTemplate\":\"https:\/\/hoerakustik-lehmann.de\/cl\/?s={search_term_string}\"},\"query-input\":{\"@type\":\"PropertyValueSpecification\",\"valueRequired\":true,\"valueName\":\"search_term_string\"}}],\"inLanguage\":\"de\"},{\"@type\":[\"Organization\",\"Place\",\"LocalBusiness\"],\"@id\":\"https:\/\/hoerakustik-lehmann.de\/cl\/#organization\",\"name\":\"H\u00f6rakustik Lehmann\",\"url\":\"https:\/\/hoerakustik-lehmann.de\/cl\/\",\"logo\":{\"@id\":\"https:\/\/hoerakustik-lehmann.de\/cl\/online-schnell-hoertest\/#local-main-organization-logo\"},\"image\":{\"@id\":\"https:\/\/hoerakustik-lehmann.de\/cl\/online-schnell-hoertest\/#local-main-organization-logo\"},\"address\":{\"@id\":\"https:\/\/hoerakustik-lehmann.de\/cl\/online-schnell-hoertest\/#local-main-place-address\"},\"telephone\":[\"Tel. 030 \u2013 209 53 833\"],\"openingHoursSpecification\":[{\"@type\":\"OpeningHoursSpecification\",\"dayOfWeek\":[\"Monday\",\"Tuesday\",\"Wednesday\",\"Thursday\"],\"opens\":\"09:00\",\"closes\":\"18:00\"},{\"@type\":\"OpeningHoursSpecification\",\"dayOfWeek\":[\"Friday\"],\"opens\":\"09:00\",\"closes\":\"13:00\"},{\"@type\":\"OpeningHoursSpecification\",\"dayOfWeek\":[\"Saturday\",\"Sunday\"],\"opens\":\"00:00\",\"closes\":\"00:00\"}],\"email\":\"info@hoerakustik-lehmann.de\"},{\"@type\":\"PostalAddress\",\"@id\":\"https:\/\/hoerakustik-lehmann.de\/cl\/online-schnell-hoertest\/#local-main-place-address\",\"streetAddress\":\"D\u00f6rpfeldstr. 36\",\"addressLocality\":\"Berlin\",\"postalCode\":\"12489\",\"addressCountry\":\"DE\"},{\"@type\":\"ImageObject\",\"inLanguage\":\"de\",\"@id\":\"https:\/\/hoerakustik-lehmann.de\/cl\/online-schnell-hoertest\/#local-main-organization-logo\",\"url\":\"https:\/\/hoerakustik-lehmann.de\/cl\/wp-content\/uploads\/2020\/02\/logo2.png\",\"contentUrl\":\"https:\/\/hoerakustik-lehmann.de\/cl\/wp-content\/uploads\/2020\/02\/logo2.png\",\"width\":579,\"height\":181,\"caption\":\"H\u00f6rakustik Lehmann\"}]}<\/script>\n<meta name=\"geo.placename\" content=\"Berlin\" \/>\n<meta name=\"geo.region\" content=\"Deutschland\" \/>\n<!-- \/ Yoast SEO plugin. -->","yoast_head_json":{"title":"Online Schnell-H\u00f6rtest - H\u00f6rger\u00e4te in Berlin - H\u00f6rakustik Lehmann","robots":{"index":"index","follow":"follow","max-snippet":"max-snippet:-1","max-image-preview":"max-image-preview:large","max-video-preview":"max-video-preview:-1"},"canonical":"https:\/\/hoerakustik-lehmann.de\/cl\/online-schnell-hoertest\/","og_locale":"de_DE","og_type":"article","og_title":"Online Schnell-H\u00f6rtest - H\u00f6rger\u00e4te in Berlin - H\u00f6rakustik Lehmann","og_description":"[mk_page_section bg_image=&#8220;https:\/\/hoerakustik-lehmann.de\/cl\/wp-content\/uploads\/2019\/12\/bgcyan.jpg&#8220; bg_color=&#8220;#1d75b1&#8243; bg_position=&#8220;center center&#8220; bg_repeat=&#8220;no-repeat&#8220; bg_stretch=&#8220;true&#8220; full_height=&#8220;true&#8220; skip_arrow=&#8220;true&#8220; sidebar=&#8220;sidebar-1&#8243;][vc_column][mk_fancy_title tag_name=&#8220;h1&#8243; color=&#8220;#ffffff&#8220; size=&#8220;90&#8243; force_font_size=&#8220;true&#8220; size_tablet=&#8220;50&#8243; size_phone=&#8220;40&#8243; font_weight=&#8220;400&#8243; txt_transform=&#8220;none&#8220; letter_spacing=&#8220;1&#8243; margin_bottom=&#8220;0&#8243; font_family=&#8220;Playfair+Display&#8220; font_type=&#8220;google&#8220; animation=&#8220;scale-up&#8220;] Online Schnell-H\u00f6rtest [\/mk_fancy_title][mk_padding_divider size=&#8220;99&#8243; visibility=&#8220;hidden-sm&#8220;][\/vc_column][\/mk_page_section][vc_row fullwidth=&#8220;true&#8220;][vc_column][vc_raw_html]JTNDaWZyYW1lJTIwc3JjJTNEJTIyaHR0cHMlM0ElMkYlMkZoZWFyaW5nLXNjcmVlbmVyLmJleW9uZGhlYXJpbmcub3JnJTJGREpCUzJjJTIyJTIwd2lkdGglM0QlMjIxMDAlMjUlMjIlMjBoZWlnaHQlM0QlMjI5MDAlMjIlMjBmcmFtZWJvcmRlciUzRCUyMjAlMjIlMjBzdHlsZSUzRCUyMmJvcmRlciUzQTAlM0IlMjIlMjBhbGxvd2Z1bGxzY3JlZW4lM0QlMjIlMjIlM0UlM0MlMkZpZnJhbWUlM0U=[\/vc_raw_html][\/vc_column][\/vc_row][vc_row][vc_column][mk_padding_divider size=&#8220;60&#8243;][\/vc_column][\/vc_row]","og_url":"https:\/\/hoerakustik-lehmann.de\/cl\/online-schnell-hoertest\/","og_site_name":"H\u00f6rger\u00e4te in Berlin - H\u00f6rakustik Lehmann","article_modified_time":"2020-02-06T13:29:34+00:00","twitter_card":"summary_large_image","twitter_misc":{"Gesch\u00e4tzte Lesezeit":"1\u00a0Minute"},"schema":{"@context":"https:\/\/schema.org","@graph":[{"@type":"WebPage","@id":"https:\/\/hoerakustik-lehmann.de\/cl\/online-schnell-hoertest\/","url":"https:\/\/hoerakustik-lehmann.de\/cl\/online-schnell-hoertest\/","name":"Online Schnell-H\u00f6rtest - H\u00f6rger\u00e4te in Berlin - H\u00f6rakustik Lehmann","isPartOf":{"@id":"https:\/\/hoerakustik-lehmann.de\/cl\/#website"},"datePublished":"2019-02-05T14:32:05+00:00","dateModified":"2020-02-06T13:29:34+00:00","breadcrumb":{"@id":"https:\/\/hoerakustik-lehmann.de\/cl\/online-schnell-hoertest\/#breadcrumb"},"inLanguage":"de","potentialAction":[{"@type":"ReadAction","target":["https:\/\/hoerakustik-lehmann.de\/cl\/online-schnell-hoertest\/"]}]},{"@type":"BreadcrumbList","@id":"https:\/\/hoerakustik-lehmann.de\/cl\/online-schnell-hoertest\/#breadcrumb","itemListElement":[{"@type":"ListItem","position":1,"name":"Startseite","item":"https:\/\/hoerakustik-lehmann.de\/cl\/"},{"@type":"ListItem","position":2,"name":"Online Schnell-H\u00f6rtest"}]},{"@type":"WebSite","@id":"https:\/\/hoerakustik-lehmann.de\/cl\/#website","url":"https:\/\/hoerakustik-lehmann.de\/cl\/","name":"H\u00f6rger\u00e4te in Berlin - H\u00f6rakustik Lehmann","description":"H\u00f6r-Beratung, H\u00f6rger\u00e4te und Zubeh\u00f6r","publisher":{"@id":"https:\/\/hoerakustik-lehmann.de\/cl\/#organization"},"potentialAction":[{"@type":"SearchAction","target":{"@type":"EntryPoint","urlTemplate":"https:\/\/hoerakustik-lehmann.de\/cl\/?s={search_term_string}"},"query-input":{"@type":"PropertyValueSpecification","valueRequired":true,"valueName":"search_term_string"}}],"inLanguage":"de"},{"@type":["Organization","Place","LocalBusiness"],"@id":"https:\/\/hoerakustik-lehmann.de\/cl\/#organization","name":"H\u00f6rakustik Lehmann","url":"https:\/\/hoerakustik-lehmann.de\/cl\/","logo":{"@id":"https:\/\/hoerakustik-lehmann.de\/cl\/online-schnell-hoertest\/#local-main-organization-logo"},"image":{"@id":"https:\/\/hoerakustik-lehmann.de\/cl\/online-schnell-hoertest\/#local-main-organization-logo"},"address":{"@id":"https:\/\/hoerakustik-lehmann.de\/cl\/online-schnell-hoertest\/#local-main-place-address"},"telephone":["Tel. 030 \u2013 209 53 833"],"openingHoursSpecification":[{"@type":"OpeningHoursSpecification","dayOfWeek":["Monday","Tuesday","Wednesday","Thursday"],"opens":"09:00","closes":"18:00"},{"@type":"OpeningHoursSpecification","dayOfWeek":["Friday"],"opens":"09:00","closes":"13:00"},{"@type":"OpeningHoursSpecification","dayOfWeek":["Saturday","Sunday"],"opens":"00:00","closes":"00:00"}],"email":"info@hoerakustik-lehmann.de"},{"@type":"PostalAddress","@id":"https:\/\/hoerakustik-lehmann.de\/cl\/online-schnell-hoertest\/#local-main-place-address","streetAddress":"D\u00f6rpfeldstr. 36","addressLocality":"Berlin","postalCode":"12489","addressCountry":"DE"},{"@type":"ImageObject","inLanguage":"de","@id":"https:\/\/hoerakustik-lehmann.de\/cl\/online-schnell-hoertest\/#local-main-organization-logo","url":"https:\/\/hoerakustik-lehmann.de\/cl\/wp-content\/uploads\/2020\/02\/logo2.png","contentUrl":"https:\/\/hoerakustik-lehmann.de\/cl\/wp-content\/uploads\/2020\/02\/logo2.png","width":579,"height":181,"caption":"H\u00f6rakustik Lehmann"}]},"geo.placename":"Berlin","geo.region":"Deutschland"},"_links":{"self":[{"href":"https:\/\/hoerakustik-lehmann.de\/cl\/wp-json\/wp\/v2\/pages\/361"}],"collection":[{"href":"https:\/\/hoerakustik-lehmann.de\/cl\/wp-json\/wp\/v2\/pages"}],"about":[{"href":"https:\/\/hoerakustik-lehmann.de\/cl\/wp-json\/wp\/v2\/types\/page"}],"author":[{"embeddable":true,"href":"https:\/\/hoerakustik-lehmann.de\/cl\/wp-json\/wp\/v2\/users\/1"}],"replies":[{"embeddable":true,"href":"https:\/\/hoerakustik-lehmann.de\/cl\/wp-json\/wp\/v2\/comments?post=361"}],"version-history":[{"count":8,"href":"https:\/\/hoerakustik-lehmann.de\/cl\/wp-json\/wp\/v2\/pages\/361\/revisions"}],"predecessor-version":[{"id":616,"href":"https:\/\/hoerakustik-lehmann.de\/cl\/wp-json\/wp\/v2\/pages\/361\/revisions\/616"}],"wp:attachment":[{"href":"https:\/\/hoerakustik-lehmann.de\/cl\/wp-json\/wp\/v2\/media?parent=361"}],"curies":[{"name":"wp","href":"https:\/\/api.w.org\/{rel}","templated":true}]}}