{"id":318,"date":"2019-01-14T12:14:45","date_gmt":"2019-01-14T11:14:45","guid":{"rendered":"https:\/\/dittrich-hoerakustik.de\/?page_id=318"},"modified":"2021-03-17T10:02:14","modified_gmt":"2021-03-17T09:02:14","slug":"impressum","status":"publish","type":"page","link":"https:\/\/hoerakustik-lehmann.de\/cl\/impressum\/","title":{"rendered":"Impressum"},"content":{"rendered":"[mk_page_section bg_image=&#8220;https:\/\/hoerakustik-lehmann.de\/cl\/wp-content\/uploads\/2019\/12\/bgcyan.jpg&#8220; bg_color=&#8220;#1d75b1&#8243; bg_position=&#8220;center center&#8220; bg_repeat=&#8220;no-repeat&#8220; bg_stretch=&#8220;true&#8220; full_height=&#8220;true&#8220; skip_arrow=&#8220;true&#8220; sidebar=&#8220;sidebar-1&#8243;][vc_column][mk_fancy_title tag_name=&#8220;h1&#8243; color=&#8220;#ffffff&#8220; size=&#8220;90&#8243; force_font_size=&#8220;true&#8220; size_tablet=&#8220;50&#8243; size_phone=&#8220;40&#8243; font_weight=&#8220;400&#8243; txt_transform=&#8220;none&#8220; letter_spacing=&#8220;1&#8243; margin_bottom=&#8220;0&#8243; font_family=&#8220;Playfair+Display&#8220; font_type=&#8220;google&#8220; animation=&#8220;scale-up&#8220;]\n<p style=\"text-align: center;\">Impressum<\/p>\n[\/mk_fancy_title][mk_padding_divider size=&#8220;99&#8243; visibility=&#8220;hidden-sm&#8220;][\/vc_column][\/mk_page_section][vc_row fullwidth=&#8220;true&#8220;][vc_column][vc_single_image image=&#8220;273&#8243; img_size=&#8220;full&#8220;][\/vc_column][\/vc_row][mk_page_section vertical_align=&#8220;center&#8220; bg_position=&#8220;center top&#8220; bg_repeat=&#8220;repeat-x&#8220; top_shape_color=&#8220;#1d75b1&#8243; sidebar=&#8220;sidebar-1&#8243;][vc_column][vc_row_inner is_fullwidth_content=&#8220;false&#8220;][vc_column_inner][mk_padding_divider size=&#8220;60&#8243;][mk_fancy_title color=&#8220;#000000&#8243; size=&#8220;24&#8243; force_font_size=&#8220;true&#8220; size_tablet=&#8220;30&#8243; size_phone=&#8220;18&#8243; font_weight=&#8220;300&#8243; txt_transform=&#8220;none&#8220; font_family=&#8220;none&#8220;]\n<div class=\"fusion-text\">\n<h3 data-fontsize=\"40\" data-lineheight=\"40\">Angaben gem\u00e4\u00df \u00a7 5 TMG:<\/h3>\n<p>H\u00f6rakustik Kornelia Lehmann<br \/>\nMeisterbetrieb<\/p>\n<p>Br\u00fcckenstr. 2<br \/>\n12439 Berlin \/ Sch\u00f6neweide<\/p>\n<p>Telefon: 030 \u2013 636 4646<\/p>\n<p>ae@hoerakustik-lehmann.de<\/p>\n<p>Umsatzsteuer-Identifikationsnummer: DE 152521713<\/p>\n<p>Berufsbezeichnung: H\u00f6rger\u00e4teakustikermeisterin \/ P\u00e4dakustikerin<br \/>\nZust\u00e4ndige Kammer: Berlin<br \/>\nVerliehen durch: Handwerkskammer Deutschland<\/p>\n<p>Mitglied der Bundesinnung der H\u00f6rger\u00e4teakustiker mit Sitz in Mainz<br \/>\nEs gelten folgende berufsrechtliche Regelungen:<br \/>\nGesetz zur Ordnung des Handwerks(Handwerksordnung) in der jeweils g\u00fcltigen Fassung:<br \/>\nRegelungen einsehbar unter:http:\/\/bundesrecht.juris.de\/hwo\/index.html<\/p>\n<p>Berufshaftpflichtversicherung:<br \/>\nMecklenburgische Versicherung Sitz Hannover<br \/>\nGeltungsbereich: Deutschland<\/p>\n<p>Verantwortlich f\u00fcr den Inhalt nach \u00a7 55 Abs.2 RStV:<br \/>\nKornelia Lehmann<\/p>\n<p>Br\u00fcckenstr. 2<br \/>\n12439 Berlin \/ Sch\u00f6neweide<\/p>\n<p>Quelle: erstellt mit dem Impressum-Generator Einzelunternehmer von eRecht24.<\/p>\n<h3 data-fontsize=\"40\" data-lineheight=\"40\">Streitschlichtung<\/h3>\n<p>Die Europ\u00e4ische Kommission stellt eine Plattform zur Online-Streitbeilegung (OS) bereit:\u00a0<a href=\"https:\/\/ec.europa.eu\/consumers\/odr\" target=\"_blank\" rel=\"noopener noreferrer\">https:\/\/ec.europa.eu\/consumers\/odr<\/a>.<br \/>\nUnsere E-Mail-Adresse finden Sie oben im Impressum.<\/p>\n<p>Wir sind nicht bereit oder verpflichtet, an Streitbeilegungsverfahren vor einer Verbraucherschlichtungsstelle teilzunehmen.<\/p>\n<h3 data-fontsize=\"40\" data-lineheight=\"40\">Haftung f\u00fcr Inhalte<\/h3>\n<p>Als Diensteanbieter sind wir gem\u00e4\u00df \u00a7 7 Abs.1 TMG f\u00fcr eigene Inhalte auf diesen Seiten nach den allgemeinen Gesetzen verantwortlich. Nach \u00a7\u00a7 8 bis 10 TMG sind wir als Diensteanbieter jedoch nicht verpflichtet, \u00fcbermittelte oder gespeicherte fremde Informationen zu \u00fcberwachen oder nach Umst\u00e4nden zu forschen, die auf eine rechtswidrige T\u00e4tigkeit hinweisen.<\/p>\n<p>Verpflichtungen zur Entfernung oder Sperrung der Nutzung von Informationen nach den allgemeinen Gesetzen bleiben hiervon unber\u00fchrt. Eine diesbez\u00fcgliche Haftung ist jedoch erst ab dem Zeitpunkt der Kenntnis einer konkreten Rechtsverletzung m\u00f6glich. Bei Bekanntwerden von entsprechenden Rechtsverletzungen werden wir diese Inhalte umgehend entfernen.<\/p>\n<h3 data-fontsize=\"40\" data-lineheight=\"40\">Haftung f\u00fcr Links<\/h3>\n<p>Unser Angebot enth\u00e4lt Links zu externen Websites Dritter, auf deren Inhalte wir keinen Einfluss haben. Deshalb k\u00f6nnen wir f\u00fcr diese fremden Inhalte auch keine Gew\u00e4hr \u00fcbernehmen. F\u00fcr die Inhalte der verlinkten Seiten ist stets der jeweilige Anbieter oder Betreiber der Seiten verantwortlich. Die verlinkten Seiten wurden zum Zeitpunkt der Verlinkung auf m\u00f6gliche Rechtsverst\u00f6\u00dfe \u00fcberpr\u00fcft. Rechtswidrige Inhalte waren zum Zeitpunkt der Verlinkung nicht erkennbar.<\/p>\n<p>Eine permanente inhaltliche Kontrolle der verlinkten Seiten ist jedoch ohne konkrete Anhaltspunkte einer Rechtsverletzung nicht zumutbar. Bei Bekanntwerden von Rechtsverletzungen werden wir derartige Links umgehend entfernen.<\/p>\n<h3 data-fontsize=\"40\" data-lineheight=\"40\">Urheberrecht<\/h3>\n<p>Die durch die Seitenbetreiber erstellten Inhalte und Werke auf diesen Seiten unterliegen dem deutschen Urheberrecht. Die Vervielf\u00e4ltigung, Bearbeitung, Verbreitung und jede Art der Verwertung au\u00dferhalb der Grenzen des Urheberrechtes bed\u00fcrfen der schriftlichen Zustimmung des jeweiligen Autors bzw. Erstellers. Downloads und Kopien dieser Seite sind nur f\u00fcr den privaten, nicht kommerziellen Gebrauch gestattet.<\/p>\n<p>Soweit die Inhalte auf dieser Seite nicht vom Betreiber erstellt wurden, werden die Urheberrechte Dritter beachtet. Insbesondere werden Inhalte Dritter als solche gekennzeichnet. Sollten Sie trotzdem auf eine Urheberrechtsverletzung aufmerksam werden, bitten wir um einen entsprechenden Hinweis. Bei Bekanntwerden von Rechtsverletzungen werden wir derartige Inhalte umgehend entfernen.<\/p>\n<\/div>\n[\/mk_fancy_title][\/vc_column_inner][\/vc_row_inner][\/vc_column][\/mk_page_section][vc_row][vc_column][mk_padding_divider size=&#8220;120&#8243;][\/vc_column][\/vc_row]\n","protected":false},"excerpt":{"rendered":"<p>[mk_page_section bg_image=&#8220;https:\/\/hoerakustik-lehmann.de\/cl\/wp-content\/uploads\/2019\/12\/bgcyan.jpg&#8220; bg_color=&#8220;#1d75b1&#8243; bg_position=&#8220;center center&#8220; bg_repeat=&#8220;no-repeat&#8220; bg_stretch=&#8220;true&#8220; full_height=&#8220;true&#8220; skip_arrow=&#8220;true&#8220; sidebar=&#8220;sidebar-1&#8243;][vc_column][mk_fancy_title tag_name=&#8220;h1&#8243; color=&#8220;#ffffff&#8220; size=&#8220;90&#8243; force_font_size=&#8220;true&#8220; size_tablet=&#8220;50&#8243; size_phone=&#8220;40&#8243; font_weight=&#8220;400&#8243; txt_transform=&#8220;none&#8220; letter_spacing=&#8220;1&#8243; margin_bottom=&#8220;0&#8243; font_family=&#8220;Playfair+Display&#8220; font_type=&#8220;google&#8220; animation=&#8220;scale-up&#8220;] Impressum [\/mk_fancy_title][mk_padding_divider size=&#8220;99&#8243; visibility=&#8220;hidden-sm&#8220;][\/vc_column][\/mk_page_section][vc_row fullwidth=&#8220;true&#8220;][vc_column][vc_single_image image=&#8220;273&#8243; img_size=&#8220;full&#8220;][\/vc_column][\/vc_row][mk_page_section vertical_align=&#8220;center&#8220; bg_position=&#8220;center top&#8220; bg_repeat=&#8220;repeat-x&#8220; top_shape_color=&#8220;#1d75b1&#8243; sidebar=&#8220;sidebar-1&#8243;][vc_column][vc_row_inner is_fullwidth_content=&#8220;false&#8220;][vc_column_inner][mk_padding_divider size=&#8220;60&#8243;][mk_fancy_title color=&#8220;#000000&#8243; size=&#8220;24&#8243; force_font_size=&#8220;true&#8220; size_tablet=&#8220;30&#8243; size_phone=&#8220;18&#8243; font_weight=&#8220;300&#8243; txt_transform=&#8220;none&#8220; font_family=&#8220;none&#8220;] Angaben gem\u00e4\u00df \u00a7 5 TMG: H\u00f6rakustik Kornelia Lehmann Meisterbetrieb [&hellip;]<\/p>\n","protected":false},"author":1,"featured_media":0,"parent":0,"menu_order":0,"comment_status":"closed","ping_status":"closed","template":"","meta":{"_mi_skip_tracking":false,"_monsterinsights_sitenote_active":false,"_monsterinsights_sitenote_note":"","_monsterinsights_sitenote_category":0,"footnotes":""},"class_list":["post-318","page","type-page","status-publish","hentry"],"yoast_head":"<!-- This site is optimized with the Yoast SEO plugin v25.3.1 - https:\/\/yoast.com\/wordpress\/plugins\/seo\/ -->\n<title>Impressum - H\u00f6rger\u00e4te in Berlin - H\u00f6rakustik Lehmann<\/title>\n<meta name=\"robots\" content=\"index, follow, max-snippet:-1, max-image-preview:large, max-video-preview:-1\" \/>\n<link rel=\"canonical\" href=\"https:\/\/hoerakustik-lehmann.de\/cl\/impressum\/\" \/>\n<meta property=\"og:locale\" content=\"de_DE\" \/>\n<meta property=\"og:type\" content=\"article\" \/>\n<meta property=\"og:title\" content=\"Impressum - H\u00f6rger\u00e4te in Berlin - H\u00f6rakustik Lehmann\" \/>\n<meta property=\"og:description\" content=\"[mk_page_section bg_image=&#8220;https:\/\/hoerakustik-lehmann.de\/cl\/wp-content\/uploads\/2019\/12\/bgcyan.jpg&#8220; bg_color=&#8220;#1d75b1&#8243; bg_position=&#8220;center center&#8220; bg_repeat=&#8220;no-repeat&#8220; bg_stretch=&#8220;true&#8220; full_height=&#8220;true&#8220; skip_arrow=&#8220;true&#8220; sidebar=&#8220;sidebar-1&#8243;][vc_column][mk_fancy_title tag_name=&#8220;h1&#8243; color=&#8220;#ffffff&#8220; size=&#8220;90&#8243; force_font_size=&#8220;true&#8220; size_tablet=&#8220;50&#8243; size_phone=&#8220;40&#8243; font_weight=&#8220;400&#8243; txt_transform=&#8220;none&#8220; letter_spacing=&#8220;1&#8243; margin_bottom=&#8220;0&#8243; font_family=&#8220;Playfair+Display&#8220; font_type=&#8220;google&#8220; animation=&#8220;scale-up&#8220;] Impressum [\/mk_fancy_title][mk_padding_divider size=&#8220;99&#8243; visibility=&#8220;hidden-sm&#8220;][\/vc_column][\/mk_page_section][vc_row fullwidth=&#8220;true&#8220;][vc_column][vc_single_image image=&#8220;273&#8243; img_size=&#8220;full&#8220;][\/vc_column][\/vc_row][mk_page_section vertical_align=&#8220;center&#8220; bg_position=&#8220;center top&#8220; bg_repeat=&#8220;repeat-x&#8220; top_shape_color=&#8220;#1d75b1&#8243; sidebar=&#8220;sidebar-1&#8243;][vc_column][vc_row_inner is_fullwidth_content=&#8220;false&#8220;][vc_column_inner][mk_padding_divider size=&#8220;60&#8243;][mk_fancy_title color=&#8220;#000000&#8243; size=&#8220;24&#8243; force_font_size=&#8220;true&#8220; size_tablet=&#8220;30&#8243; size_phone=&#8220;18&#8243; font_weight=&#8220;300&#8243; txt_transform=&#8220;none&#8220; font_family=&#8220;none&#8220;] Angaben gem\u00e4\u00df \u00a7 5 TMG: H\u00f6rakustik Kornelia Lehmann Meisterbetrieb [&hellip;]\" \/>\n<meta property=\"og:url\" content=\"https:\/\/hoerakustik-lehmann.de\/cl\/impressum\/\" \/>\n<meta property=\"og:site_name\" content=\"H\u00f6rger\u00e4te in Berlin - H\u00f6rakustik Lehmann\" \/>\n<meta property=\"article:modified_time\" content=\"2021-03-17T09:02:14+00:00\" \/>\n<meta name=\"twitter:card\" content=\"summary_large_image\" \/>\n<meta name=\"twitter:label1\" content=\"Gesch\u00e4tzte Lesezeit\" \/>\n\t<meta name=\"twitter:data1\" content=\"3\u00a0Minuten\" \/>\n<script type=\"application\/ld+json\" class=\"yoast-schema-graph\">{\"@context\":\"https:\/\/schema.org\",\"@graph\":[{\"@type\":\"WebPage\",\"@id\":\"https:\/\/hoerakustik-lehmann.de\/cl\/impressum\/\",\"url\":\"https:\/\/hoerakustik-lehmann.de\/cl\/impressum\/\",\"name\":\"Impressum - H\u00f6rger\u00e4te in Berlin - H\u00f6rakustik Lehmann\",\"isPartOf\":{\"@id\":\"https:\/\/hoerakustik-lehmann.de\/cl\/#website\"},\"datePublished\":\"2019-01-14T11:14:45+00:00\",\"dateModified\":\"2021-03-17T09:02:14+00:00\",\"breadcrumb\":{\"@id\":\"https:\/\/hoerakustik-lehmann.de\/cl\/impressum\/#breadcrumb\"},\"inLanguage\":\"de\",\"potentialAction\":[{\"@type\":\"ReadAction\",\"target\":[\"https:\/\/hoerakustik-lehmann.de\/cl\/impressum\/\"]}]},{\"@type\":\"BreadcrumbList\",\"@id\":\"https:\/\/hoerakustik-lehmann.de\/cl\/impressum\/#breadcrumb\",\"itemListElement\":[{\"@type\":\"ListItem\",\"position\":1,\"name\":\"Startseite\",\"item\":\"https:\/\/hoerakustik-lehmann.de\/cl\/\"},{\"@type\":\"ListItem\",\"position\":2,\"name\":\"Impressum\"}]},{\"@type\":\"WebSite\",\"@id\":\"https:\/\/hoerakustik-lehmann.de\/cl\/#website\",\"url\":\"https:\/\/hoerakustik-lehmann.de\/cl\/\",\"name\":\"H\u00f6rger\u00e4te in Berlin - H\u00f6rakustik Lehmann\",\"description\":\"H\u00f6r-Beratung, H\u00f6rger\u00e4te und Zubeh\u00f6r\",\"publisher\":{\"@id\":\"https:\/\/hoerakustik-lehmann.de\/cl\/#organization\"},\"potentialAction\":[{\"@type\":\"SearchAction\",\"target\":{\"@type\":\"EntryPoint\",\"urlTemplate\":\"https:\/\/hoerakustik-lehmann.de\/cl\/?s={search_term_string}\"},\"query-input\":{\"@type\":\"PropertyValueSpecification\",\"valueRequired\":true,\"valueName\":\"search_term_string\"}}],\"inLanguage\":\"de\"},{\"@type\":[\"Organization\",\"Place\",\"LocalBusiness\"],\"@id\":\"https:\/\/hoerakustik-lehmann.de\/cl\/#organization\",\"name\":\"H\u00f6rakustik Lehmann\",\"url\":\"https:\/\/hoerakustik-lehmann.de\/cl\/\",\"logo\":{\"@id\":\"https:\/\/hoerakustik-lehmann.de\/cl\/impressum\/#local-main-organization-logo\"},\"image\":{\"@id\":\"https:\/\/hoerakustik-lehmann.de\/cl\/impressum\/#local-main-organization-logo\"},\"address\":{\"@id\":\"https:\/\/hoerakustik-lehmann.de\/cl\/impressum\/#local-main-place-address\"},\"telephone\":[\"Tel. 030 \u2013 209 53 833\"],\"openingHoursSpecification\":[{\"@type\":\"OpeningHoursSpecification\",\"dayOfWeek\":[\"Monday\",\"Tuesday\",\"Wednesday\",\"Thursday\"],\"opens\":\"09:00\",\"closes\":\"18:00\"},{\"@type\":\"OpeningHoursSpecification\",\"dayOfWeek\":[\"Friday\"],\"opens\":\"09:00\",\"closes\":\"13:00\"},{\"@type\":\"OpeningHoursSpecification\",\"dayOfWeek\":[\"Saturday\",\"Sunday\"],\"opens\":\"00:00\",\"closes\":\"00:00\"}],\"email\":\"info@hoerakustik-lehmann.de\"},{\"@type\":\"PostalAddress\",\"@id\":\"https:\/\/hoerakustik-lehmann.de\/cl\/impressum\/#local-main-place-address\",\"streetAddress\":\"D\u00f6rpfeldstr. 36\",\"addressLocality\":\"Berlin\",\"postalCode\":\"12489\",\"addressCountry\":\"DE\"},{\"@type\":\"ImageObject\",\"inLanguage\":\"de\",\"@id\":\"https:\/\/hoerakustik-lehmann.de\/cl\/impressum\/#local-main-organization-logo\",\"url\":\"https:\/\/hoerakustik-lehmann.de\/cl\/wp-content\/uploads\/2020\/02\/logo2.png\",\"contentUrl\":\"https:\/\/hoerakustik-lehmann.de\/cl\/wp-content\/uploads\/2020\/02\/logo2.png\",\"width\":579,\"height\":181,\"caption\":\"H\u00f6rakustik Lehmann\"}]}<\/script>\n<meta name=\"geo.placename\" content=\"Berlin\" \/>\n<meta name=\"geo.region\" content=\"Deutschland\" \/>\n<!-- \/ Yoast SEO plugin. -->","yoast_head_json":{"title":"Impressum - H\u00f6rger\u00e4te in Berlin - H\u00f6rakustik Lehmann","robots":{"index":"index","follow":"follow","max-snippet":"max-snippet:-1","max-image-preview":"max-image-preview:large","max-video-preview":"max-video-preview:-1"},"canonical":"https:\/\/hoerakustik-lehmann.de\/cl\/impressum\/","og_locale":"de_DE","og_type":"article","og_title":"Impressum - H\u00f6rger\u00e4te in Berlin - H\u00f6rakustik Lehmann","og_description":"[mk_page_section bg_image=&#8220;https:\/\/hoerakustik-lehmann.de\/cl\/wp-content\/uploads\/2019\/12\/bgcyan.jpg&#8220; bg_color=&#8220;#1d75b1&#8243; bg_position=&#8220;center center&#8220; bg_repeat=&#8220;no-repeat&#8220; bg_stretch=&#8220;true&#8220; full_height=&#8220;true&#8220; skip_arrow=&#8220;true&#8220; sidebar=&#8220;sidebar-1&#8243;][vc_column][mk_fancy_title tag_name=&#8220;h1&#8243; color=&#8220;#ffffff&#8220; size=&#8220;90&#8243; force_font_size=&#8220;true&#8220; size_tablet=&#8220;50&#8243; size_phone=&#8220;40&#8243; font_weight=&#8220;400&#8243; txt_transform=&#8220;none&#8220; letter_spacing=&#8220;1&#8243; margin_bottom=&#8220;0&#8243; font_family=&#8220;Playfair+Display&#8220; font_type=&#8220;google&#8220; animation=&#8220;scale-up&#8220;] Impressum [\/mk_fancy_title][mk_padding_divider size=&#8220;99&#8243; visibility=&#8220;hidden-sm&#8220;][\/vc_column][\/mk_page_section][vc_row fullwidth=&#8220;true&#8220;][vc_column][vc_single_image image=&#8220;273&#8243; img_size=&#8220;full&#8220;][\/vc_column][\/vc_row][mk_page_section vertical_align=&#8220;center&#8220; bg_position=&#8220;center top&#8220; bg_repeat=&#8220;repeat-x&#8220; top_shape_color=&#8220;#1d75b1&#8243; sidebar=&#8220;sidebar-1&#8243;][vc_column][vc_row_inner is_fullwidth_content=&#8220;false&#8220;][vc_column_inner][mk_padding_divider size=&#8220;60&#8243;][mk_fancy_title color=&#8220;#000000&#8243; size=&#8220;24&#8243; force_font_size=&#8220;true&#8220; size_tablet=&#8220;30&#8243; size_phone=&#8220;18&#8243; font_weight=&#8220;300&#8243; txt_transform=&#8220;none&#8220; font_family=&#8220;none&#8220;] Angaben gem\u00e4\u00df \u00a7 5 TMG: H\u00f6rakustik Kornelia Lehmann Meisterbetrieb [&hellip;]","og_url":"https:\/\/hoerakustik-lehmann.de\/cl\/impressum\/","og_site_name":"H\u00f6rger\u00e4te in Berlin - H\u00f6rakustik Lehmann","article_modified_time":"2021-03-17T09:02:14+00:00","twitter_card":"summary_large_image","twitter_misc":{"Gesch\u00e4tzte Lesezeit":"3\u00a0Minuten"},"schema":{"@context":"https:\/\/schema.org","@graph":[{"@type":"WebPage","@id":"https:\/\/hoerakustik-lehmann.de\/cl\/impressum\/","url":"https:\/\/hoerakustik-lehmann.de\/cl\/impressum\/","name":"Impressum - H\u00f6rger\u00e4te in Berlin - H\u00f6rakustik Lehmann","isPartOf":{"@id":"https:\/\/hoerakustik-lehmann.de\/cl\/#website"},"datePublished":"2019-01-14T11:14:45+00:00","dateModified":"2021-03-17T09:02:14+00:00","breadcrumb":{"@id":"https:\/\/hoerakustik-lehmann.de\/cl\/impressum\/#breadcrumb"},"inLanguage":"de","potentialAction":[{"@type":"ReadAction","target":["https:\/\/hoerakustik-lehmann.de\/cl\/impressum\/"]}]},{"@type":"BreadcrumbList","@id":"https:\/\/hoerakustik-lehmann.de\/cl\/impressum\/#breadcrumb","itemListElement":[{"@type":"ListItem","position":1,"name":"Startseite","item":"https:\/\/hoerakustik-lehmann.de\/cl\/"},{"@type":"ListItem","position":2,"name":"Impressum"}]},{"@type":"WebSite","@id":"https:\/\/hoerakustik-lehmann.de\/cl\/#website","url":"https:\/\/hoerakustik-lehmann.de\/cl\/","name":"H\u00f6rger\u00e4te in Berlin - H\u00f6rakustik Lehmann","description":"H\u00f6r-Beratung, H\u00f6rger\u00e4te und Zubeh\u00f6r","publisher":{"@id":"https:\/\/hoerakustik-lehmann.de\/cl\/#organization"},"potentialAction":[{"@type":"SearchAction","target":{"@type":"EntryPoint","urlTemplate":"https:\/\/hoerakustik-lehmann.de\/cl\/?s={search_term_string}"},"query-input":{"@type":"PropertyValueSpecification","valueRequired":true,"valueName":"search_term_string"}}],"inLanguage":"de"},{"@type":["Organization","Place","LocalBusiness"],"@id":"https:\/\/hoerakustik-lehmann.de\/cl\/#organization","name":"H\u00f6rakustik Lehmann","url":"https:\/\/hoerakustik-lehmann.de\/cl\/","logo":{"@id":"https:\/\/hoerakustik-lehmann.de\/cl\/impressum\/#local-main-organization-logo"},"image":{"@id":"https:\/\/hoerakustik-lehmann.de\/cl\/impressum\/#local-main-organization-logo"},"address":{"@id":"https:\/\/hoerakustik-lehmann.de\/cl\/impressum\/#local-main-place-address"},"telephone":["Tel. 030 \u2013 209 53 833"],"openingHoursSpecification":[{"@type":"OpeningHoursSpecification","dayOfWeek":["Monday","Tuesday","Wednesday","Thursday"],"opens":"09:00","closes":"18:00"},{"@type":"OpeningHoursSpecification","dayOfWeek":["Friday"],"opens":"09:00","closes":"13:00"},{"@type":"OpeningHoursSpecification","dayOfWeek":["Saturday","Sunday"],"opens":"00:00","closes":"00:00"}],"email":"info@hoerakustik-lehmann.de"},{"@type":"PostalAddress","@id":"https:\/\/hoerakustik-lehmann.de\/cl\/impressum\/#local-main-place-address","streetAddress":"D\u00f6rpfeldstr. 36","addressLocality":"Berlin","postalCode":"12489","addressCountry":"DE"},{"@type":"ImageObject","inLanguage":"de","@id":"https:\/\/hoerakustik-lehmann.de\/cl\/impressum\/#local-main-organization-logo","url":"https:\/\/hoerakustik-lehmann.de\/cl\/wp-content\/uploads\/2020\/02\/logo2.png","contentUrl":"https:\/\/hoerakustik-lehmann.de\/cl\/wp-content\/uploads\/2020\/02\/logo2.png","width":579,"height":181,"caption":"H\u00f6rakustik Lehmann"}]},"geo.placename":"Berlin","geo.region":"Deutschland"},"_links":{"self":[{"href":"https:\/\/hoerakustik-lehmann.de\/cl\/wp-json\/wp\/v2\/pages\/318"}],"collection":[{"href":"https:\/\/hoerakustik-lehmann.de\/cl\/wp-json\/wp\/v2\/pages"}],"about":[{"href":"https:\/\/hoerakustik-lehmann.de\/cl\/wp-json\/wp\/v2\/types\/page"}],"author":[{"embeddable":true,"href":"https:\/\/hoerakustik-lehmann.de\/cl\/wp-json\/wp\/v2\/users\/1"}],"replies":[{"embeddable":true,"href":"https:\/\/hoerakustik-lehmann.de\/cl\/wp-json\/wp\/v2\/comments?post=318"}],"version-history":[{"count":5,"href":"https:\/\/hoerakustik-lehmann.de\/cl\/wp-json\/wp\/v2\/pages\/318\/revisions"}],"predecessor-version":[{"id":794,"href":"https:\/\/hoerakustik-lehmann.de\/cl\/wp-json\/wp\/v2\/pages\/318\/revisions\/794"}],"wp:attachment":[{"href":"https:\/\/hoerakustik-lehmann.de\/cl\/wp-json\/wp\/v2\/media?parent=318"}],"curies":[{"name":"wp","href":"https:\/\/api.w.org\/{rel}","templated":true}]}}