{"id":1276,"date":"2024-10-21T13:56:22","date_gmt":"2024-10-21T11:56:22","guid":{"rendered":"https:\/\/hoerakustik-lehmann.de\/cl\/?page_id=1276"},"modified":"2024-10-21T15:29:41","modified_gmt":"2024-10-21T13:29:41","slug":"phonak-neuheit-2024","status":"publish","type":"page","link":"https:\/\/hoerakustik-lehmann.de\/cl\/phonak-neuheit-2024\/","title":{"rendered":"Phonak"},"content":{"rendered":"[mk_page_section bg_image=&#8220;https:\/\/hoerakustik-lehmann.de\/cl\/wp-content\/uploads\/2024\/10\/ph_pic_audeoi-market02_1080x1080.png&#8220; bg_position=&#8220;center center&#8220; bg_repeat=&#8220;no-repeat&#8220; bg_stretch=&#8220;true&#8220; video_color_mask=&#8220;rgba(0,0,0,0.77)&#8220; video_opacity=&#8220;0.3&#8243; min_height=&#8220;799&#8243; skip_arrow=&#8220;true&#8220; sidebar=&#8220;sidebar-1&#8243;][vc_column][mk_padding_divider size=&#8220;321&#8243; visibility=&#8220;hidden-sm&#8220;][mk_fancy_title size=&#8220;100&#8243; line_height=&#8220;&#8220; font_family=&#8220;none&#8220;]<span style=\"color: #ffffff;\">Phonak Infinio<\/span><\/p>\n<h3><span style=\"color: #ffffff;\">Lassen Sie das Leben au\u00dfergew\u00f6hnlich klingen<\/span><\/h3>\n[\/mk_fancy_title][\/vc_column][\/mk_page_section][vc_row][vc_column][mk_padding_divider size=&#8220;60&#8243;][mk_fancy_title size=&#8220;40&#8243; margin_bottom=&#8220;0&#8243; font_family=&#8220;none&#8220;]\n<h2>H\u00f6ren. Erleben. Lieben. F\u00fcr eine Welt voller M\u00f6glichkeiten.<\/h2>\n[\/mk_fancy_title][mk_fancy_title size=&#8220;22&#8243; font_weight=&#8220;300&#8243; margin_bottom=&#8220;0&#8243; font_family=&#8220;none&#8220;]\n<div class=\"article-text text-align-center\">\n<div class=\"article-text__text component-theme__text\"><strong>Phonak Infinio<\/strong> stellt eine bedeutende Weiterentwicklung in der H\u00f6rtechnologie dar. Mit fortschrittlicher Signalverarbeitung bietet Infinio herausragende Klangqualit\u00e4t und unvergleichlichen Komfort. Diese Technologie \u00fcberwindet Grenzen in der H\u00f6rakustik wie nie zuvor und hilft Ihnen die Welt zu h\u00f6ren und sich dabei unbeschwert und sicher zu f\u00fchlen.<\/div>\n<\/div>\n[\/mk_fancy_title][mk_padding_divider size=&#8220;60&#8243;][vc_single_image image=&#8220;1281&#8243; img_size=&#8220;full&#8220;][\/vc_column][\/vc_row][vc_row fullwidth=&#8220;true&#8220; fullwidth_content=&#8220;false&#8220; css=&#8220;.vc_custom_1679562439765{background-color: #efefef !important;}&#8220;][vc_column width=&#8220;1\/2&#8243;][mk_padding_divider size=&#8220;60&#8243;][mk_fancy_title size=&#8220;22&#8243; font_weight=&#8220;300&#8243; margin_bottom=&#8220;0&#8243; font_family=&#8220;none&#8220;]\n<h2><strong>Vorteile des Phonak Infinio<\/strong><\/h2>\n<ul>\n<li>Optimale Klangqualit\u00e4t: Genie\u00dfen Sie klare, nat\u00fcrliche Kl\u00e4nge in jeder Situation.<\/li>\n<li>Automatische Anpassung: Passt sich durch KI-Teschnologie an unterschiedliche H\u00f6rumgebungen an.<\/li>\n<li>Erweiterte Konnektivit\u00e4t: Verbindet sich mit bis zu 8 Bluetooth\u00ae-f\u00e4higen Ger\u00e4ten, wobei zwei gleichzeitig verbunden bleiben k\u00f6nnen.<\/li>\n<li>Verbessertes Sprachverstehen: Reduziert die H\u00f6ranstrengung und steigert die Sprachverst\u00e4ndlichkeit.<\/li>\n<li>Wiederaufladbar: Kein st\u00e4ndiger Batteriewechsel mehr notwendig.<\/li>\n<\/ul>\n[\/mk_fancy_title][mk_padding_divider size=&#8220;60&#8243;][\/vc_column][vc_column width=&#8220;1\/2&#8243;][mk_padding_divider size=&#8220;60&#8243;][mk_padding_divider size=&#8220;60&#8243;][vc_single_image image=&#8220;1285&#8243; img_size=&#8220;large&#8220;][mk_padding_divider size=&#8220;39&#8243;][\/vc_column][\/vc_row][vc_row fullwidth=&#8220;true&#8220; fullwidth_content=&#8220;false&#8220;][vc_column width=&#8220;1\/2&#8243;][mk_padding_divider size=&#8220;60&#8243;][mk_fancy_title size=&#8220;22&#8243; font_weight=&#8220;300&#8243; margin_bottom=&#8220;0&#8243; font_family=&#8220;none&#8220;]\n<h2>Entdecken Sie unsere neuen H\u00f6rger\u00e4te mit Infinio Technologie<\/h2>\n[\/mk_fancy_title][mk_fancy_title size=&#8220;22&#8243; font_weight=&#8220;300&#8243; margin_bottom=&#8220;0&#8243; font_family=&#8220;none&#8220;]\n<h2>Phonak Aud\u00e9o\u2122 Infinio<\/h2>\n<ul>\n<li>Hervorragende Klangwiedergabe: F\u00e4ngt jede Klangnuance klar ein.<\/li>\n<li>Nahtlose Konnektivit\u00e4t: Einfaches Wechseln zwischen H\u00f6ren und Streaming.<\/li>\n<li>Ergonomisches Design: Passt sich Ihrem Lebensstil an.<\/li>\n<\/ul>\n<p>&nbsp;<\/p>\n<h2>Phonak Aud\u00e9o\u2122 Sphere Infinio<\/h2>\n<ul>\n<li>Innovative Technologie: Ausgestattet mit zwei leistungsstarken Komponenten, darunter ein spezialisierter KI-Chip.<\/li>\n<li>Optimale Sprachverst\u00e4ndlichkeit: Filtert St\u00f6rger\u00e4usche effektiv und verbessert die Verst\u00e4ndlichkeit auch in sehr lauten Umgebungen.<\/li>\n<li>Anpassung mit KI: Bietet besseren H\u00f6rkomfort in verschiedensten Situationen.<\/li>\n<\/ul>\n[\/mk_fancy_title][mk_button dimension=&#8220;flat&#8220; size=&#8220;xx-large&#8220; url=&#8220;https:\/\/hoerakustik-lehmann.de\/cl\/kontakt\/&#8220;]Jetzt kostenfrei testen und Termin vereinbaren[\/mk_button][mk_padding_divider size=&#8220;60&#8243;][\/vc_column][vc_column width=&#8220;1\/2&#8243;][mk_padding_divider size=&#8220;60&#8243;][vc_single_image image=&#8220;1282&#8243; img_size=&#8220;full&#8220;][mk_padding_divider size=&#8220;60&#8243;][vc_single_image image=&#8220;1284&#8243; img_size=&#8220;full&#8220;][\/vc_column][\/vc_row][mk_page_section vertical_align=&#8220;center&#8220; bg_position=&#8220;center top&#8220; bg_repeat=&#8220;repeat-x&#8220; top_shape_color=&#8220;#1d75b1&#8243; sidebar=&#8220;sidebar-1&#8243;][vc_column][mk_padding_divider size=&#8220;60&#8243;][\/vc_column][\/mk_page_section]\n","protected":false},"excerpt":{"rendered":"<p>[mk_page_section bg_image=&#8220;https:\/\/hoerakustik-lehmann.de\/cl\/wp-content\/uploads\/2024\/10\/ph_pic_audeoi-market02_1080x1080.png&#8220; bg_position=&#8220;center center&#8220; bg_repeat=&#8220;no-repeat&#8220; bg_stretch=&#8220;true&#8220; video_color_mask=&#8220;rgba(0,0,0,0.77)&#8220; video_opacity=&#8220;0.3&#8243; min_height=&#8220;799&#8243; skip_arrow=&#8220;true&#8220; sidebar=&#8220;sidebar-1&#8243;][vc_column][mk_padding_divider size=&#8220;321&#8243; visibility=&#8220;hidden-sm&#8220;][mk_fancy_title size=&#8220;100&#8243; line_height=&#8220;&#8220; font_family=&#8220;none&#8220;]Phonak Infinio Lassen Sie das Leben au\u00dfergew\u00f6hnlich klingen [\/mk_fancy_title][\/vc_column][\/mk_page_section][vc_row][vc_column][mk_padding_divider size=&#8220;60&#8243;][mk_fancy_title size=&#8220;40&#8243; margin_bottom=&#8220;0&#8243; font_family=&#8220;none&#8220;] H\u00f6ren. Erleben. Lieben. F\u00fcr eine Welt voller M\u00f6glichkeiten. [\/mk_fancy_title][mk_fancy_title size=&#8220;22&#8243; font_weight=&#8220;300&#8243; margin_bottom=&#8220;0&#8243; font_family=&#8220;none&#8220;] Phonak Infinio stellt eine bedeutende Weiterentwicklung in der H\u00f6rtechnologie dar. Mit fortschrittlicher Signalverarbeitung bietet [&hellip;]<\/p>\n","protected":false},"author":1,"featured_media":0,"parent":0,"menu_order":0,"comment_status":"closed","ping_status":"closed","template":"","meta":{"_mi_skip_tracking":false,"_monsterinsights_sitenote_active":false,"_monsterinsights_sitenote_note":"","_monsterinsights_sitenote_category":0,"footnotes":""},"class_list":["post-1276","page","type-page","status-publish","hentry"],"yoast_head":"<!-- This site is optimized with the Yoast SEO plugin v25.3.1 - https:\/\/yoast.com\/wordpress\/plugins\/seo\/ -->\n<title>Phonak - H\u00f6rger\u00e4te in Berlin - H\u00f6rakustik Lehmann<\/title>\n<meta name=\"robots\" content=\"index, follow, max-snippet:-1, max-image-preview:large, max-video-preview:-1\" \/>\n<link rel=\"canonical\" href=\"https:\/\/hoerakustik-lehmann.de\/cl\/phonak-neuheit-2024\/\" \/>\n<meta property=\"og:locale\" content=\"de_DE\" \/>\n<meta property=\"og:type\" content=\"article\" \/>\n<meta property=\"og:title\" content=\"Phonak - H\u00f6rger\u00e4te in Berlin - H\u00f6rakustik Lehmann\" \/>\n<meta property=\"og:description\" content=\"[mk_page_section bg_image=&#8220;https:\/\/hoerakustik-lehmann.de\/cl\/wp-content\/uploads\/2024\/10\/ph_pic_audeoi-market02_1080x1080.png&#8220; bg_position=&#8220;center center&#8220; bg_repeat=&#8220;no-repeat&#8220; bg_stretch=&#8220;true&#8220; video_color_mask=&#8220;rgba(0,0,0,0.77)&#8220; video_opacity=&#8220;0.3&#8243; min_height=&#8220;799&#8243; skip_arrow=&#8220;true&#8220; sidebar=&#8220;sidebar-1&#8243;][vc_column][mk_padding_divider size=&#8220;321&#8243; visibility=&#8220;hidden-sm&#8220;][mk_fancy_title size=&#8220;100&#8243; line_height=&#8220;&#8220; font_family=&#8220;none&#8220;]Phonak Infinio Lassen Sie das Leben au\u00dfergew\u00f6hnlich klingen [\/mk_fancy_title][\/vc_column][\/mk_page_section][vc_row][vc_column][mk_padding_divider size=&#8220;60&#8243;][mk_fancy_title size=&#8220;40&#8243; margin_bottom=&#8220;0&#8243; font_family=&#8220;none&#8220;] H\u00f6ren. Erleben. Lieben. F\u00fcr eine Welt voller M\u00f6glichkeiten. [\/mk_fancy_title][mk_fancy_title size=&#8220;22&#8243; font_weight=&#8220;300&#8243; margin_bottom=&#8220;0&#8243; font_family=&#8220;none&#8220;] Phonak Infinio stellt eine bedeutende Weiterentwicklung in der H\u00f6rtechnologie dar. Mit fortschrittlicher Signalverarbeitung bietet [&hellip;]\" \/>\n<meta property=\"og:url\" content=\"https:\/\/hoerakustik-lehmann.de\/cl\/phonak-neuheit-2024\/\" \/>\n<meta property=\"og:site_name\" content=\"H\u00f6rger\u00e4te in Berlin - H\u00f6rakustik Lehmann\" \/>\n<meta property=\"article:modified_time\" content=\"2024-10-21T13:29:41+00:00\" \/>\n<meta name=\"twitter:card\" content=\"summary_large_image\" \/>\n<meta name=\"twitter:label1\" content=\"Gesch\u00e4tzte Lesezeit\" \/>\n\t<meta name=\"twitter:data1\" content=\"3\u00a0Minuten\" \/>\n<script type=\"application\/ld+json\" class=\"yoast-schema-graph\">{\"@context\":\"https:\/\/schema.org\",\"@graph\":[{\"@type\":\"WebPage\",\"@id\":\"https:\/\/hoerakustik-lehmann.de\/cl\/phonak-neuheit-2024\/\",\"url\":\"https:\/\/hoerakustik-lehmann.de\/cl\/phonak-neuheit-2024\/\",\"name\":\"Phonak - H\u00f6rger\u00e4te in Berlin - H\u00f6rakustik Lehmann\",\"isPartOf\":{\"@id\":\"https:\/\/hoerakustik-lehmann.de\/cl\/#website\"},\"datePublished\":\"2024-10-21T11:56:22+00:00\",\"dateModified\":\"2024-10-21T13:29:41+00:00\",\"breadcrumb\":{\"@id\":\"https:\/\/hoerakustik-lehmann.de\/cl\/phonak-neuheit-2024\/#breadcrumb\"},\"inLanguage\":\"de\",\"potentialAction\":[{\"@type\":\"ReadAction\",\"target\":[\"https:\/\/hoerakustik-lehmann.de\/cl\/phonak-neuheit-2024\/\"]}]},{\"@type\":\"BreadcrumbList\",\"@id\":\"https:\/\/hoerakustik-lehmann.de\/cl\/phonak-neuheit-2024\/#breadcrumb\",\"itemListElement\":[{\"@type\":\"ListItem\",\"position\":1,\"name\":\"Startseite\",\"item\":\"https:\/\/hoerakustik-lehmann.de\/cl\/\"},{\"@type\":\"ListItem\",\"position\":2,\"name\":\"Phonak\"}]},{\"@type\":\"WebSite\",\"@id\":\"https:\/\/hoerakustik-lehmann.de\/cl\/#website\",\"url\":\"https:\/\/hoerakustik-lehmann.de\/cl\/\",\"name\":\"H\u00f6rger\u00e4te in Berlin - H\u00f6rakustik Lehmann\",\"description\":\"H\u00f6r-Beratung, H\u00f6rger\u00e4te und Zubeh\u00f6r\",\"publisher\":{\"@id\":\"https:\/\/hoerakustik-lehmann.de\/cl\/#organization\"},\"potentialAction\":[{\"@type\":\"SearchAction\",\"target\":{\"@type\":\"EntryPoint\",\"urlTemplate\":\"https:\/\/hoerakustik-lehmann.de\/cl\/?s={search_term_string}\"},\"query-input\":{\"@type\":\"PropertyValueSpecification\",\"valueRequired\":true,\"valueName\":\"search_term_string\"}}],\"inLanguage\":\"de\"},{\"@type\":[\"Organization\",\"Place\",\"LocalBusiness\"],\"@id\":\"https:\/\/hoerakustik-lehmann.de\/cl\/#organization\",\"name\":\"H\u00f6rakustik Lehmann\",\"url\":\"https:\/\/hoerakustik-lehmann.de\/cl\/\",\"logo\":{\"@id\":\"https:\/\/hoerakustik-lehmann.de\/cl\/phonak-neuheit-2024\/#local-main-organization-logo\"},\"image\":{\"@id\":\"https:\/\/hoerakustik-lehmann.de\/cl\/phonak-neuheit-2024\/#local-main-organization-logo\"},\"address\":{\"@id\":\"https:\/\/hoerakustik-lehmann.de\/cl\/phonak-neuheit-2024\/#local-main-place-address\"},\"telephone\":[\"Tel. 030 \u2013 209 53 833\"],\"openingHoursSpecification\":[{\"@type\":\"OpeningHoursSpecification\",\"dayOfWeek\":[\"Monday\",\"Tuesday\",\"Wednesday\",\"Thursday\"],\"opens\":\"09:00\",\"closes\":\"18:00\"},{\"@type\":\"OpeningHoursSpecification\",\"dayOfWeek\":[\"Friday\"],\"opens\":\"09:00\",\"closes\":\"13:00\"},{\"@type\":\"OpeningHoursSpecification\",\"dayOfWeek\":[\"Saturday\",\"Sunday\"],\"opens\":\"00:00\",\"closes\":\"00:00\"}],\"email\":\"info@hoerakustik-lehmann.de\"},{\"@type\":\"PostalAddress\",\"@id\":\"https:\/\/hoerakustik-lehmann.de\/cl\/phonak-neuheit-2024\/#local-main-place-address\",\"streetAddress\":\"D\u00f6rpfeldstr. 36\",\"addressLocality\":\"Berlin\",\"postalCode\":\"12489\",\"addressCountry\":\"DE\"},{\"@type\":\"ImageObject\",\"inLanguage\":\"de\",\"@id\":\"https:\/\/hoerakustik-lehmann.de\/cl\/phonak-neuheit-2024\/#local-main-organization-logo\",\"url\":\"https:\/\/hoerakustik-lehmann.de\/cl\/wp-content\/uploads\/2020\/02\/logo2.png\",\"contentUrl\":\"https:\/\/hoerakustik-lehmann.de\/cl\/wp-content\/uploads\/2020\/02\/logo2.png\",\"width\":579,\"height\":181,\"caption\":\"H\u00f6rakustik Lehmann\"}]}<\/script>\n<meta name=\"geo.placename\" content=\"Berlin\" \/>\n<meta name=\"geo.region\" content=\"Deutschland\" \/>\n<!-- \/ Yoast SEO plugin. -->","yoast_head_json":{"title":"Phonak - H\u00f6rger\u00e4te in Berlin - H\u00f6rakustik Lehmann","robots":{"index":"index","follow":"follow","max-snippet":"max-snippet:-1","max-image-preview":"max-image-preview:large","max-video-preview":"max-video-preview:-1"},"canonical":"https:\/\/hoerakustik-lehmann.de\/cl\/phonak-neuheit-2024\/","og_locale":"de_DE","og_type":"article","og_title":"Phonak - H\u00f6rger\u00e4te in Berlin - H\u00f6rakustik Lehmann","og_description":"[mk_page_section bg_image=&#8220;https:\/\/hoerakustik-lehmann.de\/cl\/wp-content\/uploads\/2024\/10\/ph_pic_audeoi-market02_1080x1080.png&#8220; bg_position=&#8220;center center&#8220; bg_repeat=&#8220;no-repeat&#8220; bg_stretch=&#8220;true&#8220; video_color_mask=&#8220;rgba(0,0,0,0.77)&#8220; video_opacity=&#8220;0.3&#8243; min_height=&#8220;799&#8243; skip_arrow=&#8220;true&#8220; sidebar=&#8220;sidebar-1&#8243;][vc_column][mk_padding_divider size=&#8220;321&#8243; visibility=&#8220;hidden-sm&#8220;][mk_fancy_title size=&#8220;100&#8243; line_height=&#8220;&#8220; font_family=&#8220;none&#8220;]Phonak Infinio Lassen Sie das Leben au\u00dfergew\u00f6hnlich klingen [\/mk_fancy_title][\/vc_column][\/mk_page_section][vc_row][vc_column][mk_padding_divider size=&#8220;60&#8243;][mk_fancy_title size=&#8220;40&#8243; margin_bottom=&#8220;0&#8243; font_family=&#8220;none&#8220;] H\u00f6ren. Erleben. Lieben. F\u00fcr eine Welt voller M\u00f6glichkeiten. [\/mk_fancy_title][mk_fancy_title size=&#8220;22&#8243; font_weight=&#8220;300&#8243; margin_bottom=&#8220;0&#8243; font_family=&#8220;none&#8220;] Phonak Infinio stellt eine bedeutende Weiterentwicklung in der H\u00f6rtechnologie dar. Mit fortschrittlicher Signalverarbeitung bietet [&hellip;]","og_url":"https:\/\/hoerakustik-lehmann.de\/cl\/phonak-neuheit-2024\/","og_site_name":"H\u00f6rger\u00e4te in Berlin - H\u00f6rakustik Lehmann","article_modified_time":"2024-10-21T13:29:41+00:00","twitter_card":"summary_large_image","twitter_misc":{"Gesch\u00e4tzte Lesezeit":"3\u00a0Minuten"},"schema":{"@context":"https:\/\/schema.org","@graph":[{"@type":"WebPage","@id":"https:\/\/hoerakustik-lehmann.de\/cl\/phonak-neuheit-2024\/","url":"https:\/\/hoerakustik-lehmann.de\/cl\/phonak-neuheit-2024\/","name":"Phonak - H\u00f6rger\u00e4te in Berlin - H\u00f6rakustik Lehmann","isPartOf":{"@id":"https:\/\/hoerakustik-lehmann.de\/cl\/#website"},"datePublished":"2024-10-21T11:56:22+00:00","dateModified":"2024-10-21T13:29:41+00:00","breadcrumb":{"@id":"https:\/\/hoerakustik-lehmann.de\/cl\/phonak-neuheit-2024\/#breadcrumb"},"inLanguage":"de","potentialAction":[{"@type":"ReadAction","target":["https:\/\/hoerakustik-lehmann.de\/cl\/phonak-neuheit-2024\/"]}]},{"@type":"BreadcrumbList","@id":"https:\/\/hoerakustik-lehmann.de\/cl\/phonak-neuheit-2024\/#breadcrumb","itemListElement":[{"@type":"ListItem","position":1,"name":"Startseite","item":"https:\/\/hoerakustik-lehmann.de\/cl\/"},{"@type":"ListItem","position":2,"name":"Phonak"}]},{"@type":"WebSite","@id":"https:\/\/hoerakustik-lehmann.de\/cl\/#website","url":"https:\/\/hoerakustik-lehmann.de\/cl\/","name":"H\u00f6rger\u00e4te in Berlin - H\u00f6rakustik Lehmann","description":"H\u00f6r-Beratung, H\u00f6rger\u00e4te und Zubeh\u00f6r","publisher":{"@id":"https:\/\/hoerakustik-lehmann.de\/cl\/#organization"},"potentialAction":[{"@type":"SearchAction","target":{"@type":"EntryPoint","urlTemplate":"https:\/\/hoerakustik-lehmann.de\/cl\/?s={search_term_string}"},"query-input":{"@type":"PropertyValueSpecification","valueRequired":true,"valueName":"search_term_string"}}],"inLanguage":"de"},{"@type":["Organization","Place","LocalBusiness"],"@id":"https:\/\/hoerakustik-lehmann.de\/cl\/#organization","name":"H\u00f6rakustik Lehmann","url":"https:\/\/hoerakustik-lehmann.de\/cl\/","logo":{"@id":"https:\/\/hoerakustik-lehmann.de\/cl\/phonak-neuheit-2024\/#local-main-organization-logo"},"image":{"@id":"https:\/\/hoerakustik-lehmann.de\/cl\/phonak-neuheit-2024\/#local-main-organization-logo"},"address":{"@id":"https:\/\/hoerakustik-lehmann.de\/cl\/phonak-neuheit-2024\/#local-main-place-address"},"telephone":["Tel. 030 \u2013 209 53 833"],"openingHoursSpecification":[{"@type":"OpeningHoursSpecification","dayOfWeek":["Monday","Tuesday","Wednesday","Thursday"],"opens":"09:00","closes":"18:00"},{"@type":"OpeningHoursSpecification","dayOfWeek":["Friday"],"opens":"09:00","closes":"13:00"},{"@type":"OpeningHoursSpecification","dayOfWeek":["Saturday","Sunday"],"opens":"00:00","closes":"00:00"}],"email":"info@hoerakustik-lehmann.de"},{"@type":"PostalAddress","@id":"https:\/\/hoerakustik-lehmann.de\/cl\/phonak-neuheit-2024\/#local-main-place-address","streetAddress":"D\u00f6rpfeldstr. 36","addressLocality":"Berlin","postalCode":"12489","addressCountry":"DE"},{"@type":"ImageObject","inLanguage":"de","@id":"https:\/\/hoerakustik-lehmann.de\/cl\/phonak-neuheit-2024\/#local-main-organization-logo","url":"https:\/\/hoerakustik-lehmann.de\/cl\/wp-content\/uploads\/2020\/02\/logo2.png","contentUrl":"https:\/\/hoerakustik-lehmann.de\/cl\/wp-content\/uploads\/2020\/02\/logo2.png","width":579,"height":181,"caption":"H\u00f6rakustik Lehmann"}]},"geo.placename":"Berlin","geo.region":"Deutschland"},"_links":{"self":[{"href":"https:\/\/hoerakustik-lehmann.de\/cl\/wp-json\/wp\/v2\/pages\/1276"}],"collection":[{"href":"https:\/\/hoerakustik-lehmann.de\/cl\/wp-json\/wp\/v2\/pages"}],"about":[{"href":"https:\/\/hoerakustik-lehmann.de\/cl\/wp-json\/wp\/v2\/types\/page"}],"author":[{"embeddable":true,"href":"https:\/\/hoerakustik-lehmann.de\/cl\/wp-json\/wp\/v2\/users\/1"}],"replies":[{"embeddable":true,"href":"https:\/\/hoerakustik-lehmann.de\/cl\/wp-json\/wp\/v2\/comments?post=1276"}],"version-history":[{"count":12,"href":"https:\/\/hoerakustik-lehmann.de\/cl\/wp-json\/wp\/v2\/pages\/1276\/revisions"}],"predecessor-version":[{"id":1295,"href":"https:\/\/hoerakustik-lehmann.de\/cl\/wp-json\/wp\/v2\/pages\/1276\/revisions\/1295"}],"wp:attachment":[{"href":"https:\/\/hoerakustik-lehmann.de\/cl\/wp-json\/wp\/v2\/media?parent=1276"}],"curies":[{"name":"wp","href":"https:\/\/api.w.org\/{rel}","templated":true}]}}