{"id":1123,"date":"2023-10-19T15:29:22","date_gmt":"2023-10-19T13:29:22","guid":{"rendered":"https:\/\/hoerakustik-lehmann.de\/cl\/?page_id=1123"},"modified":"2023-10-19T16:05:10","modified_gmt":"2023-10-19T14:05:10","slug":"weltneuheit-signia-silk-chargego-ix","status":"publish","type":"page","link":"https:\/\/hoerakustik-lehmann.de\/cl\/weltneuheit-signia-silk-chargego-ix\/","title":{"rendered":"Weltneuheit: Signia Silk Charge&#038;Go IX"},"content":{"rendered":"[mk_page_section bg_image=&#8220;https:\/\/hoerakustik-lehmann.de\/cl\/wp-content\/uploads\/2023\/10\/silk-cg-ix-frau-scaled.jpg&#8220; bg_position=&#8220;center center&#8220; bg_repeat=&#8220;no-repeat&#8220; bg_stretch=&#8220;true&#8220; video_color_mask=&#8220;rgba(0,0,0,0.77)&#8220; video_opacity=&#8220;0.3&#8243; min_height=&#8220;799&#8243; skip_arrow=&#8220;true&#8220; sidebar=&#8220;sidebar-1&#8243;][vc_column][mk_padding_divider size=&#8220;321&#8243; visibility=&#8220;hidden-sm&#8220;][mk_fancy_title size=&#8220;100&#8243; line_height=&#8220;&#8220; font_family=&#8220;none&#8220;]\n<div class=\"kleo_text_column wpb_text_column wpb_content_element \" data-uid=\"6509b1fb74a6d\">\n<div class=\"wpb_wrapper\">\n<div class=\"hero__content-wrapper \">\n<div class=\"hero__flex-container container\">\n<div class=\"hero__content hero__content--loaded\">\n<p class=\"hero__header component-theme__header\"><span style=\"color: #ffffff;\">Wenn aufladbar<br \/>\nunsichtbar wird<br \/>\n<\/span><\/p>\n<\/div>\n<\/div>\n<\/div>\n<\/div>\n<\/div>\n<div class=\"kleo_text_column wpb_text_column wpb_content_element \">\n<div class=\"wpb_wrapper\">\n<div class=\"hero__content-wrapper \">\n<div class=\"hero__flex-container container\">\n<div class=\"hero__content hero__content--loaded\">\n<h1 class=\"hero__header component-theme__header\"><span style=\"color: #ffffff;\">Silk Charge&amp;Go IX<\/span><\/h1>\n<\/div>\n<\/div>\n<\/div>\n<\/div>\n<\/div>\n[\/mk_fancy_title][mk_button dimension=&#8220;flat&#8220; size=&#8220;large&#8220; url=&#8220;https:\/\/hoerakustik-lehmann.de\/cl\/kontakt\/&#8220;]Jetzt Termin vereinbaren[\/mk_button][\/vc_column][\/mk_page_section][vc_row][vc_column][mk_padding_divider size=&#8220;60&#8243;][mk_fancy_title size=&#8220;40&#8243; margin_bottom=&#8220;0&#8243; font_family=&#8220;none&#8220;]\n<h2>Kleinste Bauweise, gr\u00f6\u00dfte Diskretion<\/h2>\n[\/mk_fancy_title][mk_fancy_title size=&#8220;22&#8243; font_weight=&#8220;300&#8243; margin_bottom=&#8220;0&#8243; font_family=&#8220;none&#8220;]H\u00f6rger\u00e4te sind modern Alltagshelfer, die Menschen wieder zu einem aktiven Leben verhelfen. Dennoch w\u00fcnschen sich viele Menschen, die eine H\u00f6rversorgung brauchen, m\u00f6glichst unauff\u00e4llige H\u00f6rger\u00e4te, die sie zuverl\u00e4ssig durch den Tag begleiten.<\/p>\n<p>Mit dem Signia Silk Charge&amp;Go IX gibt es nun eine H\u00f6rl\u00f6sung mit modernem, maximal diskretem Design, gepaart mit leichter und alltagstauglicher Handhabung und Spitzentechnologie der neuentwickelten Integrated Xperience Plattform.[\/mk_fancy_title][mk_padding_divider size=&#8220;60&#8243;][\/vc_column][\/vc_row][vc_row fullwidth=&#8220;true&#8220; fullwidth_content=&#8220;false&#8220; css=&#8220;.vc_custom_1679562439765{background-color: #efefef !important;}&#8220;][vc_column width=&#8220;1\/2&#8243;][mk_padding_divider size=&#8220;60&#8243;][mk_fancy_title size=&#8220;22&#8243; font_weight=&#8220;300&#8243; margin_bottom=&#8220;0&#8243; font_family=&#8220;none&#8220;]\n<div class=\"kleo_text_column wpb_text_column wpb_content_element \">\n<div class=\"wpb_wrapper\">\n<h2>Silk Charge&amp;Go IX<\/h2>\n<\/div>\n<\/div>\n<div class=\"kleo_text_column wpb_text_column wpb_content_element \">\n<div class=\"wpb_wrapper\">\n<div class=\"editorial-content\">\n<div class=\"wpb_text_column wpb_content_element \">\n<div class=\"wpb_wrapper\">\n<div class=\"kleo_text_column wpb_text_column wpb_content_element \">\n<div class=\"wpb_wrapper\">\n<div class=\"editorial-content\">\n<p>Unfassbar klein. Unfassbar ausdauernd<\/p>\n<ul>\n<li>F\u00fcr nat\u00fcrlichere, einfachere Gespr\u00e4che<\/li>\n<li>ann\u00e4hernd unsichtbar<\/li>\n<li>Akku-Laufzeit f\u00fcr 28 Stunden<\/li>\n<li>hoher Tragekomfort<\/li>\n<li>Kontaktloses Laden<\/li>\n<\/ul>\n<\/div>\n<\/div>\n<\/div>\n<\/div>\n<\/div>\n<\/div>\n<\/div>\n<\/div>\n[\/mk_fancy_title][vc_single_image image=&#8220;1130&#8243; img_size=&#8220;medium&#8220;][mk_padding_divider size=&#8220;60&#8243;][\/vc_column][vc_column width=&#8220;1\/2&#8243;][mk_padding_divider size=&#8220;60&#8243;][vc_single_image image=&#8220;1128&#8243; img_size=&#8220;large&#8220;][mk_padding_divider size=&#8220;39&#8243;][mk_button dimension=&#8220;flat&#8220; size=&#8220;large&#8220; url=&#8220;https:\/\/hoerakustik-lehmann.de\/cl\/kontakt\/&#8220;]Jetzt kostenfrei testen und Termin vereinbaren[\/mk_button][\/vc_column][\/vc_row][vc_row fullwidth=&#8220;true&#8220; fullwidth_content=&#8220;false&#8220;][vc_column width=&#8220;1\/2&#8243;][mk_padding_divider size=&#8220;60&#8243;][vc_single_image image=&#8220;1134&#8243; img_size=&#8220;large&#8220;][mk_padding_divider size=&#8220;60&#8243;][\/vc_column][vc_column width=&#8220;1\/2&#8243;][mk_padding_divider size=&#8220;60&#8243;][vc_single_image image=&#8220;1132&#8243; img_size=&#8220;large&#8220;][mk_padding_divider size=&#8220;60&#8243;][\/vc_column][\/vc_row][mk_page_section vertical_align=&#8220;center&#8220; bg_position=&#8220;center top&#8220; bg_repeat=&#8220;repeat-x&#8220; top_shape_color=&#8220;#1d75b1&#8243; sidebar=&#8220;sidebar-1&#8243;][vc_column][mk_padding_divider size=&#8220;60&#8243;][\/vc_column][\/mk_page_section]\n","protected":false},"excerpt":{"rendered":"<p>[mk_page_section bg_image=&#8220;https:\/\/hoerakustik-lehmann.de\/cl\/wp-content\/uploads\/2023\/10\/silk-cg-ix-frau-scaled.jpg&#8220; bg_position=&#8220;center center&#8220; bg_repeat=&#8220;no-repeat&#8220; bg_stretch=&#8220;true&#8220; video_color_mask=&#8220;rgba(0,0,0,0.77)&#8220; video_opacity=&#8220;0.3&#8243; min_height=&#8220;799&#8243; skip_arrow=&#8220;true&#8220; sidebar=&#8220;sidebar-1&#8243;][vc_column][mk_padding_divider size=&#8220;321&#8243; visibility=&#8220;hidden-sm&#8220;][mk_fancy_title size=&#8220;100&#8243; line_height=&#8220;&#8220; font_family=&#8220;none&#8220;] Wenn aufladbar unsichtbar wird Silk Charge&amp;Go IX [\/mk_fancy_title][mk_button dimension=&#8220;flat&#8220; size=&#8220;large&#8220; url=&#8220;https:\/\/hoerakustik-lehmann.de\/cl\/kontakt\/&#8220;]Jetzt Termin vereinbaren[\/mk_button][\/vc_column][\/mk_page_section][vc_row][vc_column][mk_padding_divider size=&#8220;60&#8243;][mk_fancy_title size=&#8220;40&#8243; margin_bottom=&#8220;0&#8243; font_family=&#8220;none&#8220;] Kleinste Bauweise, gr\u00f6\u00dfte Diskretion [\/mk_fancy_title][mk_fancy_title size=&#8220;22&#8243; font_weight=&#8220;300&#8243; margin_bottom=&#8220;0&#8243; font_family=&#8220;none&#8220;]H\u00f6rger\u00e4te sind modern Alltagshelfer, die Menschen wieder zu einem aktiven Leben verhelfen. Dennoch w\u00fcnschen [&hellip;]<\/p>\n","protected":false},"author":1,"featured_media":0,"parent":0,"menu_order":0,"comment_status":"closed","ping_status":"closed","template":"","meta":{"_mi_skip_tracking":false,"_monsterinsights_sitenote_active":false,"_monsterinsights_sitenote_note":"","_monsterinsights_sitenote_category":0,"footnotes":""},"class_list":["post-1123","page","type-page","status-publish","hentry"],"yoast_head":"<!-- This site is optimized with the Yoast SEO plugin v25.3.1 - https:\/\/yoast.com\/wordpress\/plugins\/seo\/ -->\n<title>Weltneuheit: Signia Silk Charge&amp;Go IX - H\u00f6rger\u00e4te in Berlin - H\u00f6rakustik Lehmann<\/title>\n<meta name=\"robots\" content=\"index, follow, max-snippet:-1, max-image-preview:large, max-video-preview:-1\" \/>\n<link rel=\"canonical\" href=\"https:\/\/hoerakustik-lehmann.de\/cl\/weltneuheit-signia-silk-chargego-ix\/\" \/>\n<meta property=\"og:locale\" content=\"de_DE\" \/>\n<meta property=\"og:type\" content=\"article\" \/>\n<meta property=\"og:title\" content=\"Weltneuheit: Signia Silk Charge&amp;Go IX - H\u00f6rger\u00e4te in Berlin - H\u00f6rakustik Lehmann\" \/>\n<meta property=\"og:description\" content=\"[mk_page_section bg_image=&#8220;https:\/\/hoerakustik-lehmann.de\/cl\/wp-content\/uploads\/2023\/10\/silk-cg-ix-frau-scaled.jpg&#8220; bg_position=&#8220;center center&#8220; bg_repeat=&#8220;no-repeat&#8220; bg_stretch=&#8220;true&#8220; video_color_mask=&#8220;rgba(0,0,0,0.77)&#8220; video_opacity=&#8220;0.3&#8243; min_height=&#8220;799&#8243; skip_arrow=&#8220;true&#8220; sidebar=&#8220;sidebar-1&#8243;][vc_column][mk_padding_divider size=&#8220;321&#8243; visibility=&#8220;hidden-sm&#8220;][mk_fancy_title size=&#8220;100&#8243; line_height=&#8220;&#8220; font_family=&#8220;none&#8220;] Wenn aufladbar unsichtbar wird Silk Charge&amp;Go IX [\/mk_fancy_title][mk_button dimension=&#8220;flat&#8220; size=&#8220;large&#8220; url=&#8220;https:\/\/hoerakustik-lehmann.de\/cl\/kontakt\/&#8220;]Jetzt Termin vereinbaren[\/mk_button][\/vc_column][\/mk_page_section][vc_row][vc_column][mk_padding_divider size=&#8220;60&#8243;][mk_fancy_title size=&#8220;40&#8243; margin_bottom=&#8220;0&#8243; font_family=&#8220;none&#8220;] Kleinste Bauweise, gr\u00f6\u00dfte Diskretion [\/mk_fancy_title][mk_fancy_title size=&#8220;22&#8243; font_weight=&#8220;300&#8243; margin_bottom=&#8220;0&#8243; font_family=&#8220;none&#8220;]H\u00f6rger\u00e4te sind modern Alltagshelfer, die Menschen wieder zu einem aktiven Leben verhelfen. Dennoch w\u00fcnschen [&hellip;]\" \/>\n<meta property=\"og:url\" content=\"https:\/\/hoerakustik-lehmann.de\/cl\/weltneuheit-signia-silk-chargego-ix\/\" \/>\n<meta property=\"og:site_name\" content=\"H\u00f6rger\u00e4te in Berlin - H\u00f6rakustik Lehmann\" \/>\n<meta property=\"article:modified_time\" content=\"2023-10-19T14:05:10+00:00\" \/>\n<meta name=\"twitter:card\" content=\"summary_large_image\" \/>\n<meta name=\"twitter:label1\" content=\"Gesch\u00e4tzte Lesezeit\" \/>\n\t<meta name=\"twitter:data1\" content=\"2\u00a0Minuten\" \/>\n<script type=\"application\/ld+json\" class=\"yoast-schema-graph\">{\"@context\":\"https:\/\/schema.org\",\"@graph\":[{\"@type\":\"WebPage\",\"@id\":\"https:\/\/hoerakustik-lehmann.de\/cl\/weltneuheit-signia-silk-chargego-ix\/\",\"url\":\"https:\/\/hoerakustik-lehmann.de\/cl\/weltneuheit-signia-silk-chargego-ix\/\",\"name\":\"Weltneuheit: Signia Silk Charge&Go IX - H\u00f6rger\u00e4te in Berlin - H\u00f6rakustik Lehmann\",\"isPartOf\":{\"@id\":\"https:\/\/hoerakustik-lehmann.de\/cl\/#website\"},\"datePublished\":\"2023-10-19T13:29:22+00:00\",\"dateModified\":\"2023-10-19T14:05:10+00:00\",\"breadcrumb\":{\"@id\":\"https:\/\/hoerakustik-lehmann.de\/cl\/weltneuheit-signia-silk-chargego-ix\/#breadcrumb\"},\"inLanguage\":\"de\",\"potentialAction\":[{\"@type\":\"ReadAction\",\"target\":[\"https:\/\/hoerakustik-lehmann.de\/cl\/weltneuheit-signia-silk-chargego-ix\/\"]}]},{\"@type\":\"BreadcrumbList\",\"@id\":\"https:\/\/hoerakustik-lehmann.de\/cl\/weltneuheit-signia-silk-chargego-ix\/#breadcrumb\",\"itemListElement\":[{\"@type\":\"ListItem\",\"position\":1,\"name\":\"Startseite\",\"item\":\"https:\/\/hoerakustik-lehmann.de\/cl\/\"},{\"@type\":\"ListItem\",\"position\":2,\"name\":\"Weltneuheit: Signia Silk Charge&#038;Go IX\"}]},{\"@type\":\"WebSite\",\"@id\":\"https:\/\/hoerakustik-lehmann.de\/cl\/#website\",\"url\":\"https:\/\/hoerakustik-lehmann.de\/cl\/\",\"name\":\"H\u00f6rger\u00e4te in Berlin - H\u00f6rakustik Lehmann\",\"description\":\"H\u00f6r-Beratung, H\u00f6rger\u00e4te und Zubeh\u00f6r\",\"publisher\":{\"@id\":\"https:\/\/hoerakustik-lehmann.de\/cl\/#organization\"},\"potentialAction\":[{\"@type\":\"SearchAction\",\"target\":{\"@type\":\"EntryPoint\",\"urlTemplate\":\"https:\/\/hoerakustik-lehmann.de\/cl\/?s={search_term_string}\"},\"query-input\":{\"@type\":\"PropertyValueSpecification\",\"valueRequired\":true,\"valueName\":\"search_term_string\"}}],\"inLanguage\":\"de\"},{\"@type\":[\"Organization\",\"Place\",\"LocalBusiness\"],\"@id\":\"https:\/\/hoerakustik-lehmann.de\/cl\/#organization\",\"name\":\"H\u00f6rakustik Lehmann\",\"url\":\"https:\/\/hoerakustik-lehmann.de\/cl\/\",\"logo\":{\"@id\":\"https:\/\/hoerakustik-lehmann.de\/cl\/weltneuheit-signia-silk-chargego-ix\/#local-main-organization-logo\"},\"image\":{\"@id\":\"https:\/\/hoerakustik-lehmann.de\/cl\/weltneuheit-signia-silk-chargego-ix\/#local-main-organization-logo\"},\"address\":{\"@id\":\"https:\/\/hoerakustik-lehmann.de\/cl\/weltneuheit-signia-silk-chargego-ix\/#local-main-place-address\"},\"telephone\":[\"Tel. 030 \u2013 209 53 833\"],\"openingHoursSpecification\":[{\"@type\":\"OpeningHoursSpecification\",\"dayOfWeek\":[\"Monday\",\"Tuesday\",\"Wednesday\",\"Thursday\"],\"opens\":\"09:00\",\"closes\":\"18:00\"},{\"@type\":\"OpeningHoursSpecification\",\"dayOfWeek\":[\"Friday\"],\"opens\":\"09:00\",\"closes\":\"13:00\"},{\"@type\":\"OpeningHoursSpecification\",\"dayOfWeek\":[\"Saturday\",\"Sunday\"],\"opens\":\"00:00\",\"closes\":\"00:00\"}],\"email\":\"info@hoerakustik-lehmann.de\"},{\"@type\":\"PostalAddress\",\"@id\":\"https:\/\/hoerakustik-lehmann.de\/cl\/weltneuheit-signia-silk-chargego-ix\/#local-main-place-address\",\"streetAddress\":\"D\u00f6rpfeldstr. 36\",\"addressLocality\":\"Berlin\",\"postalCode\":\"12489\",\"addressCountry\":\"DE\"},{\"@type\":\"ImageObject\",\"inLanguage\":\"de\",\"@id\":\"https:\/\/hoerakustik-lehmann.de\/cl\/weltneuheit-signia-silk-chargego-ix\/#local-main-organization-logo\",\"url\":\"https:\/\/hoerakustik-lehmann.de\/cl\/wp-content\/uploads\/2020\/02\/logo2.png\",\"contentUrl\":\"https:\/\/hoerakustik-lehmann.de\/cl\/wp-content\/uploads\/2020\/02\/logo2.png\",\"width\":579,\"height\":181,\"caption\":\"H\u00f6rakustik Lehmann\"}]}<\/script>\n<meta name=\"geo.placename\" content=\"Berlin\" \/>\n<meta name=\"geo.region\" content=\"Deutschland\" \/>\n<!-- \/ Yoast SEO plugin. -->","yoast_head_json":{"title":"Weltneuheit: Signia Silk Charge&Go IX - H\u00f6rger\u00e4te in Berlin - H\u00f6rakustik Lehmann","robots":{"index":"index","follow":"follow","max-snippet":"max-snippet:-1","max-image-preview":"max-image-preview:large","max-video-preview":"max-video-preview:-1"},"canonical":"https:\/\/hoerakustik-lehmann.de\/cl\/weltneuheit-signia-silk-chargego-ix\/","og_locale":"de_DE","og_type":"article","og_title":"Weltneuheit: Signia Silk Charge&Go IX - H\u00f6rger\u00e4te in Berlin - H\u00f6rakustik Lehmann","og_description":"[mk_page_section bg_image=&#8220;https:\/\/hoerakustik-lehmann.de\/cl\/wp-content\/uploads\/2023\/10\/silk-cg-ix-frau-scaled.jpg&#8220; bg_position=&#8220;center center&#8220; bg_repeat=&#8220;no-repeat&#8220; bg_stretch=&#8220;true&#8220; video_color_mask=&#8220;rgba(0,0,0,0.77)&#8220; video_opacity=&#8220;0.3&#8243; min_height=&#8220;799&#8243; skip_arrow=&#8220;true&#8220; sidebar=&#8220;sidebar-1&#8243;][vc_column][mk_padding_divider size=&#8220;321&#8243; visibility=&#8220;hidden-sm&#8220;][mk_fancy_title size=&#8220;100&#8243; line_height=&#8220;&#8220; font_family=&#8220;none&#8220;] Wenn aufladbar unsichtbar wird Silk Charge&amp;Go IX [\/mk_fancy_title][mk_button dimension=&#8220;flat&#8220; size=&#8220;large&#8220; url=&#8220;https:\/\/hoerakustik-lehmann.de\/cl\/kontakt\/&#8220;]Jetzt Termin vereinbaren[\/mk_button][\/vc_column][\/mk_page_section][vc_row][vc_column][mk_padding_divider size=&#8220;60&#8243;][mk_fancy_title size=&#8220;40&#8243; margin_bottom=&#8220;0&#8243; font_family=&#8220;none&#8220;] Kleinste Bauweise, gr\u00f6\u00dfte Diskretion [\/mk_fancy_title][mk_fancy_title size=&#8220;22&#8243; font_weight=&#8220;300&#8243; margin_bottom=&#8220;0&#8243; font_family=&#8220;none&#8220;]H\u00f6rger\u00e4te sind modern Alltagshelfer, die Menschen wieder zu einem aktiven Leben verhelfen. Dennoch w\u00fcnschen [&hellip;]","og_url":"https:\/\/hoerakustik-lehmann.de\/cl\/weltneuheit-signia-silk-chargego-ix\/","og_site_name":"H\u00f6rger\u00e4te in Berlin - H\u00f6rakustik Lehmann","article_modified_time":"2023-10-19T14:05:10+00:00","twitter_card":"summary_large_image","twitter_misc":{"Gesch\u00e4tzte Lesezeit":"2\u00a0Minuten"},"schema":{"@context":"https:\/\/schema.org","@graph":[{"@type":"WebPage","@id":"https:\/\/hoerakustik-lehmann.de\/cl\/weltneuheit-signia-silk-chargego-ix\/","url":"https:\/\/hoerakustik-lehmann.de\/cl\/weltneuheit-signia-silk-chargego-ix\/","name":"Weltneuheit: Signia Silk Charge&Go IX - H\u00f6rger\u00e4te in Berlin - H\u00f6rakustik Lehmann","isPartOf":{"@id":"https:\/\/hoerakustik-lehmann.de\/cl\/#website"},"datePublished":"2023-10-19T13:29:22+00:00","dateModified":"2023-10-19T14:05:10+00:00","breadcrumb":{"@id":"https:\/\/hoerakustik-lehmann.de\/cl\/weltneuheit-signia-silk-chargego-ix\/#breadcrumb"},"inLanguage":"de","potentialAction":[{"@type":"ReadAction","target":["https:\/\/hoerakustik-lehmann.de\/cl\/weltneuheit-signia-silk-chargego-ix\/"]}]},{"@type":"BreadcrumbList","@id":"https:\/\/hoerakustik-lehmann.de\/cl\/weltneuheit-signia-silk-chargego-ix\/#breadcrumb","itemListElement":[{"@type":"ListItem","position":1,"name":"Startseite","item":"https:\/\/hoerakustik-lehmann.de\/cl\/"},{"@type":"ListItem","position":2,"name":"Weltneuheit: Signia Silk Charge&#038;Go IX"}]},{"@type":"WebSite","@id":"https:\/\/hoerakustik-lehmann.de\/cl\/#website","url":"https:\/\/hoerakustik-lehmann.de\/cl\/","name":"H\u00f6rger\u00e4te in Berlin - H\u00f6rakustik Lehmann","description":"H\u00f6r-Beratung, H\u00f6rger\u00e4te und Zubeh\u00f6r","publisher":{"@id":"https:\/\/hoerakustik-lehmann.de\/cl\/#organization"},"potentialAction":[{"@type":"SearchAction","target":{"@type":"EntryPoint","urlTemplate":"https:\/\/hoerakustik-lehmann.de\/cl\/?s={search_term_string}"},"query-input":{"@type":"PropertyValueSpecification","valueRequired":true,"valueName":"search_term_string"}}],"inLanguage":"de"},{"@type":["Organization","Place","LocalBusiness"],"@id":"https:\/\/hoerakustik-lehmann.de\/cl\/#organization","name":"H\u00f6rakustik Lehmann","url":"https:\/\/hoerakustik-lehmann.de\/cl\/","logo":{"@id":"https:\/\/hoerakustik-lehmann.de\/cl\/weltneuheit-signia-silk-chargego-ix\/#local-main-organization-logo"},"image":{"@id":"https:\/\/hoerakustik-lehmann.de\/cl\/weltneuheit-signia-silk-chargego-ix\/#local-main-organization-logo"},"address":{"@id":"https:\/\/hoerakustik-lehmann.de\/cl\/weltneuheit-signia-silk-chargego-ix\/#local-main-place-address"},"telephone":["Tel. 030 \u2013 209 53 833"],"openingHoursSpecification":[{"@type":"OpeningHoursSpecification","dayOfWeek":["Monday","Tuesday","Wednesday","Thursday"],"opens":"09:00","closes":"18:00"},{"@type":"OpeningHoursSpecification","dayOfWeek":["Friday"],"opens":"09:00","closes":"13:00"},{"@type":"OpeningHoursSpecification","dayOfWeek":["Saturday","Sunday"],"opens":"00:00","closes":"00:00"}],"email":"info@hoerakustik-lehmann.de"},{"@type":"PostalAddress","@id":"https:\/\/hoerakustik-lehmann.de\/cl\/weltneuheit-signia-silk-chargego-ix\/#local-main-place-address","streetAddress":"D\u00f6rpfeldstr. 36","addressLocality":"Berlin","postalCode":"12489","addressCountry":"DE"},{"@type":"ImageObject","inLanguage":"de","@id":"https:\/\/hoerakustik-lehmann.de\/cl\/weltneuheit-signia-silk-chargego-ix\/#local-main-organization-logo","url":"https:\/\/hoerakustik-lehmann.de\/cl\/wp-content\/uploads\/2020\/02\/logo2.png","contentUrl":"https:\/\/hoerakustik-lehmann.de\/cl\/wp-content\/uploads\/2020\/02\/logo2.png","width":579,"height":181,"caption":"H\u00f6rakustik Lehmann"}]},"geo.placename":"Berlin","geo.region":"Deutschland"},"_links":{"self":[{"href":"https:\/\/hoerakustik-lehmann.de\/cl\/wp-json\/wp\/v2\/pages\/1123"}],"collection":[{"href":"https:\/\/hoerakustik-lehmann.de\/cl\/wp-json\/wp\/v2\/pages"}],"about":[{"href":"https:\/\/hoerakustik-lehmann.de\/cl\/wp-json\/wp\/v2\/types\/page"}],"author":[{"embeddable":true,"href":"https:\/\/hoerakustik-lehmann.de\/cl\/wp-json\/wp\/v2\/users\/1"}],"replies":[{"embeddable":true,"href":"https:\/\/hoerakustik-lehmann.de\/cl\/wp-json\/wp\/v2\/comments?post=1123"}],"version-history":[{"count":12,"href":"https:\/\/hoerakustik-lehmann.de\/cl\/wp-json\/wp\/v2\/pages\/1123\/revisions"}],"predecessor-version":[{"id":1141,"href":"https:\/\/hoerakustik-lehmann.de\/cl\/wp-json\/wp\/v2\/pages\/1123\/revisions\/1141"}],"wp:attachment":[{"href":"https:\/\/hoerakustik-lehmann.de\/cl\/wp-json\/wp\/v2\/media?parent=1123"}],"curies":[{"name":"wp","href":"https:\/\/api.w.org\/{rel}","templated":true}]}}