{"id":1096,"date":"2023-09-19T16:33:45","date_gmt":"2023-09-19T14:33:45","guid":{"rendered":"https:\/\/hoerakustik-lehmann.de\/cl\/?page_id=1096"},"modified":"2025-04-22T14:55:15","modified_gmt":"2025-04-22T12:55:15","slug":"neuheit-signia-pure-chargego-btc-ix","status":"publish","type":"page","link":"https:\/\/hoerakustik-lehmann.de\/cl\/neuheit-signia-pure-chargego-btc-ix\/","title":{"rendered":"Neuheit: Signia Pure Charge&#038;Go BTC IX"},"content":{"rendered":"[mk_page_section bg_image=&#8220;https:\/\/hoerakustik-lehmann.de\/cl\/wp-content\/uploads\/2025\/03\/signia-pure-cg-bct_key-visual_1920x1080.jpg&#8220; bg_position=&#8220;center center&#8220; bg_repeat=&#8220;no-repeat&#8220; bg_stretch=&#8220;true&#8220; video_color_mask=&#8220;rgba(0,0,0,0.77)&#8220; video_opacity=&#8220;0.3&#8243; min_height=&#8220;799&#8243; skip_arrow=&#8220;true&#8220; sidebar=&#8220;sidebar-1&#8243;][vc_column][mk_padding_divider size=&#8220;321&#8243; visibility=&#8220;hidden-sm&#8220;][mk_fancy_title size=&#8220;100&#8243; line_height=&#8220;&#8220; font_family=&#8220;none&#8220;]\n<div class=\"kleo_text_column wpb_text_column wpb_content_element \" data-uid=\"6509b1fb74a6d\">\n<div class=\"wpb_wrapper\">\n<div class=\"hero__content-wrapper \">\n<div class=\"hero__flex-container container\">\n<div class=\"hero__content hero__content--loaded\">\n<p class=\"hero__header component-theme__header\"><span style=\"color: #ffffff;\">Wenn h\u00f6ren<br \/>\nalle verbindet<\/span><\/p>\n<\/div>\n<\/div>\n<\/div>\n<\/div>\n<\/div>\n<div class=\"kleo_text_column wpb_text_column wpb_content_element \">\n<div class=\"wpb_wrapper\">\n<div class=\"hero__content-wrapper \">\n<div class=\"hero__flex-container container\">\n<div class=\"hero__content hero__content--loaded\">\n<h1 class=\"hero__header component-theme__header\"><span style=\"color: #ffffff;\">Pure Charge&amp;Go BTC IX<\/span><\/h1>\n<\/div>\n<\/div>\n<\/div>\n<\/div>\n<\/div>\n<p><span style=\"color: #c95757;\">\u00a0<\/span>[\/mk_fancy_title][\/vc_column][\/mk_page_section][vc_row][vc_column][mk_padding_divider size=&#8220;60&#8243;][mk_fancy_title size=&#8220;40&#8243; margin_bottom=&#8220;0&#8243; font_family=&#8220;none&#8220;]\n<h2 class=\"headline-view__heading component-theme__header\">H\u00f6rger\u00e4te, gemacht f\u00fcr Gruppengespr\u00e4che<\/h2>\n[\/mk_fancy_title][mk_fancy_title size=&#8220;22&#8243; font_weight=&#8220;300&#8243; margin_bottom=&#8220;0&#8243; font_family=&#8220;none&#8220;]\n<div class=\"article-text text-align-center\">\n<div class=\"article-text__text component-theme__text\">\n<p>Diese H\u00f6rger\u00e4te nehmen es locker mit mehreren Sprechern gleichzeitig auf. Mit ihrer einzigartigen Integrated Xperience Technologie machen sie aus turbulentem Chaos anregende Gruppengespr\u00e4che. Mit Bluetooth\u00ae Classic f\u00fcr universelle Kompatibilit\u00e4t \u2013 ob Smartphone, Hifi-Anlage oder TV.<\/p>\n<p>Der leistungsf\u00e4hige Lithium-Ionen-Akku bringt Sie sorgenfrei durch den Tag, mit Akkulaufzeiten bis zu 54 Stunden. Und mit Hilfe des mobilen Ladeger\u00e4ts sind Sie auch unterwegs flexibel.<\/p>\n<\/div>\n<\/div>\n[\/mk_fancy_title][mk_padding_divider size=&#8220;60&#8243;][\/vc_column][\/vc_row][vc_row fullwidth=&#8220;true&#8220; fullwidth_content=&#8220;false&#8220;][vc_column width=&#8220;1\/2&#8243;][mk_padding_divider size=&#8220;60&#8243;][mk_fancy_title size=&#8220;22&#8243; font_weight=&#8220;300&#8243; margin_bottom=&#8220;0&#8243; font_family=&#8220;none&#8220;]\n<div class=\"kleo_text_column wpb_text_column wpb_content_element \">\n<div class=\"wpb_wrapper\">\n<div class=\"editorial-content\">\n<h3>Pure Charge&amp;Go BTC IX<\/h3>\n<p>Die weltweit ersten H\u00f6rger\u00e4te mit Multi-Beamformer-Technologie &amp; 2-Wege-Signalverarbeitung.<\/p>\n<ul>\n<li>F\u00fcr nat\u00fcrlichere, einfachere Gespr\u00e4che<\/li>\n<li>Komfortable, schlanke Bauform<\/li>\n<li>Akku-Laufzeit f\u00fcr den gesamten Tag<\/li>\n<li>Zukunftssichere Bluetooth-Konnektivit\u00e4t<\/li>\n<li>Auch mit T-Spule erh\u00e4ltlich<\/li>\n<\/ul>\n<\/div>\n<\/div>\n<\/div>\n[\/mk_fancy_title][mk_fancy_title size=&#8220;22&#8243; font_weight=&#8220;300&#8243; margin_bottom=&#8220;0&#8243; font_family=&#8220;none&#8220;]\n<div class=\"kleo_text_column wpb_text_column wpb_content_element \">\n<div class=\"wpb_wrapper\">\n<div class=\"editorial-content\">\n<h3>Kommunikation ist wie das Leben selbst: immer in Bewegung<\/h3>\n<p>Gespr\u00e4che im Leben folgen keinem festen Drehbuch. Sie sind lebendig, dynamisch und voller unerwarteter Wendungen.<\/p>\n<p>Mit der Technologie von Signia Integrated Xperience verpassen Sie nichts, auch wenn Sie die sprechende Person nicht direkt anschauen oder Ihren Kopf drehen, um sich mit anderen zu unterhalten. Genie\u00dfen Sie nat\u00fcrlichere und m\u00fchelosere Gespr\u00e4che.<\/p>\n<p>Es ist Zeit, wieder mitten ins Geschehen einzusteigen. Es ist Zeit f\u00fcr Signia Integrated Xperience.<\/p>\n<\/div>\n<\/div>\n<\/div>\n[\/mk_fancy_title][mk_button dimension=&#8220;flat&#8220; size=&#8220;large&#8220; url=&#8220;https:\/\/hoerakustik-lehmann.de\/cl\/kontakt\/&#8220;]Jetzt kostenfrei testen und Termin vereinbaren[\/mk_button][mk_padding_divider size=&#8220;60&#8243;][\/vc_column][vc_column width=&#8220;1\/2&#8243;][mk_padding_divider size=&#8220;60&#8243;][vc_single_image image=&#8220;1111&#8243; img_size=&#8220;medium&#8220;][mk_padding_divider size=&#8220;60&#8243;][vc_single_image image=&#8220;1336&#8243; img_size=&#8220;medium&#8220;][vc_single_image image=&#8220;1105&#8243; img_size=&#8220;medium&#8220;][\/vc_column][\/vc_row][mk_page_section vertical_align=&#8220;center&#8220; bg_position=&#8220;center top&#8220; bg_repeat=&#8220;repeat-x&#8220; top_shape_color=&#8220;#1d75b1&#8243; sidebar=&#8220;sidebar-1&#8243;][vc_column][mk_padding_divider size=&#8220;60&#8243;][\/vc_column][\/mk_page_section]\n","protected":false},"excerpt":{"rendered":"<p>[mk_page_section bg_image=&#8220;https:\/\/hoerakustik-lehmann.de\/cl\/wp-content\/uploads\/2025\/03\/signia-pure-cg-bct_key-visual_1920x1080.jpg&#8220; bg_position=&#8220;center center&#8220; bg_repeat=&#8220;no-repeat&#8220; bg_stretch=&#8220;true&#8220; video_color_mask=&#8220;rgba(0,0,0,0.77)&#8220; video_opacity=&#8220;0.3&#8243; min_height=&#8220;799&#8243; skip_arrow=&#8220;true&#8220; sidebar=&#8220;sidebar-1&#8243;][vc_column][mk_padding_divider size=&#8220;321&#8243; visibility=&#8220;hidden-sm&#8220;][mk_fancy_title size=&#8220;100&#8243; line_height=&#8220;&#8220; font_family=&#8220;none&#8220;] Wenn h\u00f6ren alle verbindet Pure Charge&amp;Go BTC IX \u00a0[\/mk_fancy_title][\/vc_column][\/mk_page_section][vc_row][vc_column][mk_padding_divider size=&#8220;60&#8243;][mk_fancy_title size=&#8220;40&#8243; margin_bottom=&#8220;0&#8243; font_family=&#8220;none&#8220;] H\u00f6rger\u00e4te, gemacht f\u00fcr Gruppengespr\u00e4che [\/mk_fancy_title][mk_fancy_title size=&#8220;22&#8243; font_weight=&#8220;300&#8243; margin_bottom=&#8220;0&#8243; font_family=&#8220;none&#8220;] Diese H\u00f6rger\u00e4te nehmen es locker mit mehreren Sprechern gleichzeitig auf. Mit ihrer einzigartigen Integrated Xperience Technologie machen [&hellip;]<\/p>\n","protected":false},"author":1,"featured_media":0,"parent":0,"menu_order":0,"comment_status":"closed","ping_status":"closed","template":"","meta":{"_mi_skip_tracking":false,"_monsterinsights_sitenote_active":false,"_monsterinsights_sitenote_note":"","_monsterinsights_sitenote_category":0,"footnotes":""},"class_list":["post-1096","page","type-page","status-publish","hentry"],"yoast_head":"<!-- This site is optimized with the Yoast SEO plugin v25.3.1 - https:\/\/yoast.com\/wordpress\/plugins\/seo\/ -->\n<title>Neuheit: Signia Pure Charge&amp;Go BTC IX - H\u00f6rger\u00e4te in Berlin - H\u00f6rakustik Lehmann<\/title>\n<meta name=\"robots\" content=\"index, follow, max-snippet:-1, max-image-preview:large, max-video-preview:-1\" \/>\n<link rel=\"canonical\" href=\"https:\/\/hoerakustik-lehmann.de\/cl\/neuheit-signia-pure-chargego-btc-ix\/\" \/>\n<meta property=\"og:locale\" content=\"de_DE\" \/>\n<meta property=\"og:type\" content=\"article\" \/>\n<meta property=\"og:title\" content=\"Neuheit: Signia Pure Charge&amp;Go BTC IX - H\u00f6rger\u00e4te in Berlin - H\u00f6rakustik Lehmann\" \/>\n<meta property=\"og:description\" content=\"[mk_page_section bg_image=&#8220;https:\/\/hoerakustik-lehmann.de\/cl\/wp-content\/uploads\/2025\/03\/signia-pure-cg-bct_key-visual_1920x1080.jpg&#8220; bg_position=&#8220;center center&#8220; bg_repeat=&#8220;no-repeat&#8220; bg_stretch=&#8220;true&#8220; video_color_mask=&#8220;rgba(0,0,0,0.77)&#8220; video_opacity=&#8220;0.3&#8243; min_height=&#8220;799&#8243; skip_arrow=&#8220;true&#8220; sidebar=&#8220;sidebar-1&#8243;][vc_column][mk_padding_divider size=&#8220;321&#8243; visibility=&#8220;hidden-sm&#8220;][mk_fancy_title size=&#8220;100&#8243; line_height=&#8220;&#8220; font_family=&#8220;none&#8220;] Wenn h\u00f6ren alle verbindet Pure Charge&amp;Go BTC IX \u00a0[\/mk_fancy_title][\/vc_column][\/mk_page_section][vc_row][vc_column][mk_padding_divider size=&#8220;60&#8243;][mk_fancy_title size=&#8220;40&#8243; margin_bottom=&#8220;0&#8243; font_family=&#8220;none&#8220;] H\u00f6rger\u00e4te, gemacht f\u00fcr Gruppengespr\u00e4che [\/mk_fancy_title][mk_fancy_title size=&#8220;22&#8243; font_weight=&#8220;300&#8243; margin_bottom=&#8220;0&#8243; font_family=&#8220;none&#8220;] Diese H\u00f6rger\u00e4te nehmen es locker mit mehreren Sprechern gleichzeitig auf. Mit ihrer einzigartigen Integrated Xperience Technologie machen [&hellip;]\" \/>\n<meta property=\"og:url\" content=\"https:\/\/hoerakustik-lehmann.de\/cl\/neuheit-signia-pure-chargego-btc-ix\/\" \/>\n<meta property=\"og:site_name\" content=\"H\u00f6rger\u00e4te in Berlin - H\u00f6rakustik Lehmann\" \/>\n<meta property=\"article:modified_time\" content=\"2025-04-22T12:55:15+00:00\" \/>\n<meta name=\"twitter:card\" content=\"summary_large_image\" \/>\n<meta name=\"twitter:label1\" content=\"Gesch\u00e4tzte Lesezeit\" \/>\n\t<meta name=\"twitter:data1\" content=\"2\u00a0Minuten\" \/>\n<script type=\"application\/ld+json\" class=\"yoast-schema-graph\">{\"@context\":\"https:\/\/schema.org\",\"@graph\":[{\"@type\":\"WebPage\",\"@id\":\"https:\/\/hoerakustik-lehmann.de\/cl\/neuheit-signia-pure-chargego-btc-ix\/\",\"url\":\"https:\/\/hoerakustik-lehmann.de\/cl\/neuheit-signia-pure-chargego-btc-ix\/\",\"name\":\"Neuheit: Signia Pure Charge&Go BTC IX - H\u00f6rger\u00e4te in Berlin - H\u00f6rakustik Lehmann\",\"isPartOf\":{\"@id\":\"https:\/\/hoerakustik-lehmann.de\/cl\/#website\"},\"datePublished\":\"2023-09-19T14:33:45+00:00\",\"dateModified\":\"2025-04-22T12:55:15+00:00\",\"breadcrumb\":{\"@id\":\"https:\/\/hoerakustik-lehmann.de\/cl\/neuheit-signia-pure-chargego-btc-ix\/#breadcrumb\"},\"inLanguage\":\"de\",\"potentialAction\":[{\"@type\":\"ReadAction\",\"target\":[\"https:\/\/hoerakustik-lehmann.de\/cl\/neuheit-signia-pure-chargego-btc-ix\/\"]}]},{\"@type\":\"BreadcrumbList\",\"@id\":\"https:\/\/hoerakustik-lehmann.de\/cl\/neuheit-signia-pure-chargego-btc-ix\/#breadcrumb\",\"itemListElement\":[{\"@type\":\"ListItem\",\"position\":1,\"name\":\"Startseite\",\"item\":\"https:\/\/hoerakustik-lehmann.de\/cl\/\"},{\"@type\":\"ListItem\",\"position\":2,\"name\":\"Neuheit: Signia Pure Charge&#038;Go BTC IX\"}]},{\"@type\":\"WebSite\",\"@id\":\"https:\/\/hoerakustik-lehmann.de\/cl\/#website\",\"url\":\"https:\/\/hoerakustik-lehmann.de\/cl\/\",\"name\":\"H\u00f6rger\u00e4te in Berlin - H\u00f6rakustik Lehmann\",\"description\":\"H\u00f6r-Beratung, H\u00f6rger\u00e4te und Zubeh\u00f6r\",\"publisher\":{\"@id\":\"https:\/\/hoerakustik-lehmann.de\/cl\/#organization\"},\"potentialAction\":[{\"@type\":\"SearchAction\",\"target\":{\"@type\":\"EntryPoint\",\"urlTemplate\":\"https:\/\/hoerakustik-lehmann.de\/cl\/?s={search_term_string}\"},\"query-input\":{\"@type\":\"PropertyValueSpecification\",\"valueRequired\":true,\"valueName\":\"search_term_string\"}}],\"inLanguage\":\"de\"},{\"@type\":[\"Organization\",\"Place\",\"LocalBusiness\"],\"@id\":\"https:\/\/hoerakustik-lehmann.de\/cl\/#organization\",\"name\":\"H\u00f6rakustik Lehmann\",\"url\":\"https:\/\/hoerakustik-lehmann.de\/cl\/\",\"logo\":{\"@id\":\"https:\/\/hoerakustik-lehmann.de\/cl\/neuheit-signia-pure-chargego-btc-ix\/#local-main-organization-logo\"},\"image\":{\"@id\":\"https:\/\/hoerakustik-lehmann.de\/cl\/neuheit-signia-pure-chargego-btc-ix\/#local-main-organization-logo\"},\"address\":{\"@id\":\"https:\/\/hoerakustik-lehmann.de\/cl\/neuheit-signia-pure-chargego-btc-ix\/#local-main-place-address\"},\"telephone\":[\"Tel. 030 \u2013 209 53 833\"],\"openingHoursSpecification\":[{\"@type\":\"OpeningHoursSpecification\",\"dayOfWeek\":[\"Monday\",\"Tuesday\",\"Wednesday\",\"Thursday\"],\"opens\":\"09:00\",\"closes\":\"18:00\"},{\"@type\":\"OpeningHoursSpecification\",\"dayOfWeek\":[\"Friday\"],\"opens\":\"09:00\",\"closes\":\"13:00\"},{\"@type\":\"OpeningHoursSpecification\",\"dayOfWeek\":[\"Saturday\",\"Sunday\"],\"opens\":\"00:00\",\"closes\":\"00:00\"}],\"email\":\"info@hoerakustik-lehmann.de\"},{\"@type\":\"PostalAddress\",\"@id\":\"https:\/\/hoerakustik-lehmann.de\/cl\/neuheit-signia-pure-chargego-btc-ix\/#local-main-place-address\",\"streetAddress\":\"D\u00f6rpfeldstr. 36\",\"addressLocality\":\"Berlin\",\"postalCode\":\"12489\",\"addressCountry\":\"DE\"},{\"@type\":\"ImageObject\",\"inLanguage\":\"de\",\"@id\":\"https:\/\/hoerakustik-lehmann.de\/cl\/neuheit-signia-pure-chargego-btc-ix\/#local-main-organization-logo\",\"url\":\"https:\/\/hoerakustik-lehmann.de\/cl\/wp-content\/uploads\/2020\/02\/logo2.png\",\"contentUrl\":\"https:\/\/hoerakustik-lehmann.de\/cl\/wp-content\/uploads\/2020\/02\/logo2.png\",\"width\":579,\"height\":181,\"caption\":\"H\u00f6rakustik Lehmann\"}]}<\/script>\n<meta name=\"geo.placename\" content=\"Berlin\" \/>\n<meta name=\"geo.region\" content=\"Deutschland\" \/>\n<!-- \/ Yoast SEO plugin. -->","yoast_head_json":{"title":"Neuheit: Signia Pure Charge&Go BTC IX - H\u00f6rger\u00e4te in Berlin - H\u00f6rakustik Lehmann","robots":{"index":"index","follow":"follow","max-snippet":"max-snippet:-1","max-image-preview":"max-image-preview:large","max-video-preview":"max-video-preview:-1"},"canonical":"https:\/\/hoerakustik-lehmann.de\/cl\/neuheit-signia-pure-chargego-btc-ix\/","og_locale":"de_DE","og_type":"article","og_title":"Neuheit: Signia Pure Charge&Go BTC IX - H\u00f6rger\u00e4te in Berlin - H\u00f6rakustik Lehmann","og_description":"[mk_page_section bg_image=&#8220;https:\/\/hoerakustik-lehmann.de\/cl\/wp-content\/uploads\/2025\/03\/signia-pure-cg-bct_key-visual_1920x1080.jpg&#8220; bg_position=&#8220;center center&#8220; bg_repeat=&#8220;no-repeat&#8220; bg_stretch=&#8220;true&#8220; video_color_mask=&#8220;rgba(0,0,0,0.77)&#8220; video_opacity=&#8220;0.3&#8243; min_height=&#8220;799&#8243; skip_arrow=&#8220;true&#8220; sidebar=&#8220;sidebar-1&#8243;][vc_column][mk_padding_divider size=&#8220;321&#8243; visibility=&#8220;hidden-sm&#8220;][mk_fancy_title size=&#8220;100&#8243; line_height=&#8220;&#8220; font_family=&#8220;none&#8220;] Wenn h\u00f6ren alle verbindet Pure Charge&amp;Go BTC IX \u00a0[\/mk_fancy_title][\/vc_column][\/mk_page_section][vc_row][vc_column][mk_padding_divider size=&#8220;60&#8243;][mk_fancy_title size=&#8220;40&#8243; margin_bottom=&#8220;0&#8243; font_family=&#8220;none&#8220;] H\u00f6rger\u00e4te, gemacht f\u00fcr Gruppengespr\u00e4che [\/mk_fancy_title][mk_fancy_title size=&#8220;22&#8243; font_weight=&#8220;300&#8243; margin_bottom=&#8220;0&#8243; font_family=&#8220;none&#8220;] Diese H\u00f6rger\u00e4te nehmen es locker mit mehreren Sprechern gleichzeitig auf. Mit ihrer einzigartigen Integrated Xperience Technologie machen [&hellip;]","og_url":"https:\/\/hoerakustik-lehmann.de\/cl\/neuheit-signia-pure-chargego-btc-ix\/","og_site_name":"H\u00f6rger\u00e4te in Berlin - H\u00f6rakustik Lehmann","article_modified_time":"2025-04-22T12:55:15+00:00","twitter_card":"summary_large_image","twitter_misc":{"Gesch\u00e4tzte Lesezeit":"2\u00a0Minuten"},"schema":{"@context":"https:\/\/schema.org","@graph":[{"@type":"WebPage","@id":"https:\/\/hoerakustik-lehmann.de\/cl\/neuheit-signia-pure-chargego-btc-ix\/","url":"https:\/\/hoerakustik-lehmann.de\/cl\/neuheit-signia-pure-chargego-btc-ix\/","name":"Neuheit: Signia Pure Charge&Go BTC IX - H\u00f6rger\u00e4te in Berlin - H\u00f6rakustik Lehmann","isPartOf":{"@id":"https:\/\/hoerakustik-lehmann.de\/cl\/#website"},"datePublished":"2023-09-19T14:33:45+00:00","dateModified":"2025-04-22T12:55:15+00:00","breadcrumb":{"@id":"https:\/\/hoerakustik-lehmann.de\/cl\/neuheit-signia-pure-chargego-btc-ix\/#breadcrumb"},"inLanguage":"de","potentialAction":[{"@type":"ReadAction","target":["https:\/\/hoerakustik-lehmann.de\/cl\/neuheit-signia-pure-chargego-btc-ix\/"]}]},{"@type":"BreadcrumbList","@id":"https:\/\/hoerakustik-lehmann.de\/cl\/neuheit-signia-pure-chargego-btc-ix\/#breadcrumb","itemListElement":[{"@type":"ListItem","position":1,"name":"Startseite","item":"https:\/\/hoerakustik-lehmann.de\/cl\/"},{"@type":"ListItem","position":2,"name":"Neuheit: Signia Pure Charge&#038;Go BTC IX"}]},{"@type":"WebSite","@id":"https:\/\/hoerakustik-lehmann.de\/cl\/#website","url":"https:\/\/hoerakustik-lehmann.de\/cl\/","name":"H\u00f6rger\u00e4te in Berlin - H\u00f6rakustik Lehmann","description":"H\u00f6r-Beratung, H\u00f6rger\u00e4te und Zubeh\u00f6r","publisher":{"@id":"https:\/\/hoerakustik-lehmann.de\/cl\/#organization"},"potentialAction":[{"@type":"SearchAction","target":{"@type":"EntryPoint","urlTemplate":"https:\/\/hoerakustik-lehmann.de\/cl\/?s={search_term_string}"},"query-input":{"@type":"PropertyValueSpecification","valueRequired":true,"valueName":"search_term_string"}}],"inLanguage":"de"},{"@type":["Organization","Place","LocalBusiness"],"@id":"https:\/\/hoerakustik-lehmann.de\/cl\/#organization","name":"H\u00f6rakustik Lehmann","url":"https:\/\/hoerakustik-lehmann.de\/cl\/","logo":{"@id":"https:\/\/hoerakustik-lehmann.de\/cl\/neuheit-signia-pure-chargego-btc-ix\/#local-main-organization-logo"},"image":{"@id":"https:\/\/hoerakustik-lehmann.de\/cl\/neuheit-signia-pure-chargego-btc-ix\/#local-main-organization-logo"},"address":{"@id":"https:\/\/hoerakustik-lehmann.de\/cl\/neuheit-signia-pure-chargego-btc-ix\/#local-main-place-address"},"telephone":["Tel. 030 \u2013 209 53 833"],"openingHoursSpecification":[{"@type":"OpeningHoursSpecification","dayOfWeek":["Monday","Tuesday","Wednesday","Thursday"],"opens":"09:00","closes":"18:00"},{"@type":"OpeningHoursSpecification","dayOfWeek":["Friday"],"opens":"09:00","closes":"13:00"},{"@type":"OpeningHoursSpecification","dayOfWeek":["Saturday","Sunday"],"opens":"00:00","closes":"00:00"}],"email":"info@hoerakustik-lehmann.de"},{"@type":"PostalAddress","@id":"https:\/\/hoerakustik-lehmann.de\/cl\/neuheit-signia-pure-chargego-btc-ix\/#local-main-place-address","streetAddress":"D\u00f6rpfeldstr. 36","addressLocality":"Berlin","postalCode":"12489","addressCountry":"DE"},{"@type":"ImageObject","inLanguage":"de","@id":"https:\/\/hoerakustik-lehmann.de\/cl\/neuheit-signia-pure-chargego-btc-ix\/#local-main-organization-logo","url":"https:\/\/hoerakustik-lehmann.de\/cl\/wp-content\/uploads\/2020\/02\/logo2.png","contentUrl":"https:\/\/hoerakustik-lehmann.de\/cl\/wp-content\/uploads\/2020\/02\/logo2.png","width":579,"height":181,"caption":"H\u00f6rakustik Lehmann"}]},"geo.placename":"Berlin","geo.region":"Deutschland"},"_links":{"self":[{"href":"https:\/\/hoerakustik-lehmann.de\/cl\/wp-json\/wp\/v2\/pages\/1096"}],"collection":[{"href":"https:\/\/hoerakustik-lehmann.de\/cl\/wp-json\/wp\/v2\/pages"}],"about":[{"href":"https:\/\/hoerakustik-lehmann.de\/cl\/wp-json\/wp\/v2\/types\/page"}],"author":[{"embeddable":true,"href":"https:\/\/hoerakustik-lehmann.de\/cl\/wp-json\/wp\/v2\/users\/1"}],"replies":[{"embeddable":true,"href":"https:\/\/hoerakustik-lehmann.de\/cl\/wp-json\/wp\/v2\/comments?post=1096"}],"version-history":[{"count":17,"href":"https:\/\/hoerakustik-lehmann.de\/cl\/wp-json\/wp\/v2\/pages\/1096\/revisions"}],"predecessor-version":[{"id":1337,"href":"https:\/\/hoerakustik-lehmann.de\/cl\/wp-json\/wp\/v2\/pages\/1096\/revisions\/1337"}],"wp:attachment":[{"href":"https:\/\/hoerakustik-lehmann.de\/cl\/wp-json\/wp\/v2\/media?parent=1096"}],"curies":[{"name":"wp","href":"https:\/\/api.w.org\/{rel}","templated":true}]}}